{"id":30788,"date":"2015-01-22T10:07:40","date_gmt":"2015-01-22T09:07:40","guid":{"rendered":"https:\/\/ventesengros.fr\/?post_type=product&#038;p=30788"},"modified":"2022-06-30T23:21:20","modified_gmt":"2022-06-30T22:21:20","slug":"savon-noir-largan-en-vrac","status":"publish","type":"product","link":"https:\/\/ventesengros.fr\/it\/grossiste\/sapone-largo-allingrosso-2\/","title":{"rendered":"Sapone nero di argan sfuso"},"content":{"rendered":"<p>Il sapone nero \u00e8 una soluzione detergente naturale a base di olive nere schiacciate e macerate. Piacevolmente delicato e profumato, questo cosmetico di punta viene utilizzato per la cura della pelle negli hammam. Tuttavia, \u00e8 un prodotto per la casa, consigliato una volta alla settimana per lo scrub del corpo. Continuate a leggere per scoprire i benefici di un sapone eccellente per la salute del corpo.<\/p>\n<h2><b><span class=\"Apple-converted-space\">\u00a0<\/span>Il sapone nero: un esfoliante straordinario<span class=\"Apple-converted-space\">\u00a0<\/span><\/b><\/h2>\n<p><span class=\"Apple-converted-space\">Questo<\/span>\u00a0Il sapone si presenta sotto forma di pasta che si spalma sul corpo e si strofina energicamente. Pu\u00f2 sembrare che faccia un po' di schiuma. Tuttavia, questo sapone naturale purifica il corpo e rigenera la pelle. Infatti, l'uso di questo esfoliante \u00e8 diverso da quello del sapone tradizionale. Il suo ruolo essenziale \u00e8 quello di rimuovere le cellule morte e ricostruire l'epidermide. Attenzione quindi alle pelli sensibili. Il metodo di utilizzo \u00e8 molto diverso dal semplice sfregamento sul corpo. L'uso del sapone nero sar\u00e0 una sorpresa per molti. Ma \u00e8 il risultato finale che render\u00e0 la vostra pelle sublime.<\/p>\n<h3><b>Le <a href=\"https:\/\/manelya.com\/produit\/gant-kessa\/\" rel=\"noopener\">guanto kessa<\/a>\u00a0un passaggio obbligato<\/b><\/h3>\n<p><span class=\"Apple-converted-space\">\u00a0<\/span>Sebbene il suo profumo sia dolce, l'uso del sapone nero rimuove le cellule morte dal corpo ed esercita un effetto idratante. Il modo migliore per usarlo \u00e8 risciacquare con acqua calda. In questo modo si aprono i pori della pelle. Spargendo il sapone nero sul corpo, il guanto ruvido detto \u00abkessa\u00bb eserciter\u00e0 semplicemente l'azione di sfregamento. Per chi non \u00e8 abituato, i movimenti ripetitivi sono talvolta dolorosi. Tuttavia, il trattamento con il sapone nero \u00e8 semplicemente una questione di routine. Con la pratica, il guanto di crine<span class=\"Apple-converted-space\">\u00a0 <\/span>finir\u00e0 per diventare un accessorio ordinario per voi. Il risultato finale vi dar\u00e0 sensazioni, piacere e desiderio di continuare questo trattamento nel tempo.<\/p>","protected":false},"excerpt":{"rendered":"<p>Foto non contrattuale<\/p>\n<p>Tutti i nostri prodotti sono disponibili in white label (<a href=\"https:\/\/ventesengros.fr\/it\/contatto-2\/\"><strong>su richiesta<\/strong><\/a>)<\/p>\n<p>Prezzo decrescente su 10 lotti di sconto di 10% (<a href=\"https:\/\/ventesengros.fr\/it\/contatto-2\/\"><strong>sulla quotazione<\/strong><\/a>)<\/p>","protected":false},"featured_media":30794,"template":"","meta":[],"product_brand":[],"product_cat":[59,200],"product_tag":[258,974,688,729],"class_list":{"0":"post-30788","1":"product","2":"type-product","3":"status-publish","4":"has-post-thumbnail","6":"product_cat-soin-et-bien-etre","7":"product_cat-savon-soin-et-bien-etre","8":"product_tag-en-gros","9":"product_tag-grossiste","10":"product_tag-maroc","11":"product_tag-savon-noir-a-largan-en-vrac","12":"pa_lot-158","13":"pa_lot-2-lots-economisez-14e","14":"pa_lot-2-lots-economisez-24-euros","15":"pa_lot-159","16":"pa_lot-3-lots-economisez-108-euros","18":"first","19":"instock","20":"shipping-taxable","21":"purchasable","22":"product-type-variable"},"_links":{"self":[{"href":"https:\/\/ventesengros.fr\/it\/wp-json\/wp\/v2\/product\/30788","targetHints":{"allow":["GET"]}}],"collection":[{"href":"https:\/\/ventesengros.fr\/it\/wp-json\/wp\/v2\/product"}],"about":[{"href":"https:\/\/ventesengros.fr\/it\/wp-json\/wp\/v2\/types\/product"}],"wp:featuredmedia":[{"embeddable":true,"href":"https:\/\/ventesengros.fr\/it\/wp-json\/wp\/v2\/media\/30794"}],"wp:attachment":[{"href":"https:\/\/ventesengros.fr\/it\/wp-json\/wp\/v2\/media?parent=30788"}],"wp:term":[{"taxonomy":"product_brand","embeddable":true,"href":"https:\/\/ventesengros.fr\/it\/wp-json\/wp\/v2\/product_brand?post=30788"},{"taxonomy":"product_cat","embeddable":true,"href":"https:\/\/ventesengros.fr\/it\/wp-json\/wp\/v2\/product_cat?post=30788"},{"taxonomy":"product_tag","embeddable":true,"href":"https:\/\/ventesengros.fr\/it\/wp-json\/wp\/v2\/product_tag?post=30788"}],"curies":[{"name":"wp","href":"https:\/\/api.w.org\/{rel}","templated":true}]}}