{"id":30554,"date":"2014-12-24T09:49:03","date_gmt":"2014-12-24T08:49:03","guid":{"rendered":"https:\/\/ventesengros.fr\/?post_type=product&#038;p=30554"},"modified":"2026-01-23T18:40:08","modified_gmt":"2026-01-23T17:40:08","slug":"feuille-de-sidr","status":"publish","type":"product","link":"https:\/\/ventesengros.fr\/it\/grossiste\/foglio-sidr\/","title":{"rendered":"Foglie di giuggiole (al chilo o in bustine da 100 g)"},"content":{"rendered":"<p>Le foglie di sidr sono foglie spinose dell'albero del giuggiolo. Questo albero, diffuso nel Mediterraneo e nei Paesi arabi, ha molti benefici nella cultura orientale. Ricche di proteine e oligoelementi (calcio, magnesio e ferro). Sono utilizzate come rimedio per rivitalizzare l'anima e lo spirito.<\/p>\n<h2><b>La foglia di Sidr, una pianta utile per la Roqyah<\/b><\/h2>\n<p>Nella cultura musulmana, la foglia di sidr viene utilizzata principalmente per trattare problemi legati alla stregoneria o al malocchio. Ed \u00e8 certamente questa funzione che sta portando le vendite di foglie di giuggiolo alle stelle.<\/p>\n<p>Per trattare questi disturbi, si usa aggiungere sette foglie di giuggiolo all'acqua. La miscela va poi lasciata riposare per un'ora abbondante. In seguito, la recita di alcuni versetti coranici, seguita da un sorso e dal lavaggio del corpo, si dice abbia notevoli effetti disincantanti.<\/p>\n<p><span class=\"Apple-converted-space\">\u00a0<\/span>Questo \u00e8 esattamente ci\u00f2 che ci hanno detto alcuni dei nostri clienti. <a href=\"https:\/\/ventesengros.fr\/it\/\"><strong>negozio online all'ingrosso<\/strong><\/a>.<\/p>\n<h2><b>Uso benefico nei cosmetici<\/b><\/h2>\n<p><span class=\"Apple-converted-space\">\u00a0<\/span>La maggior parte delle persone conosce l'uso cosmetico delle foglie di sidr. Mescolate con acqua, vengono utilizzate per curare i capelli colorati e mantenerne il colore. Questo rimedio \u00e8 utilizzato dalle persone che tradizionalmente usano l'henn\u00e9. Per le sue qualit\u00e0 detergenti e astringenti. Riequilibra il cuoio capelluto e riduce visibilmente la comparsa della forfora.<\/p>\n<p><span class=\"Apple-converted-space\">\u00a0<\/span>La foglia di sidr riduce anche il prurito alla testa. Le sue propriet\u00e0 lenitive aiutano a prevenire il grattamento intenso.<\/p>\n<p>Ridotto in polvere e utilizzato in forma di pasta, il <a href=\"https:\/\/www.huiles-de-ricin.com\/produit\/feuille-de-jujubier\/\" target=\"_blank\" rel=\"noopener noreferrer\"><strong>foglia di giuggiolo<\/strong><\/a> \u00e8 utile per trattare i problemi della pelle. Applicata come maschera, si ritiene che riduca gli effetti indesiderati di acne, eczema e psoriasi, oltre a ridurre il rischio di cancro della pelle. <a href=\"https:\/\/www.miel-store.com\/p\/miel-de-jujubier-sidr-maliki-du-yemen\" target=\"_blank\" rel=\"noopener\"><strong>Miele di giuggiolo dello Yemen<\/strong><\/a>\u00a0!<\/p>\n<p><span class=\"Apple-converted-space\">\u00a0<\/span>Le foglie di giuggiolo sono quindi un rimedio naturale da non trascurare.<\/p>\n<p>Foto non contrattuale<\/p>","protected":false},"excerpt":{"rendered":"<p>Suggeriamo le foglie di giuggiolo\u00a0<span style=\"color: #0000ff;\"><strong>venduto al chilo o in sacchetti da 100g in confezioni da 12<\/strong><\/span>.<\/p>\n<p><span style=\"color: #000000;\"><strong>Prezzi del tapering.<\/strong><\/span><\/p>\n<ul>\n<li><b>Prezzo al chilo :<\/b>\u00a0<span style=\"color: #ff0000;\"><strong>8,35\u20ac<\/strong><\/span><\/li>\n<li><b>Prezzo per sacco :<\/b>\u00a0<strong><span style=\"color: #ff0000;\">0,95\u20ac<\/span><\/strong><\/li>\n<\/ul>\n<p><span style=\"color: #ff0000;\"><b>Per pi\u00f9 di 3 lotti, scegliere una quantit\u00e0 nel carrello.<\/b><\/span><\/p>\n<p>Ricevere uno sconto di 10% per ordini superiori a 10 lotti (<span style=\"color: #ff0000;\"><a style=\"color: #ff0000;\" href=\"https:\/\/ventesengros.fr\/it\/contatto-2\/\"><strong>contattateci<\/strong><\/a><\/span>).<\/p>","protected":false},"featured_media":37977,"template":"","meta":[],"product_brand":[],"product_cat":[59,285,360,1372],"product_tag":[258,701,974],"class_list":{"0":"post-30554","1":"product","2":"type-product","3":"status-publish","4":"has-post-thumbnail","6":"product_cat-soin-et-bien-etre","7":"product_cat-autres","8":"product_cat-produit-naturel-en-vrac","9":"product_cat-roqya","10":"product_tag-en-gros","11":"product_tag-feuille-de-sidr","12":"product_tag-grossiste","14":"first","15":"instock","16":"shipping-taxable","17":"purchasable","18":"product-type-variable"},"_links":{"self":[{"href":"https:\/\/ventesengros.fr\/it\/wp-json\/wp\/v2\/product\/30554","targetHints":{"allow":["GET"]}}],"collection":[{"href":"https:\/\/ventesengros.fr\/it\/wp-json\/wp\/v2\/product"}],"about":[{"href":"https:\/\/ventesengros.fr\/it\/wp-json\/wp\/v2\/types\/product"}],"wp:featuredmedia":[{"embeddable":true,"href":"https:\/\/ventesengros.fr\/it\/wp-json\/wp\/v2\/media\/37977"}],"wp:attachment":[{"href":"https:\/\/ventesengros.fr\/it\/wp-json\/wp\/v2\/media?parent=30554"}],"wp:term":[{"taxonomy":"product_brand","embeddable":true,"href":"https:\/\/ventesengros.fr\/it\/wp-json\/wp\/v2\/product_brand?post=30554"},{"taxonomy":"product_cat","embeddable":true,"href":"https:\/\/ventesengros.fr\/it\/wp-json\/wp\/v2\/product_cat?post=30554"},{"taxonomy":"product_tag","embeddable":true,"href":"https:\/\/ventesengros.fr\/it\/wp-json\/wp\/v2\/product_tag?post=30554"}],"curies":[{"name":"wp","href":"https:\/\/api.w.org\/{rel}","templated":true}]}}