{"id":29657,"date":"2014-08-22T00:05:52","date_gmt":"2014-08-21T23:05:52","guid":{"rendered":"http:\/\/pietra-communication.com\/ventesengros.fr\/?post_type=product&#038;p=29657"},"modified":"2025-04-16T09:45:30","modified_gmt":"2025-04-16T08:45:30","slug":"siwak-gout-menthe","status":"publish","type":"product","link":"https:\/\/ventesengros.fr\/it\/grossiste\/aroma-di-menta-siwak-2\/","title":{"rendered":"Siwak al gusto di menta - Confezione da 20 siwak"},"content":{"rendered":"<p>Siwak alla menta<\/p>\n<p>&nbsp;<\/p>\n<p><strong>Siwak<\/strong>, conosciuto anche come <strong>souak<\/strong>, <strong>miswak<\/strong> o anche <strong>bastone arak<\/strong>, \u00e8 un ramo di un piccolo albero chiamato <em>salavadora persica. <\/em>Ampiamente utilizzato dalle popolazioni del Medio Oriente, il siwak \u00e8 particolarmente apprezzato dai musulmani di tutto il mondo, poich\u00e9 il Profeta Maometto ne ha esaltato le numerose virt\u00f9 nella sua Sunnah.<\/p>\n<p>Pu\u00f2 essere utilizzato come spazzolino naturale: basta strofinarlo sui denti per rimuovere la placca che si forma quando si mangia o si beve. Il siwak \u00e8 utile per rafforzare le gengive, protegge dal calcare e, secondo alcune ricerche, la sostanza che contiene aiuta a digerire meglio il cibo. A lungo termine, il siwak \u00e8 anche un ottimo modo per sbiancare i denti senza l'uso di sostanze chimiche, in modo molto semplice ed economico.<\/p>\n<p>Il tuo <strong>grossista<\/strong> online <strong>Grossista Oriente<\/strong> da <strong>Marocco <\/strong>vi offre in vendita <strong>alla rinfusa<\/strong> da <strong>aroma di menta di siwaks<\/strong> venduto da <strong>set da 20<\/strong> 6,00, cio\u00e8 0,30 euro l'uno, o 0,26 euro l'uno per 3 o pi\u00f9 set acquistati.<\/p>\n<p>Il prezzo di vendita consigliato per questo prodotto \u00e8 compreso tra 1,00 e 2,00 euro, a seconda dei prezzi di mercato attuali.<\/p>\n<p>Il <strong>sewak Al Aqsa<\/strong> sono di altissima qualit\u00e0 e il loro sapore di menta fa s\u00ec che l'utente conservi un piacevole gusto in bocca dopo ogni utilizzo. Il <strong>siwek <\/strong>ha un sapore naturale piuttosto insolito che alcune persone non apprezzano molto, quindi l'aroma di menta di questo prodotto rimedier\u00e0 al gusto che potrebbe sembrare sgradevole ad alcuni.<\/p>\n<p>Le <strong>aroma di menta siwak<\/strong> \u00e8 conservato in una confezione totalmente ermetica per preservarne tutta la freschezza e il sapore. Sul nostro sito web \u00e8 possibile trovare diversi formati di questo prodotto.<\/p>\n<p>Non esitate a contattare il nostro servizio clienti se desiderate ulteriori informazioni su questo o altri prodotti disponibili sul nostro sito.<\/p>","protected":false},"excerpt":{"rendered":"<p>Vi offriamo questi<strong>\u00a0Sapore di menta Siwak<\/strong><strong>\u00a0<\/strong>venduto in confezioni da 20 pezzi.<\/p>\n<p>Prezzo al pubblico consigliato: 1,50-2,00 euro.<\/p>\n<p>1 lotto : <span style=\"color: #0ad227;\">0,69\/pezzo X 20 = 13,80 euro<\/span><\/p>\n<p>&nbsp;<\/p>","protected":false},"featured_media":36858,"template":"","meta":[],"product_brand":[],"product_cat":[297,59],"product_tag":[258,974,641],"class_list":{"0":"post-29657","1":"product","2":"type-product","3":"status-publish","4":"has-post-thumbnail","6":"product_cat-siwak-siwakdentifrice","7":"product_cat-soin-et-bien-etre","8":"product_tag-en-gros","9":"product_tag-grossiste","10":"product_tag-siwak-gout-menthe","11":"pa_lot-158","12":"pa_lot-160","13":"pa_lot-159","15":"first","16":"instock","17":"shipping-taxable","18":"purchasable","19":"product-type-simple"},"_links":{"self":[{"href":"https:\/\/ventesengros.fr\/it\/wp-json\/wp\/v2\/product\/29657","targetHints":{"allow":["GET"]}}],"collection":[{"href":"https:\/\/ventesengros.fr\/it\/wp-json\/wp\/v2\/product"}],"about":[{"href":"https:\/\/ventesengros.fr\/it\/wp-json\/wp\/v2\/types\/product"}],"wp:featuredmedia":[{"embeddable":true,"href":"https:\/\/ventesengros.fr\/it\/wp-json\/wp\/v2\/media\/36858"}],"wp:attachment":[{"href":"https:\/\/ventesengros.fr\/it\/wp-json\/wp\/v2\/media?parent=29657"}],"wp:term":[{"taxonomy":"product_brand","embeddable":true,"href":"https:\/\/ventesengros.fr\/it\/wp-json\/wp\/v2\/product_brand?post=29657"},{"taxonomy":"product_cat","embeddable":true,"href":"https:\/\/ventesengros.fr\/it\/wp-json\/wp\/v2\/product_cat?post=29657"},{"taxonomy":"product_tag","embeddable":true,"href":"https:\/\/ventesengros.fr\/it\/wp-json\/wp\/v2\/product_tag?post=29657"}],"curies":[{"name":"wp","href":"https:\/\/api.w.org\/{rel}","templated":true}]}}