{"id":1962,"date":"2014-04-06T15:40:37","date_gmt":"2014-04-06T14:40:37","guid":{"rendered":"http:\/\/pietra-communication.com\/ventesengros.fr\/?post_type=product&#038;p=1962"},"modified":"2025-09-08T15:23:20","modified_gmt":"2025-09-08T14:23:20","slug":"huile-damende-douce-bio-pur-30ml","status":"publish","type":"product","link":"https:\/\/ventesengros.fr\/it\/grossiste\/olio-puro-biologico-di-damende-douce-30ml-2\/","title":{"rendered":"Olio di mandorle dolci 30ml (Set di 12)"},"content":{"rendered":"<h3><strong>Olio di mandorle dolci 30mL <\/strong>Venduto in confezioni da 12<\/h3>\n<h2><span style=\"color: #ff0000;\">\u00a0<\/span><strong>Propriet\u00e0:<\/strong><\/h2>\n<p>L'olio di mandorle dolci pu\u00f2 essere applicato sia sulla pelle secca che su quella grassa. \u00c8 molto delicato e viene spesso utilizzato sulla pelle dei bambini, quindi \u00e8 adatto alla pelle danneggiata senza controindicazioni.<\/p>\n<p>Questo olio\u00a0<strong>bio<\/strong>\u00a0viene utilizzato nei seguenti casi:<\/p>\n<p>1) Il miglior olio per fortificare le ciglia<\/p>\n<p>2) Illumina la pelle<\/p>\n<p>3) Nutrire i capelli<\/p>\n<p>4) Stitichezza<\/p>\n<p>5) Attiva la circolazione sanguigna...<\/p>\n<p>&nbsp;<\/p>\n<p>&nbsp;<\/p>","protected":false},"excerpt":{"rendered":"<p>Offriamo questo olio di mandorle dolci in <strong><span style=\"color: #0000ff;\">bottiglia di 12 flaconi da 30 ml. <\/span><\/strong><\/p>\n<p><b>Prezzo del flacone da 30 ml <span class=\"Apple-converted-space\">\u00a0 <\/span>:<\/b>\u00a0<strong><span style=\"color: #ff0000;\">1,05<\/span><\/strong><strong><span style=\"color: #ff0000;\">\u20ac<\/span><\/strong><\/p>","protected":false},"featured_media":75657,"template":"","meta":[],"product_brand":[],"product_cat":[59,201,606],"product_tag":[97,973,110,111,105,972,83],"class_list":{"0":"post-1962","1":"product","2":"type-product","3":"status-publish","4":"has-post-thumbnail","6":"product_cat-soin-et-bien-etre","7":"product_cat-huiles-soin-et-bien-etre","8":"product_cat-vrac-par-litre","9":"product_tag-30ml","10":"product_tag-bio","11":"product_tag-damende","12":"product_tag-douce","13":"product_tag-gros","14":"product_tag-huile","15":"product_tag-pur","16":"pa_lot-158","17":"pa_lot-160","18":"pa_lot-159","20":"first","21":"instock","22":"shipping-taxable","23":"purchasable","24":"product-type-simple"},"_links":{"self":[{"href":"https:\/\/ventesengros.fr\/it\/wp-json\/wp\/v2\/product\/1962","targetHints":{"allow":["GET"]}}],"collection":[{"href":"https:\/\/ventesengros.fr\/it\/wp-json\/wp\/v2\/product"}],"about":[{"href":"https:\/\/ventesengros.fr\/it\/wp-json\/wp\/v2\/types\/product"}],"wp:featuredmedia":[{"embeddable":true,"href":"https:\/\/ventesengros.fr\/it\/wp-json\/wp\/v2\/media\/75657"}],"wp:attachment":[{"href":"https:\/\/ventesengros.fr\/it\/wp-json\/wp\/v2\/media?parent=1962"}],"wp:term":[{"taxonomy":"product_brand","embeddable":true,"href":"https:\/\/ventesengros.fr\/it\/wp-json\/wp\/v2\/product_brand?post=1962"},{"taxonomy":"product_cat","embeddable":true,"href":"https:\/\/ventesengros.fr\/it\/wp-json\/wp\/v2\/product_cat?post=1962"},{"taxonomy":"product_tag","embeddable":true,"href":"https:\/\/ventesengros.fr\/it\/wp-json\/wp\/v2\/product_tag?post=1962"}],"curies":[{"name":"wp","href":"https:\/\/api.w.org\/{rel}","templated":true}]}}