{"id":36829,"date":"2018-05-12T16:17:10","date_gmt":"2018-05-12T15:17:10","guid":{"rendered":"https:\/\/ventesengros.fr\/?page_id=36829"},"modified":"2023-08-02T17:42:16","modified_gmt":"2023-08-02T16:42:16","slug":"mentions-legales","status":"publish","type":"page","link":"https:\/\/ventesengros.fr\/it\/informazioni-legali-2\/","title":{"rendered":"Informazioni legali"},"content":{"rendered":"<p>Il sito VentesEnGos.fr \u00e8 un fornitore di servizi con sede in MAROCCO, di propriet\u00e0 della societ\u00e0 DILITEK Sarl, che mette in contatto acquirenti e fornitori, tutte le scorte e rese disponibili presso i logisti senza filiali presenti in Francia.<\/p>","protected":false},"excerpt":{"rendered":"<p>Il sito VentesEnGos.fr \u00e8 un fornitore di servizi con sede in MAROCCO, di propriet\u00e0 della societ\u00e0 DILITEK Sarl, che mette in contatto acquirenti e fornitori, tutte le scorte e rese disponibili presso i logisti senza filiali presenti in Francia.<\/p>","protected":false},"author":1,"featured_media":0,"parent":0,"menu_order":0,"comment_status":"closed","ping_status":"closed","template":"","meta":{"footnotes":""},"class_list":["post-36829","page","type-page","status-publish","hentry"],"_links":{"self":[{"href":"https:\/\/ventesengros.fr\/it\/wp-json\/wp\/v2\/pages\/36829","targetHints":{"allow":["GET"]}}],"collection":[{"href":"https:\/\/ventesengros.fr\/it\/wp-json\/wp\/v2\/pages"}],"about":[{"href":"https:\/\/ventesengros.fr\/it\/wp-json\/wp\/v2\/types\/page"}],"author":[{"embeddable":true,"href":"https:\/\/ventesengros.fr\/it\/wp-json\/wp\/v2\/users\/1"}],"replies":[{"embeddable":true,"href":"https:\/\/ventesengros.fr\/it\/wp-json\/wp\/v2\/comments?post=36829"}],"version-history":[{"count":3,"href":"https:\/\/ventesengros.fr\/it\/wp-json\/wp\/v2\/pages\/36829\/revisions"}],"predecessor-version":[{"id":53717,"href":"https:\/\/ventesengros.fr\/it\/wp-json\/wp\/v2\/pages\/36829\/revisions\/53717"}],"wp:attachment":[{"href":"https:\/\/ventesengros.fr\/it\/wp-json\/wp\/v2\/media?parent=36829"}],"curies":[{"name":"wp","href":"https:\/\/api.w.org\/{rel}","templated":true}]}}