{"id":81472,"date":"2026-04-29T12:15:19","date_gmt":"2026-04-29T11:15:19","guid":{"rendered":"https:\/\/ventesengros.fr\/?post_type=product&#038;p=81472"},"modified":"2026-04-29T12:15:57","modified_gmt":"2026-04-29T11:15:57","slug":"lait-de-chamelle-en-poudre-en-gros","status":"publish","type":"product","link":"https:\/\/ventesengros.fr\/es\/grossiste\/leche-de-camella-en-polvo-al-por-mayor\/","title":{"rendered":"Leche de camello en polvo al por mayor"},"content":{"rendered":"<p>Le&nbsp;<strong>leche de camella en polvo al por mayor<\/strong> se dirige a los profesionales que desean ofrecer un producto original, pr\u00e1ctico de almacenar y apreciado en el mundo de la alimentaci\u00f3n natural. Gracias a su formato seco, ofrece una soluci\u00f3n sencilla para la compra, el almacenamiento y la reventa, especialmente para tiendas delicatessen, tiendas orientales, tiendas ecol\u00f3gicas, tiendas de concepto alimentario, minoristas de comercio electr\u00f3nico y mayoristas especializados.<\/p>\n<p>En Ventes en Gros, trabajamos con profesionales que buscan el producto adecuado. <strong>mayorista de leche de camella en polvo<\/strong> con una gama dise\u00f1ada para compras a granel, necesidades peri\u00f3dicas y proyectos de distribuci\u00f3n. El producto puede ofrecerse a granel, por kilos o en envases adaptados a las necesidades del mercado.<\/p>\n<h2>Comprar leche de camella en polvo por kilos<\/h2>\n<p>L'<strong>compra de leche de camella en polvo por kilo<\/strong> es una soluci\u00f3n interesante para los minoristas que desean controlar sus costes, probar una nueva gama o constituir un stock flexible. El formato kilo puede utilizarse para diversos fines profesionales: reenvasado, venta en tienda, creaci\u00f3n de envases de descubrimiento o integraci\u00f3n en una oferta de alimentos premium.<\/p>\n<p>Este tipo de producto atrae a una clientela curiosa, sensible a los productos tradicionales y a las alternativas alimentarias de Oriente Medio, el norte de \u00c1frica o las regiones des\u00e9rticas. Su forma en polvo facilita su conservaci\u00f3n y reduce las limitaciones log\u00edsticas asociadas a los productos l\u00edquidos.<\/p>\n<h2>Leche de camella en polvo al por mayor para profesionales<\/h2>\n<p>Como profesional, encontrar un <strong>mayorista de leche de camella en polvo<\/strong> Es una fuente de suministro fiable que le permite ofrecer un producto diferenciado. La leche de camello en polvo es un complemento perfecto para una gama de productos naturales, comestibles orientales, superalimentos, alimentos en polvo o productos premium con un alto valor percibido.<\/p>\n<p>La demanda de este tipo de productos est\u00e1 a\u00fan poco explotada en algunos mercados franc\u00f3fonos. Ah\u00ed es precisamente donde hay una carta que jugar: ofrecer una referencia rara, bien presentada, con un posicionamiento claro y una ficha de producto tranquilizadora. No hace falta hablar de milagros: el producto es suficientemente intrigante por s\u00ed solo.<\/p>\n<h2>\u00bfPor qu\u00e9 ofrecen leche de camella en polvo en su cat\u00e1logo?<\/h2>\n<p>La leche de camella en polvo presenta una serie de ventajas para los profesionales. Es m\u00e1s f\u00e1cil de transportar que la leche l\u00edquida, m\u00e1s f\u00e1cil de almacenar y m\u00e1s pr\u00e1ctica de integrar en una estrategia de venta en l\u00ednea o en una tienda f\u00edsica. Su formato en polvo tambi\u00e9n permite procesar mayores vol\u00famenes, reduciendo al mismo tiempo ciertas limitaciones de almacenamiento.<\/p>\n<p>Para un minorista, es un producto capaz de enriquecer una gama con una referencia distintiva. Puede promocionarse entre clientes interesados en productos alimenticios originales, tradiciones n\u00f3madas, productos del desierto o ingredientes de primera calidad poco habituales.<\/p>\n<h2>Una gama adaptada a los comercios especializados<\/h2>\n<p>Nuestra gama de <strong>leche de camella en polvo al por mayor<\/strong> se dirige a los profesionales que buscan un producto con gran potencial de ventas. Ya sea una tienda de alimentaci\u00f3n, un minorista en l\u00ednea, un ultramarinos oriental o un distribuidor, comprar a granel permite construir un margen m\u00e1s holgado y satisfacer una demanda espec\u00edfica.<\/p>\n<p>La leche de camella en polvo tambi\u00e9n puede combinarse con otros productos de fuerte identidad culinaria. Para desarrollar su gama, tambi\u00e9n puede descubrir nuestra oferta de <a href=\"https:\/\/ventesengros.fr\/es\/grossiste\/sellou-marroqui-al-por-mayor\/\">Sellou marroqu\u00ed al por mayor<\/a>, Una referencia tradicional y muy apreciada en el mundo de los productos marroqu\u00edes y orientales.<\/p>\n<h2>Leche de camella en polvo: un producto diferenciador para los mayoristas<\/h2>\n<p>En un mercado en el que muchas tiendas ofrecen los mismos productos, el <strong>leche de camella en polvo por kilo<\/strong> le permite destacar entre la multitud. Es un punto de referencia que llama la atenci\u00f3n, realza la profundidad de una gama y puede reforzar el posicionamiento premium de una tienda.<\/p>\n<p>Para una estrategia de comercio electr\u00f3nico, este producto puede desarrollarse con contenidos educativos, fichas descriptivas claras, elementos visuales sobrios y un argumento de venta centrado en su origen, practicidad, formato en polvo y compra profesional. El objetivo es sencillo: tranquilizar, explicar y convertir.<\/p>\n<h2>Pedidos seguros en l\u00ednea<\/h2>\n<p>Quieres comprar <strong>leche de camella en polvo al por mayor<\/strong> \u00bfo recibir una oferta para una compra por kilos? Ventes en Gros ofrece soluciones adaptadas a los profesionales que desean desarrollar su cat\u00e1logo con productos alimentarios originales y diferenciadores.<\/p>\n<p>Si tiene alguna duda sobre precios, cantidades o envases, p\u00f3ngase en contacto con nosotros para recibir una propuesta adaptada a las necesidades de su empresa.<\/p>\n<h2>FAQ - Leche de camello en polvo al por mayor<\/h2>\n<div itemscope=\"\" itemtype=\"https:\/\/schema.org\/FAQPage\">\n<div itemprop=\"mainEntity\" itemscope=\"\" itemtype=\"https:\/\/schema.org\/Question\">\n<h3 itemprop=\"name\">\u00bfPuedo comprar leche de camella en polvo por kilos?<\/h3>\n<div itemprop=\"acceptedAnswer\" itemscope=\"\" itemtype=\"https:\/\/schema.org\/Answer\">\n<p itemprop=\"text\">S\u00ed, la compra de leche de camella en polvo por kilos es posible para los profesionales, en funci\u00f3n de la disponibilidad, los vol\u00famenes requeridos y las necesidades de envasado.<\/p>\n<\/div>\n<\/div>\n<div itemprop=\"mainEntity\" itemscope=\"\" itemtype=\"https:\/\/schema.org\/Question\">\n<h3 itemprop=\"name\">\u00bfA qui\u00e9n est\u00e1 destinada la leche de camella en polvo?<\/h3>\n<div itemprop=\"acceptedAnswer\" itemscope=\"\" itemtype=\"https:\/\/schema.org\/Answer\">\n<p itemprop=\"text\">La leche de camella en polvo al por mayor est\u00e1 dirigida a tiendas de comestibles orientales, tiendas ecol\u00f3gicas, minoristas de comercio electr\u00f3nico, mayoristas de alimentaci\u00f3n, concept stores y profesionales que deseen ofrecer un producto original en su cat\u00e1logo.<\/p>\n<\/div>\n<\/div>\n<div itemprop=\"mainEntity\" itemscope=\"\" itemtype=\"https:\/\/schema.org\/Question\">\n<h3 itemprop=\"name\">\u00bfPor qu\u00e9 elegir un mayorista de leche de camella en polvo?<\/h3>\n<div itemprop=\"acceptedAnswer\" itemscope=\"\" itemtype=\"https:\/\/schema.org\/Answer\">\n<p itemprop=\"text\">Acudir a un mayorista le permite comprar en cantidad, optimizar los costes de suministro y disponer de un producto apto para la reventa profesional.<\/p>\n<\/div>\n<\/div>\n<div itemprop=\"mainEntity\" itemscope=\"\" itemtype=\"https:\/\/schema.org\/Question\">\n<h3 itemprop=\"name\">\u00bfEs pr\u00e1ctica la leche de camella en polvo para la reventa?<\/h3>\n<div itemprop=\"acceptedAnswer\" itemscope=\"\" itemtype=\"https:\/\/schema.org\/Answer\">\n<p itemprop=\"text\">S\u00ed, su formato en polvo facilita el almacenamiento, el transporte y la gesti\u00f3n de vol\u00famenes, lo que lo convierte en una opci\u00f3n pr\u00e1ctica para tiendas y minoristas.<\/p>\n<\/div>\n<\/div>\n<\/div>","protected":false},"excerpt":{"rendered":"<p><strong>Caracter\u00edsticas :<\/strong><\/p>\n<ul>\n<li><strong>Origen<\/strong> Emiratos \u00c1rabes Unidos.<\/li>\n<li><strong>Capacidad<\/strong> Bolsa de 100 g - 1 kilo.<\/li>\n<\/ul>","protected":false},"featured_media":81474,"template":"","meta":[],"product_brand":[],"product_cat":[206,1571],"product_tag":[],"class_list":{"0":"post-81472","1":"product","2":"type-product","3":"status-publish","4":"has-post-thumbnail","6":"product_cat-alimentation","7":"product_cat-grossiste-produits-nabaty","9":"first","10":"instock","11":"shipping-taxable","12":"purchasable","13":"product-type-variable","14":"has-default-attributes"},"_links":{"self":[{"href":"https:\/\/ventesengros.fr\/es\/wp-json\/wp\/v2\/product\/81472","targetHints":{"allow":["GET"]}}],"collection":[{"href":"https:\/\/ventesengros.fr\/es\/wp-json\/wp\/v2\/product"}],"about":[{"href":"https:\/\/ventesengros.fr\/es\/wp-json\/wp\/v2\/types\/product"}],"wp:featuredmedia":[{"embeddable":true,"href":"https:\/\/ventesengros.fr\/es\/wp-json\/wp\/v2\/media\/81474"}],"wp:attachment":[{"href":"https:\/\/ventesengros.fr\/es\/wp-json\/wp\/v2\/media?parent=81472"}],"wp:term":[{"taxonomy":"product_brand","embeddable":true,"href":"https:\/\/ventesengros.fr\/es\/wp-json\/wp\/v2\/product_brand?post=81472"},{"taxonomy":"product_cat","embeddable":true,"href":"https:\/\/ventesengros.fr\/es\/wp-json\/wp\/v2\/product_cat?post=81472"},{"taxonomy":"product_tag","embeddable":true,"href":"https:\/\/ventesengros.fr\/es\/wp-json\/wp\/v2\/product_tag?post=81472"}],"curies":[{"name":"wp","href":"https:\/\/api.w.org\/{rel}","templated":true}]}}