{"id":64620,"date":"2024-09-28T10:34:45","date_gmt":"2024-09-28T09:34:45","guid":{"rendered":"https:\/\/ventesengros.fr\/?post_type=product&#038;p=64620"},"modified":"2025-08-29T15:57:07","modified_gmt":"2025-08-29T14:57:07","slug":"huile-de-soufre-en-gros","status":"publish","type":"product","link":"https:\/\/ventesengros.fr\/es\/grossiste\/aceite-de-azufre-al-por-mayor\/","title":{"rendered":"Aceite de azufre al por mayor (paquete de 12 botellas de 30 ml)"},"content":{"rendered":"<p>El aceite de azufre al por mayor es <strong>lo esencial<\/strong> que debe tener en su farmacia natural. De hecho, es el producto de elecci\u00f3n para tratar enfermedades del <strong>piel<\/strong>. Porque tiene propiedades <strong>antibacteriano<\/strong> y <strong>relajante<\/strong>. Para que pueda deshacerse de sus problemas de piel. Sin tener que recurrir a remedios qu\u00edmicos.<\/p>\n<h2><strong>M\u00edmese con aceite de azufre a granel<\/strong><\/h2>\n<p>Si su piel le juega malas pasadas, ha llegado al lugar adecuado. Esta emulsi\u00f3n pondr\u00e1 fin a todas tus preocupaciones. Por ejemplo, <a href=\"https:\/\/www.pause-au-naturelle.com\/produit\/creme-au-soufre\/\" target=\"_blank\" rel=\"noopener\"><strong>alivia el picor<\/strong><\/a>. Esto evitar\u00e1 que se agraven las lesiones cut\u00e1neas. Pero eso no es todo. De hecho, ser\u00e1 tu mejor aliado en la lucha contra las manchas. <strong>marr\u00f3n<\/strong> debido al melasma.<\/p>\n<p>Adem\u00e1s, ayuda eficazmente a detener <strong>drop<\/strong> capilar. Especialmente en caso de infecciones bacterianas o mic\u00f3ticas. De este modo, liberar\u00e1 su cuero cabelludo de todas las afecciones. Y, de este modo, permitir\u00e1 que la fibra <strong>capilar<\/strong> desarrollar.<\/p>\n<h2><strong>Opte por lo mejor con el aceite de azufre al por mayor<\/strong><\/h2>\n<p>El estado oleoso es ideal para preparar <strong>remedios<\/strong>. De hecho, gracias a ella, los ingredientes se mezclar\u00e1n m\u00e1s f\u00e1cilmente que con la leche. <a href=\"https:\/\/ventesengros.fr\/es\/grossiste\/venta-al-por-mayor-de-crema-de-azufre\/\"><strong>crema<\/strong><\/a> o <strong>piezas<\/strong>. Adem\u00e1s, debe saber que la maceraci\u00f3n es el proceso \u00f3ptimo para cosechar el <strong>principios<\/strong> <strong>activos<\/strong> que buscas. Por \u00faltimo, la aplicaci\u00f3n <strong>simple<\/strong>. Y esto se aplica tanto a la piel como al cuero cabelludo.<\/p>\n<h3><strong>Descubra nuestros otros aceites<\/strong><\/h3>\n<p>En Orient Grossiste, nuestro credo es ofrecerle una amplia gama de productos. <strong>natural<\/strong>. Y los aceites est\u00e1n en lo m\u00e1s alto de la escala, especialmente cuando se trata de <strong>bien<\/strong>\u2013<strong>sea<\/strong>. Recomendamos las siguientes mezclas <strong>capilares<\/strong> o para <strong>barba<\/strong>.<\/p>\n<p>Como alternativa, existen macerados v\u00edrgenes. Como el de <strong>Safran<\/strong> perfecto para eliminar los puntos negros. O el <strong>d'akpi<\/strong> que te ayudar\u00e1n a estar guapa y a que tu pelo brille. Pero eso es s\u00f3lo una muestra de la amplia oferta que tienes.<\/p>","protected":false},"excerpt":{"rendered":"<p>Ofrecemos este aceite de azufre en botellas de 30 ml, que se venden en paquetes de 12 botellas.<\/p>\n<p><i><span style=\"color: #ff0000;\">Precio del frasco de 30 ml: 1,05 euros<\/span><\/i><\/p>","protected":false},"featured_media":64621,"template":"","meta":[],"product_brand":[],"product_cat":[201,1556],"product_tag":[],"class_list":{"0":"post-64620","1":"product","2":"type-product","3":"status-publish","4":"has-post-thumbnail","6":"product_cat-huiles-soin-et-bien-etre","7":"product_cat-grossiste-produits-a-base-de-soufre","9":"first","10":"instock","11":"shipping-taxable","12":"purchasable","13":"product-type-simple"},"_links":{"self":[{"href":"https:\/\/ventesengros.fr\/es\/wp-json\/wp\/v2\/product\/64620","targetHints":{"allow":["GET"]}}],"collection":[{"href":"https:\/\/ventesengros.fr\/es\/wp-json\/wp\/v2\/product"}],"about":[{"href":"https:\/\/ventesengros.fr\/es\/wp-json\/wp\/v2\/types\/product"}],"wp:featuredmedia":[{"embeddable":true,"href":"https:\/\/ventesengros.fr\/es\/wp-json\/wp\/v2\/media\/64621"}],"wp:attachment":[{"href":"https:\/\/ventesengros.fr\/es\/wp-json\/wp\/v2\/media?parent=64620"}],"wp:term":[{"taxonomy":"product_brand","embeddable":true,"href":"https:\/\/ventesengros.fr\/es\/wp-json\/wp\/v2\/product_brand?post=64620"},{"taxonomy":"product_cat","embeddable":true,"href":"https:\/\/ventesengros.fr\/es\/wp-json\/wp\/v2\/product_cat?post=64620"},{"taxonomy":"product_tag","embeddable":true,"href":"https:\/\/ventesengros.fr\/es\/wp-json\/wp\/v2\/product_tag?post=64620"}],"curies":[{"name":"wp","href":"https:\/\/api.w.org\/{rel}","templated":true}]}}