{"id":63556,"date":"2024-08-11T19:16:30","date_gmt":"2024-08-11T18:16:30","guid":{"rendered":"https:\/\/ventesengros.fr\/?post_type=product&#038;p=63556"},"modified":"2025-06-04T07:21:27","modified_gmt":"2025-06-04T06:21:27","slug":"savon-noir-au-curcuma","status":"publish","type":"product","link":"https:\/\/ventesengros.fr\/es\/grossiste\/jabon-negro-con-curcuma\/","title":{"rendered":"Jab\u00f3n negro de c\u00farcuma 200 g (paquete de 6 botes)"},"content":{"rendered":"","protected":false},"excerpt":{"rendered":"<div>Ofrecemos jab\u00f3n negro a base de c\u00farcuma. Se vende en paquetes de 6 botes de 200 g.<\/div>\n<div>\n<div><\/div>\n<div><i>Precio unitario: 1,26<\/i><\/div>\n<div><span style=\"color: #ff0000;\"><i><br \/>\n<\/i><\/span>Precio: 7,56 euros \/ 6 tarros<\/div>\n<\/div>","protected":false},"featured_media":63557,"template":"","meta":[],"product_brand":[],"product_cat":[428,200],"product_tag":[],"class_list":{"0":"post-63556","1":"product","2":"type-product","3":"status-publish","4":"has-post-thumbnail","6":"product_cat-savon-noir-produits-du-hammam","7":"product_cat-savon-soin-et-bien-etre","9":"first","10":"instock","11":"shipping-taxable","12":"purchasable","13":"product-type-simple"},"_links":{"self":[{"href":"https:\/\/ventesengros.fr\/es\/wp-json\/wp\/v2\/product\/63556","targetHints":{"allow":["GET"]}}],"collection":[{"href":"https:\/\/ventesengros.fr\/es\/wp-json\/wp\/v2\/product"}],"about":[{"href":"https:\/\/ventesengros.fr\/es\/wp-json\/wp\/v2\/types\/product"}],"wp:featuredmedia":[{"embeddable":true,"href":"https:\/\/ventesengros.fr\/es\/wp-json\/wp\/v2\/media\/63557"}],"wp:attachment":[{"href":"https:\/\/ventesengros.fr\/es\/wp-json\/wp\/v2\/media?parent=63556"}],"wp:term":[{"taxonomy":"product_brand","embeddable":true,"href":"https:\/\/ventesengros.fr\/es\/wp-json\/wp\/v2\/product_brand?post=63556"},{"taxonomy":"product_cat","embeddable":true,"href":"https:\/\/ventesengros.fr\/es\/wp-json\/wp\/v2\/product_cat?post=63556"},{"taxonomy":"product_tag","embeddable":true,"href":"https:\/\/ventesengros.fr\/es\/wp-json\/wp\/v2\/product_tag?post=63556"}],"curies":[{"name":"wp","href":"https:\/\/api.w.org\/{rel}","templated":true}]}}