{"id":59077,"date":"2024-02-27T18:22:36","date_gmt":"2024-02-27T17:22:36","guid":{"rendered":"https:\/\/ventesengros.fr\/?post_type=product&#038;p=59077"},"modified":"2024-02-27T18:23:00","modified_gmt":"2024-02-27T17:23:00","slug":"graines-de-pollen","status":"publish","type":"product","link":"https:\/\/ventesengros.fr\/es\/grossiste\/semillas-de-polen\/","title":{"rendered":"Semillas de polen - 1kg"},"content":{"rendered":"<p>El mundo de\u00a0<strong>semillas de polen<\/strong> es un mundo apasionante que atrae a muchos expertos en productos frescos. Frutas, verduras y otros alimentos a base de polen son apreciados por sus beneficios para la salud y su delicioso sabor. Si es usted un profesional del sector o simplemente siente curiosidad, eche un vistazo a este art\u00edculo dedicado a los mayoristas.<\/p>\n<h2><strong>Abastecimiento de calidad: \u00bfc\u00f3mo elegir a sus proveedores?<\/strong><\/h2>\n<p>La compra de\u00a0<strong>semillas de polen<\/strong>\u00a0para las empresas especializadas en la venta de productos frescos. Existen varios criterios para seleccionar un buen proveedor:<\/p>\n<ul>\n<li><strong>De d\u00f3nde proceden las semillas :<\/strong>\u00a0Es aconsejable dar preferencia a los productores locales para limitar los costes de transporte y apoyar la econom\u00eda local. Adem\u00e1s, as\u00ed se garantiza una trazabilidad completa, para saber de d\u00f3nde proceden las semillas.<\/li>\n<li><strong>Certificaciones :<\/strong>\u00a0Para garantizar la calidad de las semillas, compruebe que el proveedor dispone de certificaci\u00f3n ecol\u00f3gica (AB, Ecocert...).<\/li>\n<li><strong>La variedad de la oferta :<\/strong>\u00a0Un mayorista que ofrece una amplia gama de semillas de polen tiene la ventaja de satisfacer las necesidades espec\u00edficas de cada cliente.<\/li>\n<li><strong>Gesti\u00f3n de existencias :<\/strong>\u00a0Un buen proveedor debe ser capaz de adaptarse a las fluctuaciones del mercado y gestionar eficazmente sus existencias para evitar la escasez de suministros.<\/li>\n<\/ul>\n<h3><strong>Nuevos productos y tendencias en semillas de polen<\/strong><\/h3>\n<p>La demanda de productos de polen fresco aumenta constantemente. Los consumidores buscan siempre nuevos sabores y cualidades nutritivas. Para destacar en este mercado boyante, los mayoristas de semillas de polen deben mantenerse al corriente de las \u00faltimas tendencias e innovaciones para ofrecer los productos adecuados.<\/p>\n<h2><strong>Las m\u00faltiples aplicaciones de las semillas de polen<\/strong><\/h2>\n<p>Adem\u00e1s de su uso principal como complemento alimenticio natural, el\u00a0<strong>semillas de polen<\/strong>\u00a0han encontrado su lugar en diversos campos:<\/p>\n<ul>\n<li><strong>Gastronom\u00eda :<\/strong>\u00a0Estas semillas pueden utilizarse armoniosamente en una amplia gama de recetas, a\u00f1adiendo un toque original y sabroso a los platos preparados.<\/li>\n<li><strong>Bebidas :<\/strong> Algunos fabricantes de zumos de frutas incorporan semillas a sus recetas para aumentar el valor nutritivo de sus productos.<\/li>\n<li><strong>Cosm\u00e9ticos:<\/strong>\u00a0Gracias a su riqueza en vitaminas, minerales y antioxidantes, las semillas de polen tambi\u00e9n son apreciadas en la industria cosm\u00e9tica. Se utilizan en <a href=\"https:\/\/ventesengros.fr\/es\/grossiste\/crema-descargot-hemani\/\"><strong>cremas hidratantes,<\/strong><\/a> cuidado del cabello y b\u00e1lsamos labiales.<\/li>\n<\/ul>\n<h3><strong>El papel de los mayoristas en la valorizaci\u00f3n del polen franc\u00e9s<\/strong><\/h3>\n<p>Por su posici\u00f3n estrat\u00e9gica entre productores y minoristas, el mayorista de semillas de polen tiene un papel que desempe\u00f1ar en la promoci\u00f3n de las semillas procedentes de la apicultura francesa. Al dar prioridad a los productores locales, contribuye a :<\/p>\n<ol>\n<li><strong>Fomento de la econom\u00eda local:<\/strong>\u00a0Al elegir productos procedentes de Francia, los mayoristas contribuyen al desarrollo del sector ap\u00edcola nacional;<\/li>\n<li><strong>Garantizar la trazabilidad:<\/strong> Al trabajar con socios locales, el mayorista de semillas de polen puede garantizar la calidad y el origen de las semillas puestas a la venta;<\/li>\n<li><strong>Limitar el impacto medioambiental:<\/strong>\u00a0Al preferir las fuentes de suministro locales, los clientes reducen las emisiones de gases de efecto invernadero relacionadas con el transporte.<\/li>\n<\/ol>","protected":false},"excerpt":{"rendered":"<p>Le monde des\u00a0graines de pollen est un univers passionnant qui attire de nombreux experts en produits frais. Les fruits, l\u00e9gumes et autres aliments \u00e0 base de pollen sont appr\u00e9ci\u00e9s pour leurs bienfaits sur la sant\u00e9 et leur go\u00fbt savoureux. Si vous \u00eates un professionnel du secteur ou un simple curieux, plongez au c\u0153ur de cet [&#8230;]\n","protected":false},"featured_media":59078,"template":"","meta":[],"product_brand":[],"product_cat":[1495],"product_tag":[],"class_list":{"0":"post-59077","1":"product","2":"type-product","3":"status-publish","4":"has-post-thumbnail","6":"product_cat-vrac","8":"first","9":"instock","10":"shipping-taxable","11":"purchasable","12":"product-type-simple"},"_links":{"self":[{"href":"https:\/\/ventesengros.fr\/es\/wp-json\/wp\/v2\/product\/59077","targetHints":{"allow":["GET"]}}],"collection":[{"href":"https:\/\/ventesengros.fr\/es\/wp-json\/wp\/v2\/product"}],"about":[{"href":"https:\/\/ventesengros.fr\/es\/wp-json\/wp\/v2\/types\/product"}],"wp:featuredmedia":[{"embeddable":true,"href":"https:\/\/ventesengros.fr\/es\/wp-json\/wp\/v2\/media\/59078"}],"wp:attachment":[{"href":"https:\/\/ventesengros.fr\/es\/wp-json\/wp\/v2\/media?parent=59077"}],"wp:term":[{"taxonomy":"product_brand","embeddable":true,"href":"https:\/\/ventesengros.fr\/es\/wp-json\/wp\/v2\/product_brand?post=59077"},{"taxonomy":"product_cat","embeddable":true,"href":"https:\/\/ventesengros.fr\/es\/wp-json\/wp\/v2\/product_cat?post=59077"},{"taxonomy":"product_tag","embeddable":true,"href":"https:\/\/ventesengros.fr\/es\/wp-json\/wp\/v2\/product_tag?post=59077"}],"curies":[{"name":"wp","href":"https:\/\/api.w.org\/{rel}","templated":true}]}}