{"id":57846,"date":"2024-01-16T10:01:13","date_gmt":"2024-01-16T09:01:13","guid":{"rendered":"https:\/\/ventesengros.fr\/?post_type=product&#038;p=57846"},"modified":"2024-11-08T08:47:46","modified_gmt":"2024-11-08T07:47:46","slug":"yara-rose-en-gros","status":"publish","type":"product","link":"https:\/\/ventesengros.fr\/es\/grossiste\/yara-rose-al-por-mayor\/","title":{"rendered":"Yara rosa al por mayor 100ml - Lattafa"},"content":{"rendered":"<p>Descubre la<strong>Agua de perfume Yara Rose<\/strong>\u00a1Una fragancia al por mayor de su mayorista! Re\u00fane la delicadeza y la elegancia del \u00e1mbar y la vainilla en un frasco encantador. Disponible en packs o individualmente, esta esencia floral seducir\u00e1 a sus clientes con su fragancia refinada y encantadora, ofreciendo una experiencia olfativa incomparable.<\/p>\n<h2><strong>Su mayorista ofrece Yara Rose al por mayor en paquetes o individualmente<\/strong><\/h2>\n<p>Encuentre su pareja con eau de parfum\u00a0<strong>Yara Rose, disponible a granel<\/strong>\u00a0de su mayorista de perfumes. De hecho, su mayorista le ofrece la posibilidad de adquirir esta fragancia por lotes o individualmente. Al enriquecer su colecci\u00f3n de fragancias con esta <a href=\"https:\/\/luxurious-fragrances.com\/categorie-produit\/lattafa-perfumes\/\" target=\"_blank\" rel=\"noopener\"><strong>Creaci\u00f3n Lattafa<\/strong><\/a>Podr\u00e1 ofrecer a sus clientes una experiencia olfativa refinada y elegante, capturando la belleza intemporal del \u00e1mbar en un frasco encantador.<\/p>\n<h2><strong>Los perfumes y fragancias al por mayor Yara Rose gustar\u00e1n a sus clientes.<\/strong><\/h2>\n<p>Esta encantadora fragancia atraer\u00e1 especialmente a los amantes de los aromas florales, gracias a su delicadeza y refinamiento. Sin embargo, con sus cautivadoras notas florales, esta eau de parfum al por mayor ofrecer\u00e1 a sus clientes una experiencia olfativa incomparable. Y lo hace transport\u00e1ndoles a un jard\u00edn de rosas en flor. Al ofrecer esta creaci\u00f3n\u00a0<strong>Venta al por mayor de Lattafa<\/strong>Ofrecer\u00e1 a sus clientes una esencia delicada y elegante que seguro les conquistar\u00e1.<\/p>\n<h3><strong>Le esperan un sinf\u00edn de aromas.<\/strong><\/h3>\n<p>Al igual que el <strong>fragancias orientales al por mayor<\/strong>\u00a0<a href=\"https:\/\/ventesengros.fr\/es\/grossiste\/ameerat-al-arab-mayorista-2\/\"><strong>Ameerat Al Arab<\/strong><\/a>Yara Rose est\u00e1 disponible en packs o individualmente. Yara Rose encarna la excelencia de las fragancias orientales, ofreciendo una experiencia olfativa refinada y cautivadora. Adem\u00e1s, con sus delicados aromas, Yara Rose le transporta a un mundo de refinamiento y seducci\u00f3n.<\/p>\n<p>D\u00e9jese seducir por el irresistible atractivo de los perfumes orientales al por mayor, para una experiencia olfativa incomparable y encantadora. \u00a1No dudes en visitar a tu mayorista de perfumes online!<\/p>","protected":false},"excerpt":{"rendered":"<p><strong>Notas olfativas :<\/strong><\/p>\n<p><strong>Nota superior :\u00a0<\/strong>\u00c1mbar<br \/>\n<strong>Nota de coraz\u00f3n :\u00a0<\/strong>S\u00e1ndalo<br \/>\n<strong>Nota de antecedentes :\u00a0<\/strong>Vainilla<\/p>\n<p><strong>Tipo<\/strong>\u00a0Femenino.<\/p>","protected":false},"featured_media":57847,"template":"","meta":[],"product_brand":[],"product_cat":[237,1555,1517],"product_tag":[],"class_list":{"0":"post-57846","1":"product","2":"type-product","3":"status-publish","4":"has-post-thumbnail","6":"product_cat-parfummusk","7":"product_cat-grossiste-parfum-lattafa","8":"product_cat-grossiste-parfums-de-dubai","10":"first","11":"instock","12":"shipping-taxable","13":"purchasable","14":"product-type-simple"},"_links":{"self":[{"href":"https:\/\/ventesengros.fr\/es\/wp-json\/wp\/v2\/product\/57846","targetHints":{"allow":["GET"]}}],"collection":[{"href":"https:\/\/ventesengros.fr\/es\/wp-json\/wp\/v2\/product"}],"about":[{"href":"https:\/\/ventesengros.fr\/es\/wp-json\/wp\/v2\/types\/product"}],"wp:featuredmedia":[{"embeddable":true,"href":"https:\/\/ventesengros.fr\/es\/wp-json\/wp\/v2\/media\/57847"}],"wp:attachment":[{"href":"https:\/\/ventesengros.fr\/es\/wp-json\/wp\/v2\/media?parent=57846"}],"wp:term":[{"taxonomy":"product_brand","embeddable":true,"href":"https:\/\/ventesengros.fr\/es\/wp-json\/wp\/v2\/product_brand?post=57846"},{"taxonomy":"product_cat","embeddable":true,"href":"https:\/\/ventesengros.fr\/es\/wp-json\/wp\/v2\/product_cat?post=57846"},{"taxonomy":"product_tag","embeddable":true,"href":"https:\/\/ventesengros.fr\/es\/wp-json\/wp\/v2\/product_tag?post=57846"}],"curies":[{"name":"wp","href":"https:\/\/api.w.org\/{rel}","templated":true}]}}