{"id":57844,"date":"2024-01-16T09:57:49","date_gmt":"2024-01-16T08:57:49","guid":{"rendered":"https:\/\/ventesengros.fr\/?post_type=product&#038;p=57844"},"modified":"2024-02-11T20:36:36","modified_gmt":"2024-02-11T19:36:36","slug":"ameerat-al-arab-en-gros","status":"publish","type":"product","link":"https:\/\/ventesengros.fr\/es\/grossiste\/ameerat-al-arab-mayorista-2\/","title":{"rendered":"Ameerat Al Arab al por mayor 100ml - Asdaaf"},"content":{"rendered":"<p>Descubre la<strong>Agua de perfume Ameerat Al Arab<\/strong>Esta sublime fragancia, disponible individualmente o en estuche, encarna la excelencia y el refinamiento puros. Las notas de esta fragancia oriental ofrecen una experiencia olfativa cautivadora, donde la calidez de los ingredientes ex\u00f3ticos le transporta a un mundo de lujo y seducci\u00f3n.<\/p>\n<h2><strong>Ameerat Al Arab es un perfume sublime que se vende individualmente o a granel.<\/strong><\/h2>\n<p>Ameerat Al Arab eau de parfum es <strong>disponibles individualmente o en paquetes\u00a0<\/strong>\u00a1! Gracias a su mayorista, tiene acceso a esta seductora esencia. Para enriquecer su colecci\u00f3n de perfumes u ofrecer a sus clientes una experiencia olfativa excepcional. Cada pulverizaci\u00f3n revela una estela seductora y elegante, dejando tras de s\u00ed una huella olfativa memorable.<\/p>\n<h2><strong>Ameerat Al Arab a granel, una fragancia oriental<\/strong><\/h2>\n<p>Ameerat Al Arab es una composici\u00f3n olfativa cautivadora, con las seductoras notas de <a href=\"https:\/\/ventesengros.fr\/es\/product-category\/alimentation\/miel-alimentation\/\"><strong>miel<\/strong><\/a>La nota de salida es una mezcla de c\u00edtricos, naranjas y notas verdes. En el coraz\u00f3n, el jazm\u00edn y el nardo aportan una delicada dimensi\u00f3n floral. Las notas de fondo de vainilla, lirio y s\u00e1ndalo ofrecen una profundidad y calidez incomparables. Esta combinaci\u00f3n \u00fanica crea una fragancia cautivadora y decididamente elegante.<\/p>\n<h3><strong>Descubra la excelencia de las fragancias orientales<\/strong><\/h3>\n<p>Esta fragancia oriental encarna la excelencia de los perfumes orientales, revelando una sutil mezcla de ingredientes ex\u00f3ticos y encantadores. Sum\u00e9rjase en un mundo de refinamiento y seducci\u00f3n, donde cada pulverizaci\u00f3n le transporta a un reino de lujo. D\u00e9jese seducir por el irresistible encanto de esta fragancia al por mayor, para una experiencia olfativa inolvidable.<\/p>\n<p>Este\u00a0<strong>fragancias orientales al por mayor\u00a0<\/strong>es mucho m\u00e1s que una fragancia, es una invitaci\u00f3n a la excelencia y a la seducci\u00f3n. Sum\u00e9rjase en un mundo de refinamiento y seducci\u00f3n, donde cada fragancia revela un toque de misterio y elegancia.<\/p>\n<p>D\u00e9jese transportar a un reino de lujo y seducci\u00f3n con esta fragancia oriental al por mayor.<\/p>","protected":false},"excerpt":{"rendered":"<p><strong>Notas olfativas :<\/strong><\/p>\n<p><strong>Notas<\/strong> Notas de salida: Miel, Naranjas, Notas verdes<br \/>\n<strong>Notas de coraz\u00f3n<\/strong>\u00a0Jazm\u00edn, Tuberosa<br \/>\n<strong>Notas de fondo<\/strong>\u00a0Vainilla, Orris y S\u00e1ndalo<\/p>\n<p><strong>Tipo<\/strong>\u00a0Femenino.<\/p>","protected":false},"featured_media":57845,"template":"","meta":[],"product_brand":[],"product_cat":[237,1555,1517],"product_tag":[],"class_list":{"0":"post-57844","1":"product","2":"type-product","3":"status-publish","4":"has-post-thumbnail","6":"product_cat-parfummusk","7":"product_cat-grossiste-parfum-lattafa","8":"product_cat-grossiste-parfums-de-dubai","10":"first","11":"instock","12":"shipping-taxable","13":"purchasable","14":"product-type-simple"},"_links":{"self":[{"href":"https:\/\/ventesengros.fr\/es\/wp-json\/wp\/v2\/product\/57844","targetHints":{"allow":["GET"]}}],"collection":[{"href":"https:\/\/ventesengros.fr\/es\/wp-json\/wp\/v2\/product"}],"about":[{"href":"https:\/\/ventesengros.fr\/es\/wp-json\/wp\/v2\/types\/product"}],"wp:featuredmedia":[{"embeddable":true,"href":"https:\/\/ventesengros.fr\/es\/wp-json\/wp\/v2\/media\/57845"}],"wp:attachment":[{"href":"https:\/\/ventesengros.fr\/es\/wp-json\/wp\/v2\/media?parent=57844"}],"wp:term":[{"taxonomy":"product_brand","embeddable":true,"href":"https:\/\/ventesengros.fr\/es\/wp-json\/wp\/v2\/product_brand?post=57844"},{"taxonomy":"product_cat","embeddable":true,"href":"https:\/\/ventesengros.fr\/es\/wp-json\/wp\/v2\/product_cat?post=57844"},{"taxonomy":"product_tag","embeddable":true,"href":"https:\/\/ventesengros.fr\/es\/wp-json\/wp\/v2\/product_tag?post=57844"}],"curies":[{"name":"wp","href":"https:\/\/api.w.org\/{rel}","templated":true}]}}