{"id":46635,"date":"2022-05-03T18:12:36","date_gmt":"2022-05-03T17:12:36","guid":{"rendered":"https:\/\/ventesengros.fr\/?post_type=product&#038;p=46635"},"modified":"2024-06-20T09:18:37","modified_gmt":"2024-06-20T08:18:37","slug":"miel-de-nigelle-au-kilo","status":"publish","type":"product","link":"https:\/\/ventesengros.fr\/es\/grossiste\/miel-de-comino-negro-por-kilo\/","title":{"rendered":"Miel de comino negro por kilo"},"content":{"rendered":"<p>Le\u00a0<strong>venta al por mayor miel de comino negro<\/strong>\u00a0es un producto codiciado por los consumidores exigentes que se preocupan por su bienestar y quieren ahorrar considerablemente. La miel de comino negro, tambi\u00e9n conocida como \"miel al kilo\", es la soluci\u00f3n ideal para quienes buscan un producto sano, natural y de calidad a un precio inmejorable.<\/p>\n<h2><strong>El origen de la miel de comino negro a granel<\/strong><\/h2>\n<p>La miel de comino negro es el resultado de la colaboraci\u00f3n entre las abejas y la planta del comino negro, tambi\u00e9n conocida como nigella.\u00a0<strong>comino negro<\/strong> o <a href=\"https:\/\/ventesengros.fr\/es\/grossiste\/semillas-de-comino-negro-marroqui-100-g\/\"><strong>semilla de comino negro<\/strong><\/a>. Sus propiedades medicinales son conocidas desde la antig\u00fcedad, sobre todo en Asia y Oriente Pr\u00f3ximo. Se utiliza mucho en la farmacopea tradicional, sobre todo por sus propiedades antiinflamatorias, antibacterianas y antioxidantes. Cuando estas semillas son recolectadas por las abejas, producen una deliciosa miel de sabores sutiles y caracter\u00edsticas excepcionales.<\/p>\n<h2><strong>Beneficios de la miel de comino negro para la salud<\/strong><\/h2>\n<p>Gracias a las semillas de comino negro que contiene este precioso n\u00e9ctar, la miel de comino negro tiene muchos beneficios para la salud.<\/p>\n<p>Entre ellas figuran:<\/p>\n<ul>\n<li><strong>Alto poder antioxidante<\/strong><\/li>\n<\/ul>\n<p>La miel de comino negro es <a href=\"https:\/\/www.huiles-de-nigelle.com\/collection\/miel-de-nigelle\/\" target=\"_blank\" rel=\"noopener\"><strong>muy rico en polifenoles<\/strong><\/a> y otros compuestos antioxidantes, que ayudan a combatir el estr\u00e9s oxidativo, responsable del envejecimiento prematuro de nuestras c\u00e9lulas. Su alto contenido en antioxidantes lo convierte en un aliado ideal para preservar nuestra juventud y vitalidad.<\/p>\n<ul>\n<li><strong>Potentes propiedades antiinflamatorias<\/strong><\/li>\n<\/ul>\n<p>Esta miel tiene propiedades calmantes para las inflamaciones de la piel y las irritaciones de garganta, gracias sobre todo a su composici\u00f3n en \u00e1cidos grasos esenciales y vitaminas betacaroteno. Se recomienda especialmente en casos de anginas, faringitis o rinitis al\u00e9rgica.<\/p>\n<ul>\n<li><strong>Acci\u00f3n beneficiosa en la regulaci\u00f3n del sistema inmunitario<\/strong><\/li>\n<\/ul>\n<p>Al estimular la producci\u00f3n de ciertas sustancias como el interfer\u00f3n, se cree que la miel de comino negro puede ayudar a nuestro organismo a hacer frente a las agresiones externas, ya sean bacterias o virus, reforzando as\u00ed nuestra capacidad para resistir a las infecciones.<\/p>\n<h2><strong>\u00bfPor qu\u00e9 elegir este producto al por mayor?<\/strong><\/h2>\n<p>La compra de\u00a0<strong>miel de comino negro por kilo<\/strong>\u00a0tiene una serie de ventajas innegables:<\/p>\n<ul>\n<li><strong>Un buen precio<\/strong><\/li>\n<\/ul>\n<p>Si opta por comprar miel de nigella a granel, podr\u00e1 beneficiarse de un precio excepcional, muy inferior al de los tarros de miel convencionales que se venden en las tiendas. A t\u00edtulo orientativo, el precio aproximado es el siguiente\u00a0<strong>15 euros por kilo<\/strong>un precio muy asequible para una pepita tan gourmet.<\/p>\n<ul>\n<li><strong>Envases adaptados a sus necesidades<\/strong><\/li>\n<\/ul>\n<p>Al comprar miel de nigella a granel, puede elegir entre diversos formatos, desde sobres de 100 gramos hasta tarros de medio kilo o un kilo, pasando por lotes de varios kilos. Tanto si es un particular como un profesional, seguro que encuentra la oferta que m\u00e1s le conviene.<\/p>\n<ul>\n<li><strong>Calidad garantizada<\/strong><\/li>\n<\/ul>\n<p>Comprarla al por mayor significa tambi\u00e9n obtener un producto aut\u00e9ntico y natural, sin conservantes, colorantes ni aditivos modificados gen\u00e9ticamente. Adem\u00e1s, se llevan a cabo rigurosos controles de producci\u00f3n para garantizar que s\u00f3lo se utilizan las mejores semillas de nigella para elaborar esta preciada miel.<\/p>\n<h2><strong>Las diferentes aplicaciones de la miel de comino negro a granel<\/strong><\/h2>\n<p>La miel de comino negro puede utilizarse de muchas maneras:<\/p>\n<ol>\n<li>En la cocina, realza tanto los platos salados como los dulces gracias a sus sabores delicados y ligeramente picantes. Se puede utilizar para preparar sabrosos adobos para carne y pescado, o para elaborar postres gourmet como galletas y tartas.<\/li>\n<li>En cosm\u00e9tica, la miel de comino negro puede utilizarse para hacer mascarillas caseras que calmen la piel irritada, seca o con manchas. Tambi\u00e9n puede incorporarse a b\u00e1lsamos o cremas hidratantes naturales.<\/li>\n<li>A diario, puede comerse tal cual, a cucharadas, para aprovechar al m\u00e1ximo sus beneficios para la salud.<\/li>\n<\/ol>\n<h3><strong>\u00bfC\u00f3mo elegir\u00e1 a su proveedor en 2024?<\/strong><\/h3>\n<p>Para asegurarse de comprar\u00a0<strong>venta al por mayor miel de comino negro<\/strong>\u00a0de excelente calidad y procedentes directamente de los productores, hay una serie de criterios a tener en cuenta a la hora de elegir:<\/p>\n<ul>\n<li>Elija una empresa de confianza especializada en la venta de productos naturales y ecol\u00f3gicos.<\/li>\n<li>Preste atenci\u00f3n a la trazabilidad de los productos, para asegurarse de que proceden de colmenares y productores cuidadosamente seleccionados.<\/li>\n<li>Compruebe que las condiciones de producci\u00f3n y comercializaci\u00f3n cumplen las normas europeas vigentes, sobre todo en materia de higiene y seguridad alimentaria.<\/li>\n<\/ul>\n<p>Si elige bien a su proveedor mayorista de miel de comino negro, podr\u00e1 beneficiarse de un producto excepcionalmente bueno para su salud y su paladar, al tiempo que contribuye a la preservaci\u00f3n del medio ambiente y al desarrollo de una agricultura sostenible centrada en la calidad y no en la cantidad.<\/p>","protected":false},"excerpt":{"rendered":"<p><span class=\"\">Sugerimos la miel de comino negro, <\/span><span style=\"color: #073763;\"><b>vendido <\/b><\/span><span style=\"color: #073763;\">Kilo a 29 euros<\/span><\/p>\n<p>Precio de venta recomendado: 40,00-50,00 euros.<\/p>\n<p><b><span style=\"color: #00ff00;\">1 lote : <\/span><\/b>29,00\u20ac\/Kg<\/p>","protected":false},"featured_media":46636,"template":"","meta":[],"product_brand":[],"product_cat":[596],"product_tag":[],"class_list":{"0":"post-46635","1":"product","2":"type-product","3":"status-publish","4":"has-post-thumbnail","6":"product_cat-miel-alimentation","8":"first","9":"instock","10":"shipping-taxable","11":"purchasable","12":"product-type-simple"},"_links":{"self":[{"href":"https:\/\/ventesengros.fr\/es\/wp-json\/wp\/v2\/product\/46635","targetHints":{"allow":["GET"]}}],"collection":[{"href":"https:\/\/ventesengros.fr\/es\/wp-json\/wp\/v2\/product"}],"about":[{"href":"https:\/\/ventesengros.fr\/es\/wp-json\/wp\/v2\/types\/product"}],"wp:featuredmedia":[{"embeddable":true,"href":"https:\/\/ventesengros.fr\/es\/wp-json\/wp\/v2\/media\/46636"}],"wp:attachment":[{"href":"https:\/\/ventesengros.fr\/es\/wp-json\/wp\/v2\/media?parent=46635"}],"wp:term":[{"taxonomy":"product_brand","embeddable":true,"href":"https:\/\/ventesengros.fr\/es\/wp-json\/wp\/v2\/product_brand?post=46635"},{"taxonomy":"product_cat","embeddable":true,"href":"https:\/\/ventesengros.fr\/es\/wp-json\/wp\/v2\/product_cat?post=46635"},{"taxonomy":"product_tag","embeddable":true,"href":"https:\/\/ventesengros.fr\/es\/wp-json\/wp\/v2\/product_tag?post=46635"}],"curies":[{"name":"wp","href":"https:\/\/api.w.org\/{rel}","templated":true}]}}