{"id":42788,"date":"2021-05-23T20:23:15","date_gmt":"2021-05-23T19:23:15","guid":{"rendered":"https:\/\/ventesengros.fr\/?post_type=product&#038;p=42788"},"modified":"2024-02-11T20:37:24","modified_gmt":"2024-02-11T19:37:24","slug":"ser-al-khulood-100-ml-lattafa","status":"publish","type":"product","link":"https:\/\/ventesengros.fr\/es\/grossiste\/ser-al-khulood-100-ml-lattafa\/","title":{"rendered":"Ser Al Khulood 100 ml - Lattafa"},"content":{"rendered":"","protected":false},"excerpt":{"rendered":"<p><strong>Caracter\u00edsticas :<\/strong><\/p>\n<ul>\n<li>Parfum Forale Ambre Unisex de lattafa<\/li>\n<li>Las Notas de Salida son Fresa y Az\u00facar; las Notas de Coraz\u00f3n son Tuberosa y Jazm\u00edn; las Notas de Fondo son Vainilla, \u00c1mbar y Almizcle.<\/li>\n<\/ul>","protected":false},"featured_media":42789,"template":"","meta":[],"product_brand":[],"product_cat":[1517,1555,237],"product_tag":[],"class_list":{"0":"post-42788","1":"product","2":"type-product","3":"status-publish","4":"has-post-thumbnail","6":"product_cat-grossiste-parfums-de-dubai","7":"product_cat-grossiste-parfum-lattafa","8":"product_cat-parfummusk","10":"first","11":"instock","12":"shipping-taxable","13":"purchasable","14":"product-type-simple"},"_links":{"self":[{"href":"https:\/\/ventesengros.fr\/es\/wp-json\/wp\/v2\/product\/42788","targetHints":{"allow":["GET"]}}],"collection":[{"href":"https:\/\/ventesengros.fr\/es\/wp-json\/wp\/v2\/product"}],"about":[{"href":"https:\/\/ventesengros.fr\/es\/wp-json\/wp\/v2\/types\/product"}],"wp:featuredmedia":[{"embeddable":true,"href":"https:\/\/ventesengros.fr\/es\/wp-json\/wp\/v2\/media\/42789"}],"wp:attachment":[{"href":"https:\/\/ventesengros.fr\/es\/wp-json\/wp\/v2\/media?parent=42788"}],"wp:term":[{"taxonomy":"product_brand","embeddable":true,"href":"https:\/\/ventesengros.fr\/es\/wp-json\/wp\/v2\/product_brand?post=42788"},{"taxonomy":"product_cat","embeddable":true,"href":"https:\/\/ventesengros.fr\/es\/wp-json\/wp\/v2\/product_cat?post=42788"},{"taxonomy":"product_tag","embeddable":true,"href":"https:\/\/ventesengros.fr\/es\/wp-json\/wp\/v2\/product_tag?post=42788"}],"curies":[{"name":"wp","href":"https:\/\/api.w.org\/{rel}","templated":true}]}}