{"id":42765,"date":"2021-05-23T19:20:23","date_gmt":"2021-05-23T18:20:23","guid":{"rendered":"https:\/\/ventesengros.fr\/?post_type=product&#038;p=42765"},"modified":"2024-02-11T20:37:55","modified_gmt":"2024-02-11T19:37:55","slug":"maahir","status":"publish","type":"product","link":"https:\/\/ventesengros.fr\/es\/grossiste\/maahir\/","title":{"rendered":"Maahir Eau de parfum 100ml - Lattafa"},"content":{"rendered":"","protected":false},"excerpt":{"rendered":"<p><strong>Caracter\u00edsticas :<\/strong><\/p>\n<ul>\n<li>La composici\u00f3n es floral-afrutada, con notas de bergamota, bayas rojas y melocot\u00f3n Bellini.<\/li>\n<li>El coraz\u00f3n de la fragancia incluye peon\u00eda, lirio rosa y jazm\u00edn.<\/li>\n<li>El fondo es aterciopelado gracias a los acordes de s\u00e1ndalo, almizcle y flor de vainilla.<\/li>\n<\/ul>","protected":false},"featured_media":42766,"template":"","meta":[],"product_brand":[],"product_cat":[1517,1555,237],"product_tag":[],"class_list":{"0":"post-42765","1":"product","2":"type-product","3":"status-publish","4":"has-post-thumbnail","6":"product_cat-grossiste-parfums-de-dubai","7":"product_cat-grossiste-parfum-lattafa","8":"product_cat-parfummusk","10":"first","11":"instock","12":"shipping-taxable","13":"purchasable","14":"product-type-simple"},"_links":{"self":[{"href":"https:\/\/ventesengros.fr\/es\/wp-json\/wp\/v2\/product\/42765","targetHints":{"allow":["GET"]}}],"collection":[{"href":"https:\/\/ventesengros.fr\/es\/wp-json\/wp\/v2\/product"}],"about":[{"href":"https:\/\/ventesengros.fr\/es\/wp-json\/wp\/v2\/types\/product"}],"wp:featuredmedia":[{"embeddable":true,"href":"https:\/\/ventesengros.fr\/es\/wp-json\/wp\/v2\/media\/42766"}],"wp:attachment":[{"href":"https:\/\/ventesengros.fr\/es\/wp-json\/wp\/v2\/media?parent=42765"}],"wp:term":[{"taxonomy":"product_brand","embeddable":true,"href":"https:\/\/ventesengros.fr\/es\/wp-json\/wp\/v2\/product_brand?post=42765"},{"taxonomy":"product_cat","embeddable":true,"href":"https:\/\/ventesengros.fr\/es\/wp-json\/wp\/v2\/product_cat?post=42765"},{"taxonomy":"product_tag","embeddable":true,"href":"https:\/\/ventesengros.fr\/es\/wp-json\/wp\/v2\/product_tag?post=42765"}],"curies":[{"name":"wp","href":"https:\/\/api.w.org\/{rel}","templated":true}]}}