{"id":4152,"date":"2014-06-07T06:16:04","date_gmt":"2014-06-07T05:16:04","guid":{"rendered":"http:\/\/pietra-communication.com\/ventesengros.fr\/?post_type=product&#038;p=4152"},"modified":"2023-11-11T09:27:39","modified_gmt":"2023-11-11T08:27:39","slug":"serum-capillaire-lhuile-dolive-170ml","status":"publish","type":"product","link":"https:\/\/ventesengros.fr\/es\/grossiste\/suero-capilar-dolive-oil-170ml\/","title":{"rendered":"Suero capilar de aceite de oliva 170mL X 12"},"content":{"rendered":"<p><strong>Propiedad:<\/strong><\/p>\n<p>S\u00e9rum reestructurante intenso a base de aceite de oliva, cubre el cabello con suavidad y lo peina a la perfecci\u00f3n sin dejarlo graso.<\/p>\n<p>Repara las puntas abiertas y deja el cabello flexible.<\/p>\n<p><strong>Instrucciones de uso:<\/strong><\/p>\n<p>Despu\u00e9s de cada champ\u00fa, aplicar de 2 a 3 gotas de s\u00e9rum uniformemente con las manos por todo el cabello h\u00famedo, no secado con toalla. Masajear las puntas y todo el cabello. Secar con una toalla sin frotar ni peinar.<\/p>\n<h5><b>Capacidad :<\/b>170 ml<br \/>\n<b><\/b><\/h5>\n<p><b>Marca:<\/b>\u00a0\u00a0Sunseven<\/p>\n<p><b>Procedencia:<\/b>Marruecos<\/p>\n<p><b>Peso:<\/b>20g<\/p>","protected":false},"excerpt":{"rendered":"<p>Le ofrecemos este\u00a0<strong>Suero capilar de aceite de oliva 170mL<\/strong><strong><span style=\"color: #000000;\">\u00a0<\/span><\/strong>se venden en paquetes de 12 unidades.<\/p>\n<p>Precio de venta recomendado: 12,00 euros.<\/p>\n<p>1 lote : <span style=\"color: #0ad227;\">3,99\/unidad X 12 = 47,88 euros<\/span><\/p>\n<p>&nbsp;<\/p>","protected":false},"featured_media":4156,"template":"","meta":[],"product_brand":[],"product_cat":[1553,59],"product_tag":[431,430,258,974,410],"class_list":{"0":"post-4152","1":"product","2":"type-product","3":"status-publish","4":"has-post-thumbnail","6":"product_cat-grossiste-huile-dolive","7":"product_cat-soin-et-bien-etre","8":"product_tag-170ml","9":"product_tag-capillaire-a-l-huile-d-olive","10":"product_tag-en-gros","11":"product_tag-grossiste","12":"product_tag-serum","13":"pa_lot-158","14":"pa_lot-160","15":"pa_lot-159","17":"first","18":"instock","19":"shipping-taxable","20":"purchasable","21":"product-type-simple"},"_links":{"self":[{"href":"https:\/\/ventesengros.fr\/es\/wp-json\/wp\/v2\/product\/4152","targetHints":{"allow":["GET"]}}],"collection":[{"href":"https:\/\/ventesengros.fr\/es\/wp-json\/wp\/v2\/product"}],"about":[{"href":"https:\/\/ventesengros.fr\/es\/wp-json\/wp\/v2\/types\/product"}],"wp:featuredmedia":[{"embeddable":true,"href":"https:\/\/ventesengros.fr\/es\/wp-json\/wp\/v2\/media\/4156"}],"wp:attachment":[{"href":"https:\/\/ventesengros.fr\/es\/wp-json\/wp\/v2\/media?parent=4152"}],"wp:term":[{"taxonomy":"product_brand","embeddable":true,"href":"https:\/\/ventesengros.fr\/es\/wp-json\/wp\/v2\/product_brand?post=4152"},{"taxonomy":"product_cat","embeddable":true,"href":"https:\/\/ventesengros.fr\/es\/wp-json\/wp\/v2\/product_cat?post=4152"},{"taxonomy":"product_tag","embeddable":true,"href":"https:\/\/ventesengros.fr\/es\/wp-json\/wp\/v2\/product_tag?post=4152"}],"curies":[{"name":"wp","href":"https:\/\/api.w.org\/{rel}","templated":true}]}}