{"id":39661,"date":"2020-09-03T12:50:12","date_gmt":"2020-09-03T11:50:12","guid":{"rendered":"https:\/\/ventesengros.fr\/?post_type=product&#038;p=39661"},"modified":"2024-02-14T17:58:31","modified_gmt":"2024-02-14T16:58:31","slug":"tapis-berbere-authentique-fait-main","status":"publish","type":"product","link":"https:\/\/ventesengros.fr\/es\/grossiste\/autentica-alfombra-bereber-hecha-a-mano-2\/","title":{"rendered":"Aut\u00e9ntica alfombra bereber - \u00danica y hecha a mano (Env\u00edo gratuito)"},"content":{"rendered":"","protected":false},"excerpt":{"rendered":"<p><strong>Caracter\u00edsticas :<\/strong><\/p>\n<ul>\n<li>De lana de oveja<\/li>\n<li>Hecho a mano y totalmente aut\u00e9ntico<\/li>\n<li>De la tribu Beni Ouarain<\/li>\n<li>250 x 150 cm<\/li>\n<\/ul>\n<p>Para encargar una alfombra a medida <a href=\"https:\/\/ventesengros.fr\/es\/pongase-en-contacto-con-2\/\" target=\"_blank\" rel=\"noopener noreferrer\"><strong><span style=\"color: #ff0000;\">&gt;&gt;&gt; cont\u00e1ctenos &lt;&lt;&lt;<\/span><\/strong><\/a><\/p>","protected":false},"featured_media":39673,"template":"","meta":[],"product_brand":[],"product_cat":[1505],"product_tag":[],"class_list":{"0":"post-39661","1":"product","2":"type-product","3":"status-publish","4":"has-post-thumbnail","6":"product_cat-tapis-berbere","8":"first","9":"instock","10":"shipping-taxable","11":"purchasable","12":"product-type-simple"},"_links":{"self":[{"href":"https:\/\/ventesengros.fr\/es\/wp-json\/wp\/v2\/product\/39661","targetHints":{"allow":["GET"]}}],"collection":[{"href":"https:\/\/ventesengros.fr\/es\/wp-json\/wp\/v2\/product"}],"about":[{"href":"https:\/\/ventesengros.fr\/es\/wp-json\/wp\/v2\/types\/product"}],"wp:featuredmedia":[{"embeddable":true,"href":"https:\/\/ventesengros.fr\/es\/wp-json\/wp\/v2\/media\/39673"}],"wp:attachment":[{"href":"https:\/\/ventesengros.fr\/es\/wp-json\/wp\/v2\/media?parent=39661"}],"wp:term":[{"taxonomy":"product_brand","embeddable":true,"href":"https:\/\/ventesengros.fr\/es\/wp-json\/wp\/v2\/product_brand?post=39661"},{"taxonomy":"product_cat","embeddable":true,"href":"https:\/\/ventesengros.fr\/es\/wp-json\/wp\/v2\/product_cat?post=39661"},{"taxonomy":"product_tag","embeddable":true,"href":"https:\/\/ventesengros.fr\/es\/wp-json\/wp\/v2\/product_tag?post=39661"}],"curies":[{"name":"wp","href":"https:\/\/api.w.org\/{rel}","templated":true}]}}