{"id":38352,"date":"2020-04-23T14:12:37","date_gmt":"2020-04-23T13:12:37","guid":{"rendered":"https:\/\/ventesengros.fr\/?post_type=product&#038;p=38352"},"modified":"2024-09-23T07:27:37","modified_gmt":"2024-09-23T06:27:37","slug":"huile-de-roquette-en-gros","status":"publish","type":"product","link":"https:\/\/ventesengros.fr\/es\/grossiste\/aceite-de-rucula-a-granel\/","title":{"rendered":"Aceite de r\u00facula (por litro o botella de 60 ml\/120 ml)"},"content":{"rendered":"<p>No est\u00e1 so\u00f1ando, el aceite de r\u00facula procede de la hoja de la ensalada con sus notas picantes. Obtenido por el mismo procedimiento que el aceite de zanahoria, es un macerado de ra\u00edces de r\u00facula empapadas en una soluci\u00f3n oleosa. A menudo se trata de aceite de girasol.<\/p>\n<h2><b>Aceite de r\u00facula: un t\u00f3nico natural para el cabello<\/b><\/h2>\n<p>Como muchos aceites del mercado, es un aceite beneficioso que realza la fibra capilar. Nutre el cuero cabelludo seco, aport\u00e1ndole volumen y brillo. Tambi\u00e9n frena la ca\u00edda del cabello y estimula su crecimiento. Esto es esencialmente lo que hace por la belleza.<\/p>\n<p>Es importante saber que este aceite fortalece la fibra capilar y ayuda a reparar las puntas abiertas. Suele utilizarse como complemento de<a href=\"https:\/\/www.ricinshop.com\" target=\"_blank\" rel=\"noopener noreferrer\"><strong>aceite de ricino<\/strong><\/a>.<\/p>\n<p>Sin embargo, el aceite de r\u00facula tambi\u00e9n es reconocido en aromaterapia. Su acci\u00f3n antimicrobiana y desintoxicante es beneficiosa para la salud.<\/p>\n<h2><b>La r\u00facula en la alimentaci\u00f3n<\/b><\/h2>\n<p>La ensalada tambi\u00e9n es buena para el organismo. A diferencia del aceite de oliva, es muy rica en \u00e1cidos grasos poliinsaturados. Estimula la actividad cardiaca. Rica en hierro, se recomienda a las personas que sufren anemia. Tanto las hojas como el aceite pueden utilizarse en la alimentaci\u00f3n. Ambos aportan sabor a los alimentos. Lo m\u00e1s apreciado de la r\u00facula es su sabor a pimienta. A\u00f1ade car\u00e1cter a la ensalada y combina de maravilla con las verduras habituales de nuestras ensaladas.<\/p>\n<p>Al aceite de r\u00facula tambi\u00e9n se le atribuyen propiedades diur\u00e9ticas y ayuda a reducir el efecto de la nicotina en el organismo. Tambi\u00e9n tiene propiedades afrodis\u00edacas y estimula la libido.<\/p>\n<p>Pero no olvides que la acci\u00f3n principal del cohete es sobre el cabello.<\/p>\n<p>Foto no contractual<\/p>\n<p>Todos nuestros productos est\u00e1n disponibles en marca blanca (<a href=\"https:\/\/ventesengros.fr\/es\/pongase-en-contacto-con-2\/\"><strong>a petici\u00f3n<\/strong><\/a>)<\/p>\n<p>Precio decreciente sobre 10 lotes de descuento de 10% (<a href=\"https:\/\/ventesengros.fr\/es\/pongase-en-contacto-con-2\/\"><strong>sobre presupuesto<\/strong><\/a>)<\/p>","protected":false},"excerpt":{"rendered":"<p>Ofrecemos este aceite de r\u00facula en <strong><span style=\"color: #0000ff;\">Botella de 1 litro o 12 botellas 60 ml \/ 120ml<\/span><\/strong> con o sin etiqueta. <strong>Precios decrecientes.<\/strong><\/p>\n<ul>\n<li><b>Precio por litro <span class=\"Apple-converted-space\">\u00a0 <\/span>:<\/b>\u00a0<span style=\"color: #ff0000;\"><strong>24,90\u20ac<\/strong><\/span><\/li>\n<li><b>Precio del frasco de 120 ml <span class=\"Apple-converted-space\">\u00a0 <\/span>:<\/b>\u00a0<strong><span style=\"color: #ff0000;\">5,39\u20ac<\/span><\/strong><\/li>\n<li><b>Precio del frasco de 60 ml <span class=\"Apple-converted-space\">\u00a0 <\/span>:<\/b>\u00a0<span style=\"color: #ff0000;\"><strong>3,49\u20ac<\/strong><\/span><\/li>\n<\/ul>\n<p><span style=\"color: #ff0000;\"><b>Para m\u00e1s de 3 lotes, elija una cantidad en la cesta.<\/b><\/span><\/p>\n<p>Reciba un descuento de 10% en pedidos de m\u00e1s de 10 lotes (<span style=\"color: #ff0000;\"><a style=\"color: #ff0000;\" href=\"https:\/\/ventesengros.fr\/es\/pongase-en-contacto-con-2\/\"><strong>Contacto<\/strong><\/a><\/span>).<\/p>","protected":false},"featured_media":38364,"template":"","meta":[],"product_brand":[],"product_cat":[59,290,201,606],"product_tag":[],"class_list":{"0":"post-38352","1":"product","2":"type-product","3":"status-publish","4":"has-post-thumbnail","6":"product_cat-soin-et-bien-etre","7":"product_cat-autre","8":"product_cat-huiles-soin-et-bien-etre","9":"product_cat-vrac-par-litre","10":"pa_lot-1-lot-1-litre-2490e-le-litre","11":"pa_lot-1-lot-12-bouteilles-120ml-589e-la-bouteille","12":"pa_lot-1-lot-12-bouteilles-60ml-389e-la-bouteille","13":"pa_lot-2-lots-2-litres-2390e-le-litre","14":"pa_lot-2-lots-24-bouteilles-369e-la-bouteille","15":"pa_lot-2-lot-24-bouteilles-120ml-569e-la-bouteille","16":"pa_lot-3-lots-3-litres-2290e-le-litre","17":"pa_lot-3-lot-36-bouteilles-120ml-539e-la-bouteille","18":"pa_lot-3-lots-36-bouteilles-60ml-349e-la-bouteille","20":"first","21":"instock","22":"shipping-taxable","23":"purchasable","24":"product-type-variable"},"_links":{"self":[{"href":"https:\/\/ventesengros.fr\/es\/wp-json\/wp\/v2\/product\/38352","targetHints":{"allow":["GET"]}}],"collection":[{"href":"https:\/\/ventesengros.fr\/es\/wp-json\/wp\/v2\/product"}],"about":[{"href":"https:\/\/ventesengros.fr\/es\/wp-json\/wp\/v2\/types\/product"}],"wp:featuredmedia":[{"embeddable":true,"href":"https:\/\/ventesengros.fr\/es\/wp-json\/wp\/v2\/media\/38364"}],"wp:attachment":[{"href":"https:\/\/ventesengros.fr\/es\/wp-json\/wp\/v2\/media?parent=38352"}],"wp:term":[{"taxonomy":"product_brand","embeddable":true,"href":"https:\/\/ventesengros.fr\/es\/wp-json\/wp\/v2\/product_brand?post=38352"},{"taxonomy":"product_cat","embeddable":true,"href":"https:\/\/ventesengros.fr\/es\/wp-json\/wp\/v2\/product_cat?post=38352"},{"taxonomy":"product_tag","embeddable":true,"href":"https:\/\/ventesengros.fr\/es\/wp-json\/wp\/v2\/product_tag?post=38352"}],"curies":[{"name":"wp","href":"https:\/\/api.w.org\/{rel}","templated":true}]}}