{"id":38301,"date":"2020-04-18T18:03:32","date_gmt":"2020-04-18T17:03:32","guid":{"rendered":"https:\/\/ventesengros.fr\/?post_type=product&#038;p=38301"},"modified":"2025-01-16T13:23:40","modified_gmt":"2025-01-16T12:23:40","slug":"huile-de-nigelle-habachia-en-gros","status":"publish","type":"product","link":"https:\/\/ventesengros.fr\/es\/grossiste\/habachia-aceite-de-comino-negro-al-por-mayor-2\/","title":{"rendered":"Aceite et\u00edope de comino negro (Habachia) (por litro o botella de 60 ml)"},"content":{"rendered":"<p>El aceite de comino negro Habachia es el aceite de comino negro por excelencia. Un saber hacer ancestral que lo convierte en la mejor soluci\u00f3n de aceite cosm\u00e9tico y alimentario de la serie. Explicamos por qu\u00e9 el aceite de comino negro Habachia supera a sus competidores. Pero tambi\u00e9n d\u00f3nde obtiene las claves del \u00e9xito cuando se trata del etiquetado.<\/p>\n<h2><b>Aceite de comino negro Habachia: un producto local<\/b><\/h2>\n<p>El aceite de comino negro Habachya es algo parecido a lo que se encuentra bajo las etiquetas DOP en Francia. Todo lo contrario de un producto manufacturado. Es un saber hacer ancestral y reconocido que vuelve a un m\u00e9todo de extracci\u00f3n tradicional.<\/p>\n<p>El aceite de comino negro Habachya es, por tanto, todo lo contrario de las l\u00edneas de producci\u00f3n industrial. Es t\u00edpico de Etiop\u00eda, porque en esta regi\u00f3n de \u00c1frica oriental abunda maravillosamente la flor de nigella sativa. La profusi\u00f3n de flores de comino negro es una bendici\u00f3n para la producci\u00f3n de aceite de comino negro habachya. Tambi\u00e9n ayudan a desarrollar la producci\u00f3n de miel de comino negro. En las tierras altas et\u00edopes, es costumbre a\u00f1adir gotas de aceite de semillas negras al caf\u00e9 de la ma\u00f1ana. Estos dos productos representan la identidad cultural de este pa\u00eds anta\u00f1o conocido como la \"habacha\". Una tierra que formaba parte del Bajo Egipto y que introdujo a los faraones en los secretos del aceite de semilla negra.<\/p>\n<h2><b>Prensado en fr\u00edo, el secreto bien guardado del famoso aceite et\u00edope<\/b><\/h2>\n<p>El aceite de comino negro Habachya se prensa exclusivamente en fr\u00edo. Esto le permite conservar todas las propiedades y nutrientes inherentes a este interesante producto. Sin alterar, se elabora exclusivamente a partir de semillas de nigella. El proceso de fabricaci\u00f3n es sencillo. Las semillas de <a href=\"https:\/\/www.la-nigelle.com\/produit-categorie\/graine-de-nigelle\/\" target=\"_blank\" rel=\"noopener noreferrer\"><strong>habba sawda<\/strong><\/a> se calientan a una temperatura inferior a 80 grados. Por encima de este umbral, el principio activo del aceite de comino negro habachia se evapora. Este importante secreto es la aut\u00e9ntica receta que ha perdurado en el tiempo. De hecho, la mayor\u00eda de los aceites de comino negro son obsoletos porque se supera la temperatura.<\/p>\n<p>Esta t\u00e9cnica bien conservada permitir\u00e1 que las sustancias oleosas de la superficie afloren generosamente. Por tanto, es en este momento crucial cuando se prensan las semillas de nigella para dar paso al generoso aceite que todos conocemos.<\/p>\n<p>El aceite de comino negro Habachya no es ni m\u00e1s ni menos que un proceso de cocci\u00f3n controlado. Adem\u00e1s, existe un ecosistema favorable para el cultivo de la planta de comino negro.<\/p>\n<p>Esta es la raz\u00f3n por la que el aceite de comino negro et\u00edope es tan rico en vitamina E, timoquinona y nigelona.<\/p>\n<p>Aunque el aceite de comino negro habachia contiene otros nutrientes, estos tres componentes son los m\u00e1s importantes de la receta. En t\u00e9rminos cosm\u00e9ticos, s\u00f3lo ellos regeneran e hidratan la piel. Y en t\u00e9rminos de salud, para estimular el sistema inmunitario en forma de soluci\u00f3n bebible.<\/p>\n<p>Todos los beneficios de este prestigioso aceite est\u00e1n presentes en el coraz\u00f3n de la receta et\u00edope. Lo que lo convierte en una aut\u00e9ntica medicina para el organismo.<\/p>\n<p>Foto no contractual<\/p>\n<p>Todos nuestros productos est\u00e1n disponibles en marca blanca (<a href=\"https:\/\/ventesengros.fr\/es\/pongase-en-contacto-con-2\/\"><strong>a petici\u00f3n<\/strong><\/a>)<\/p>\n<p>Precio decreciente sobre 10 lotes de descuento de 10% (<a href=\"https:\/\/ventesengros.fr\/es\/pongase-en-contacto-con-2\/\"><strong>sobre presupuesto<\/strong><\/a>)<\/p>","protected":false},"excerpt":{"rendered":"<p>Ofrecemos este aceite de comino negro habachia en <strong><span style=\"color: #0000ff;\">Botella de 1 litro o 12 botellas de 60 ml<\/span><\/strong>. <strong>Precios decrecientes.<\/strong><\/p>\n<ul>\n<li><b>Precio por litro <span class=\"Apple-converted-space\">\u00a0 <\/span>: <\/b>\u00a0<strong><span style=\"color: #ff0000;\">55 \u20ac<\/span><\/strong><\/li>\n<li><b>Precio por frasco de 60 ml\u00a0<span class=\"Apple-converted-space\">\u00a0 <\/span>: <\/b>\u00a0<span style=\"color: #ff0000;\"><strong>6,49 \u20ac<\/strong><\/span><\/li>\n<\/ul>\n<p><span style=\"color: #ff0000;\"><b>Para m\u00e1s de 3 lotes, elija una cantidad en la cesta.<\/b><\/span><\/p>\n<p>Reciba un descuento de 10% en pedidos de m\u00e1s de 10 lotes (<span style=\"color: #ff0000;\"><a style=\"color: #ff0000;\" href=\"https:\/\/ventesengros.fr\/es\/pongase-en-contacto-con-2\/\"><strong>Contacto<\/strong><\/a><\/span>).<\/p>","protected":false},"featured_media":38392,"template":"","meta":[],"product_brand":[],"product_cat":[59,290,1371,201,606],"product_tag":[],"class_list":{"0":"post-38301","1":"product","2":"type-product","3":"status-publish","4":"has-post-thumbnail","6":"product_cat-soin-et-bien-etre","7":"product_cat-autre","8":"product_cat-huile-de-nigelle","9":"product_cat-huiles-soin-et-bien-etre","10":"product_cat-vrac-par-litre","11":"pa_lot-1-lot-1-litre-56e-le-litre","12":"pa_lot-1-lot-12-bouteilles-60ml-699e-la-bouteille","13":"pa_lot-2-lot-2-litres-3240e-le-litre","14":"pa_lot-2-lots-24-bouteilles-60ml-669e-la-bouteille","15":"pa_lot-3-lots-3-litres-3190e-le-litre","16":"pa_lot-3-lots-36-bouteilles-60ml-649e-la-bouteille","18":"first","19":"instock","20":"shipping-taxable","21":"purchasable","22":"product-type-variable"},"_links":{"self":[{"href":"https:\/\/ventesengros.fr\/es\/wp-json\/wp\/v2\/product\/38301","targetHints":{"allow":["GET"]}}],"collection":[{"href":"https:\/\/ventesengros.fr\/es\/wp-json\/wp\/v2\/product"}],"about":[{"href":"https:\/\/ventesengros.fr\/es\/wp-json\/wp\/v2\/types\/product"}],"wp:featuredmedia":[{"embeddable":true,"href":"https:\/\/ventesengros.fr\/es\/wp-json\/wp\/v2\/media\/38392"}],"wp:attachment":[{"href":"https:\/\/ventesengros.fr\/es\/wp-json\/wp\/v2\/media?parent=38301"}],"wp:term":[{"taxonomy":"product_brand","embeddable":true,"href":"https:\/\/ventesengros.fr\/es\/wp-json\/wp\/v2\/product_brand?post=38301"},{"taxonomy":"product_cat","embeddable":true,"href":"https:\/\/ventesengros.fr\/es\/wp-json\/wp\/v2\/product_cat?post=38301"},{"taxonomy":"product_tag","embeddable":true,"href":"https:\/\/ventesengros.fr\/es\/wp-json\/wp\/v2\/product_tag?post=38301"}],"curies":[{"name":"wp","href":"https:\/\/api.w.org\/{rel}","templated":true}]}}