{"id":38240,"date":"2020-04-14T11:29:15","date_gmt":"2020-04-14T10:29:15","guid":{"rendered":"https:\/\/ventesengros.fr\/?post_type=product&#038;p=38240"},"modified":"2023-02-28T10:23:50","modified_gmt":"2023-02-28T09:23:50","slug":"huile-dail","status":"publish","type":"product","link":"https:\/\/ventesengros.fr\/es\/grossiste\/aceite-diario\/","title":{"rendered":"Aceite de ajo (por litro o botella de 60 ml\/120 ml)"},"content":{"rendered":"<p>Los cosm\u00e9ticos a base de aceite son extraordinarios. Cada d\u00eda se descubren nuevos. El aceite de ajo es uno de ellos. Se trata de un aceite obtenido por maceraci\u00f3n de dientes de ajo a los que se a\u00f1ade el<a href=\"https:\/\/www.amlou.fr\/huile-d-olive-bio\/\" target=\"_blank\" rel=\"noopener noreferrer\"><strong>aceite de oliva<\/strong><\/a> se ha a\u00f1adido.<\/p>\n<h2><b>Aceite de ajo: un aliado para un cabello bonito y fuerte<\/b><\/h2>\n<p>Con este aceite, es tu pelo el que va a estar contento. De hecho, este majestuoso aceite poco conocido tiene el don de calmar el cuero cabelludo. El aceite de ajo es un gran combatiente que aliviar\u00e1 los picores del cuero cabelludo. Tambi\u00e9n es ideal para combatir la caspa causada por el estr\u00e9s o cuando la cabeza tiene dificultades para respirar.<\/p>\n<p>Sus efectos antimicrobianos y descongestionantes son impresionantes. Esta peque\u00f1a soluci\u00f3n oleosa a base de ali\u00e1ceas ser\u00e1 la envidia de muchos.<span class=\"Apple-converted-space\">\u00a0<\/span><\/p>\n<p>Purificar\u00e1 la fibra capilar donde menos te lo esperas. Si, tras una serie de tratamientos infructuosos con champ\u00fa, a\u00fan no ha encontrado una soluci\u00f3n, el aceite de ajo es sin duda su \u00faltimo recurso. Pero, \u00bfa\u00fan as\u00ed necesitas conocerlo?<\/p>\n<h2><b>\u00bfA qu\u00e9 huele?<\/b><\/h2>\n<p>El aceite de ajo es sin\u00f3nimo de olor a ajo. Mientras que su fuerte olor a\u00f1ade sabor a los platos culinarios, no hay duda de que tu pelo va a oler fuerte.<\/p>\n<p>Por eso, para reducir estos olores, hemos reunido toda una serie de formas de disimular los aromas del ajo.<\/p>\n<p>En primer lugar, te recomendamos que utilices este aceite por la noche. Despu\u00e9s, envu\u00e9lvete el pelo en una toalla y vete a dormir. Por la ma\u00f1ana, l\u00e1vese el pelo con champ\u00fa. A continuaci\u00f3n, utilice una soluci\u00f3n a base de agua y zumo de lim\u00f3n exprimido para eliminar eficazmente el olor.<\/p>\n<p>Utilizando esta estratagema, desp\u00eddete de los caprichos de este aceite. Pero ten en cuenta que cuentas con una de las mejores soluciones naturales para combatir los problemas del cuero cabelludo.<\/p>\n<p>Foto no contractual<\/p>\n<p>Todos nuestros productos est\u00e1n disponibles en marca blanca (<a href=\"https:\/\/ventesengros.fr\/es\/pongase-en-contacto-con-2\/\"><strong>a petici\u00f3n<\/strong><\/a>)<\/p>\n<p>Precio decreciente sobre 10 lotes de descuento de 10% (<a href=\"https:\/\/ventesengros.fr\/es\/pongase-en-contacto-con-2\/\"><strong>sobre presupuesto<\/strong><\/a>)<\/p>","protected":false},"excerpt":{"rendered":"<p>Este aceite de ajo est\u00e1 disponible en <strong><span style=\"color: #0000ff;\">Botella de 1 litro o 12 botellas de 60 ml \/ 120 ml. <span style=\"color: #000000;\">Precios\u00a0<\/span><\/span><\/strong><span style=\"color: #000000;\"><span style=\"color: #0000ff;\"><span style=\"caret-color: #0000ff;\"><b><span style=\"color: #000000;\">saldo decreciente<\/span>.<\/b><\/span><\/span><\/span><\/p>\n<ul>\n<li><b>Precio por litro <span class=\"Apple-converted-space\">\u00a0 <\/span>:<\/b>\u00a0<span style=\"color: #ff0000;\"><strong>22,90\u20ac<\/strong><\/span><\/li>\n<li><b>Precio de la botella de 120 ml :<\/b>\u00a0<strong><span style=\"color: #ff0000;\">5,39\u20ac<\/span><\/strong><\/li>\n<li><b>Precio del frasco de 60 ml :<\/b>\u00a0<span style=\"color: #ff0000;\"><strong>3,49\u20ac<\/strong><\/span><\/li>\n<\/ul>\n<p><span style=\"color: #ff0000;\"><b>Para m\u00e1s de 3 lotes, elija una cantidad en la cesta.<\/b><\/span><\/p>\n<p>Reciba un descuento de 10% en pedidos de m\u00e1s de 10 lotes (<span style=\"color: #ff0000;\"><a style=\"color: #ff0000;\" href=\"https:\/\/ventesengros.fr\/es\/pongase-en-contacto-con-2\/\"><strong>Contacto<\/strong><\/a><\/span>).<\/p>","protected":false},"featured_media":38252,"template":"","meta":[],"product_brand":[],"product_cat":[59,290,201,606],"product_tag":[],"class_list":{"0":"post-38240","1":"product","2":"type-product","3":"status-publish","4":"has-post-thumbnail","6":"product_cat-soin-et-bien-etre","7":"product_cat-autre","8":"product_cat-huiles-soin-et-bien-etre","9":"product_cat-vrac-par-litre","10":"pa_lot-1-lot-1-litre-2490e-le-litre","11":"pa_lot-1-lot-12-bouteilles-120ml-589e-la-bouteille","12":"pa_lot-1-lot-12-bouteilles-60ml-389e-la-bouteille","13":"pa_lot-2-lots-2-litres-2390e-le-litre","14":"pa_lot-2-lots-24-bouteilles-369e-la-bouteille","15":"pa_lot-2-lot-24-bouteilles-120ml-569e-la-bouteille","16":"pa_lot-3-lots-3-litres-2290e-le-litre","17":"pa_lot-3-lot-36-bouteilles-120ml-539e-la-bouteille","18":"pa_lot-3-lots-36-bouteilles-60ml-349e-la-bouteille","20":"first","21":"instock","22":"shipping-taxable","23":"purchasable","24":"product-type-variable"},"_links":{"self":[{"href":"https:\/\/ventesengros.fr\/es\/wp-json\/wp\/v2\/product\/38240","targetHints":{"allow":["GET"]}}],"collection":[{"href":"https:\/\/ventesengros.fr\/es\/wp-json\/wp\/v2\/product"}],"about":[{"href":"https:\/\/ventesengros.fr\/es\/wp-json\/wp\/v2\/types\/product"}],"wp:featuredmedia":[{"embeddable":true,"href":"https:\/\/ventesengros.fr\/es\/wp-json\/wp\/v2\/media\/38252"}],"wp:attachment":[{"href":"https:\/\/ventesengros.fr\/es\/wp-json\/wp\/v2\/media?parent=38240"}],"wp:term":[{"taxonomy":"product_brand","embeddable":true,"href":"https:\/\/ventesengros.fr\/es\/wp-json\/wp\/v2\/product_brand?post=38240"},{"taxonomy":"product_cat","embeddable":true,"href":"https:\/\/ventesengros.fr\/es\/wp-json\/wp\/v2\/product_cat?post=38240"},{"taxonomy":"product_tag","embeddable":true,"href":"https:\/\/ventesengros.fr\/es\/wp-json\/wp\/v2\/product_tag?post=38240"}],"curies":[{"name":"wp","href":"https:\/\/api.w.org\/{rel}","templated":true}]}}