{"id":38228,"date":"2020-05-07T10:48:41","date_gmt":"2020-05-07T09:48:41","guid":{"rendered":"https:\/\/ventesengros.fr\/?post_type=product&#038;p=38228"},"modified":"2023-06-22T12:18:32","modified_gmt":"2023-06-22T11:18:32","slug":"huile-de-carotte","status":"publish","type":"product","link":"https:\/\/ventesengros.fr\/es\/grossiste\/aceite-de-zanahoria\/","title":{"rendered":"Aceite de zanahoria (por litro o botella de 60 ml\/120 ml)"},"content":{"rendered":"<p>Puede parecer sorprendente que una verdura tenga beneficios para la piel. Pero en el caso del aceite de zanahoria, esta teor\u00eda es cierta. Y pronto se dar\u00e1 cuenta de que este aceite tiene muchos beneficios para la vitalidad de la piel.<\/p>\n<h2><b>Aceite capilar de zanahoria: muy rico en betacaroteno.<\/b><\/h2>\n<p>El aceite de zanahoria es un preparado oleaginoso obtenido a partir de<span class=\"Apple-converted-space\">\u00a0 <\/span>Maceraci\u00f3n de ra\u00edces de zanahoria. A continuaci\u00f3n, las ra\u00edces se mezclan con un aceite b\u00e1sico, como el de girasol. En el aceite de zanahoria, las ra\u00edces son la base de la hortaliza. Contienen todos los nutrientes y concentrados que han ayudado a la hortaliza a crecer. Como todas las verduras de color naranja, el aceite de zanahoria es muy rico en betacaroteno. Este nutriente se conoce como vitamina pro A, y se asimila muy bien con la vitamina E. La zanahoria es la segunda hortaliza m\u00e1s concentrada en betacaroteno, justo detr\u00e1s del boniato y antes de la calabaza. Los mangos tambi\u00e9n contienen una cantidad significativa. Por tanto, es esencialmente esta sustancia presente en el aceite de zanahoria la que <a href=\"https:\/\/www.kardoune-cheveux.com\/produit\/huile-de-carotte\/\" target=\"_blank\" rel=\"noopener\"><strong>determinar los beneficios para la piel y el cabello<\/strong><\/a>.<\/p>\n<h2><b>Vitamina pro A: un papel clave para la piel<\/b><\/h2>\n<p>En el aceite de naranja, esta vitamina es la que confiere al rostro y a la piel un cutis excelente. De hecho, en la jerga de belleza se habla de un \"brillo saludable\".<\/p>\n<p>Su acci\u00f3n autobronceadora permite a la piel aprovechar los rayos ultravioletas y a\u00f1adir un poco de color con toda modestia. Por tanto, interviene en la pigmentaci\u00f3n de la piel. <a href=\"https:\/\/ventesengros.fr\/es\/grossiste\/piel-de-granada-en-polvo-kilo\/\"><strong>piel<\/strong><\/a>. Tambi\u00e9n contribuye a la renovaci\u00f3n celular de la piel y las mucosas. Esta acci\u00f3n ayuda a combatir el envejecimiento cut\u00e1neo.<\/p>\n<p>He aqu\u00ed, en resumen, las funciones esenciales de este aceite de naranja: ayuda al bronceado y acci\u00f3n antioxidante.<\/p>","protected":false},"excerpt":{"rendered":"<p>Este aceite de zanahoria est\u00e1 disponible en <span style=\"color: #0000ff;\"><b>Botella de 1 litro o 12 botellas 60 ml \/ 120ml<\/b>.<\/span><\/p>\n<p><span style=\"color: #000000;\"><strong>Reducci\u00f3n del precio<\/strong>.<\/span><\/p>\n<ul>\n<li><b>Precio por litro <span class=\"Apple-converted-space\">\u00a0 <\/span>:<\/b>\u00a0<span style=\"color: #ff0000;\"><strong>22,90\u20ac<\/strong><\/span><\/li>\n<li><b>Precio del frasco de 120 ml <span class=\"Apple-converted-space\">\u00a0 <\/span>:<\/b>\u00a0<strong><span style=\"color: #ff0000;\">5,39\u20ac<\/span><\/strong><\/li>\n<li><b>Precio del frasco de 60 ml <span class=\"Apple-converted-space\">\u00a0 <\/span>:<\/b>\u00a0<span style=\"color: #ff0000;\"><strong>3,49\u20ac<\/strong><\/span><\/li>\n<\/ul>\n<p><span style=\"color: #ff0000;\"><b>Para m\u00e1s de 3 lotes, elija una cantidad en la cesta.<\/b><\/span><\/p>\n<p>Reciba un descuento de 10% en pedidos de m\u00e1s de 10 lotes (<span style=\"color: #ff0000;\"><a style=\"color: #ff0000;\" href=\"https:\/\/ventesengros.fr\/es\/pongase-en-contacto-con-2\/\"><strong>Contacto<\/strong><\/a><\/span>).<\/p>","protected":false},"featured_media":38239,"template":"","meta":[],"product_brand":[],"product_cat":[59,290,201,606],"product_tag":[],"class_list":{"0":"post-38228","1":"product","2":"type-product","3":"status-publish","4":"has-post-thumbnail","6":"product_cat-soin-et-bien-etre","7":"product_cat-autre","8":"product_cat-huiles-soin-et-bien-etre","9":"product_cat-vrac-par-litre","10":"pa_lot-1-lot-1-litre-2490e-le-litre","11":"pa_lot-1-lot-12-bouteilles-120ml-589e-la-bouteille","12":"pa_lot-1-lot-12-bouteilles-60ml-389e-la-bouteille","13":"pa_lot-2-lots-2-litres-2390e-le-litre","14":"pa_lot-2-lot-24-bouteilles-120ml-569e-la-bouteille","15":"pa_lot-2-lots-24-bouteilles-60ml-369e-la-bouteille","16":"pa_lot-3-lots-3-litres-2290e-le-litre","17":"pa_lot-3-lot-36-bouteilles-120ml-539e-la-bouteille","18":"pa_lot-3-lots-36-bouteilles-60ml-349e-la-bouteille","20":"first","21":"instock","22":"shipping-taxable","23":"purchasable","24":"product-type-variable"},"_links":{"self":[{"href":"https:\/\/ventesengros.fr\/es\/wp-json\/wp\/v2\/product\/38228","targetHints":{"allow":["GET"]}}],"collection":[{"href":"https:\/\/ventesengros.fr\/es\/wp-json\/wp\/v2\/product"}],"about":[{"href":"https:\/\/ventesengros.fr\/es\/wp-json\/wp\/v2\/types\/product"}],"wp:featuredmedia":[{"embeddable":true,"href":"https:\/\/ventesengros.fr\/es\/wp-json\/wp\/v2\/media\/38239"}],"wp:attachment":[{"href":"https:\/\/ventesengros.fr\/es\/wp-json\/wp\/v2\/media?parent=38228"}],"wp:term":[{"taxonomy":"product_brand","embeddable":true,"href":"https:\/\/ventesengros.fr\/es\/wp-json\/wp\/v2\/product_brand?post=38228"},{"taxonomy":"product_cat","embeddable":true,"href":"https:\/\/ventesengros.fr\/es\/wp-json\/wp\/v2\/product_cat?post=38228"},{"taxonomy":"product_tag","embeddable":true,"href":"https:\/\/ventesengros.fr\/es\/wp-json\/wp\/v2\/product_tag?post=38228"}],"curies":[{"name":"wp","href":"https:\/\/api.w.org\/{rel}","templated":true}]}}