{"id":38056,"date":"2020-05-07T19:38:21","date_gmt":"2020-05-07T18:38:21","guid":{"rendered":"https:\/\/ventesengros.fr\/?post_type=product&#038;p=38056"},"modified":"2025-06-30T09:41:22","modified_gmt":"2025-06-30T08:41:22","slug":"huile-de-pepin-de-figue-bio-certifiee-ecocert","status":"publish","type":"product","link":"https:\/\/ventesengros.fr\/es\/grossiste\/aceite-de-semilla-de-higo-ecologico-certificado-por-ecocert\/","title":{"rendered":"Aceite de semillas de higo chumbo ecol\u00f3gico certificado Ecocert (por litro o botellas de 10 ml\/30 ml)"},"content":{"rendered":"<p>Originario de M\u00e9xico, el higo chumbo ha dado paso en los \u00faltimos a\u00f1os a uno de los aceites cosm\u00e9ticos m\u00e1s apreciados del mundo: el aceite de semilla de higo chumbo. La mayor parte de esta producci\u00f3n de los laboratorios de cosm\u00e9tica natural tiene lugar en Marruecos. Aunque la fruta tambi\u00e9n es muy popular y se consume a diario.<\/p>\n<h2><b>Aceite de semillas de higo chumbo: el m\u00e1s caro del mundo<\/b><\/h2>\n<p>No es raro ver campos rectos de chumberas a los lados de las autopistas. Estos campos se utilizan para producir aceite de semilla de higo chumbo. De hecho, el m\u00e9todo de extracci\u00f3n requiere una producci\u00f3n considerable, ya que la semilla rinde s\u00f3lo 5% de aceite. Los productos cosm\u00e9ticos a base de aceite de higo chumbo se venden muy a menudo en peque\u00f1as cantidades. Es m\u00e1s eficaz que<a href=\"https:\/\/www.pause-au-naturelle.com\/produit\/huile-d-argan-cosmetique\/\" target=\"_blank\" rel=\"noopener noreferrer\"><strong>aceite de arg\u00e1n cosm\u00e9ticos marruecos<\/strong><\/a>Unas gotas bastan para rehidratar la piel en profundidad. Y sin duda es el s\u00e9rum para el contorno de ojos el que se lleva la palma. Reduce las bolsas y ojeras en un abrir y cerrar de ojos.<\/p>\n<h2><b>Lo \u00faltimo en hidrataci\u00f3n facial<\/b><\/h2>\n<p>Para una eficacia a\u00fan mayor, puede mezclarse con aceite de arg\u00e1n. Esta combinaci\u00f3n reforzar\u00e1 la acci\u00f3n de la vitamina E en el coraz\u00f3n de la f\u00f3rmula. El aceite de semillas de higo chumbo se asocia a menudo con la eterna juventud. De hecho, sus efectos antioxidantes son muy potentes. Su aplicaci\u00f3n regular sobre el rostro y el contorno de ojos retrasa el envejecimiento de la piel y aten\u00faa las arrugas. Con el tiempo, respetar\u00e1 en profundidad el tono y la elasticidad de la piel.<\/p>\n<p>Certificado ecocert, este aceite de semillas de higo chumbo ha sido producido \u00fanicamente por prensado en fr\u00edo. No se ha utilizado ning\u00fan disolvente ni ninguna otra materia org\u00e1nica para alterar la f\u00f3rmula inicial. Aprov\u00e9chelo todos los d\u00edas.<\/p>","protected":false},"excerpt":{"rendered":"<p>Ofrecemos este aceite de semillas de higo chumbo en <span style=\"color: #0000ff;\"><b>Botella de 1 litro o 12 botellas 30 ml \/ 10ml<\/b>. <span style=\"color: #000000;\"><strong>Reducci\u00f3n del precio<\/strong><\/span>.<\/span><\/p>\n<ul>\n<li><b>Precio por litro :<\/b> <span style=\"color: #ff0000;\"><strong>450\u20ac<\/strong><\/span><\/li>\n<li><b>Precio del frasco de 30 ml :<\/b>\u00a0<strong><span style=\"color: #ff0000;\">20,9\u20ac<\/span><\/strong><\/li>\n<li><b>Precio del frasco de 10 ml :<\/b>\u00a0<span style=\"color: #ff0000;\"><strong>8,79\u20ac<\/strong><\/span><\/li>\n<\/ul>\n<p><span style=\"color: #ff0000;\"><b>Para m\u00e1s de 3 lotes, elija una cantidad en la cesta.\u00a0<\/b><\/span><\/p>\n<p><b>Los precios pueden variar seg\u00fan la temporada y la cosecha<\/b><\/p>\n<p>Reciba un descuento de 10% en pedidos de m\u00e1s de 10 lotes (<span style=\"color: #ff0000;\"><a style=\"color: #ff0000;\" href=\"https:\/\/ventesengros.fr\/es\/pongase-en-contacto-con-2\/\"><strong>Contacto<\/strong><\/a><\/span>).<\/p>\n<p>&nbsp;<\/p>","protected":false},"featured_media":38067,"template":"","meta":[],"product_brand":[],"product_cat":[201,1534,962,59,606],"product_tag":[],"class_list":{"0":"post-38056","1":"product","2":"type-product","3":"status-publish","4":"has-post-thumbnail","6":"product_cat-huiles-soin-et-bien-etre","7":"product_cat-grossiste-huile-de-pepin-de-figue-de-barbarie","8":"product_cat-huile-certifie","9":"product_cat-soin-et-bien-etre","10":"product_cat-vrac-par-litre","11":"pa_lot-1-lot-1-litre-394e-le-litre","12":"pa_lot-1-lot-12-bouteilles-10ml-910e-la-bouteille","13":"pa_lot-1-lot-12-bouteilles-30ml-2150e-la-bouteille","14":"pa_lot-2-lots-2-litres-784e-le-litre","15":"pa_lot-2-lots-24-bouteilles-10ml-890e-la-bouteille","16":"pa_lot-2-lots-24-bouteilles-30ml-2110e-la-bouteille","17":"pa_lot-3-lots-3-litres-1173e-le-litre","18":"pa_lot-3-lots-36-bouteilles-10ml-870e-la-bouteille","19":"pa_lot-3-lots-36-bouteilles-30ml-2090e-la-bouteille","21":"first","22":"instock","23":"shipping-taxable","24":"purchasable","25":"product-type-variable"},"_links":{"self":[{"href":"https:\/\/ventesengros.fr\/es\/wp-json\/wp\/v2\/product\/38056","targetHints":{"allow":["GET"]}}],"collection":[{"href":"https:\/\/ventesengros.fr\/es\/wp-json\/wp\/v2\/product"}],"about":[{"href":"https:\/\/ventesengros.fr\/es\/wp-json\/wp\/v2\/types\/product"}],"wp:featuredmedia":[{"embeddable":true,"href":"https:\/\/ventesengros.fr\/es\/wp-json\/wp\/v2\/media\/38067"}],"wp:attachment":[{"href":"https:\/\/ventesengros.fr\/es\/wp-json\/wp\/v2\/media?parent=38056"}],"wp:term":[{"taxonomy":"product_brand","embeddable":true,"href":"https:\/\/ventesengros.fr\/es\/wp-json\/wp\/v2\/product_brand?post=38056"},{"taxonomy":"product_cat","embeddable":true,"href":"https:\/\/ventesengros.fr\/es\/wp-json\/wp\/v2\/product_cat?post=38056"},{"taxonomy":"product_tag","embeddable":true,"href":"https:\/\/ventesengros.fr\/es\/wp-json\/wp\/v2\/product_tag?post=38056"}],"curies":[{"name":"wp","href":"https:\/\/api.w.org\/{rel}","templated":true}]}}