{"id":37116,"date":"2018-10-19T16:17:16","date_gmt":"2018-10-19T15:17:16","guid":{"rendered":"https:\/\/ventesengros.fr\/?post_type=product&#038;p=37116"},"modified":"2024-10-14T09:06:04","modified_gmt":"2024-10-14T08:06:04","slug":"gelule-de-nigelle-et-de-costus-indien","status":"publish","type":"product","link":"https:\/\/ventesengros.fr\/es\/grossiste\/jalea-de-comino-negro-y-costus-indio\/","title":{"rendered":"Comino negro y costus indio c\u00e1psulas (60g) - paquete de 6 frascos"},"content":{"rendered":"<p><strong>Las diferentes propiedades de las dos plantas combinadas en una sola c\u00e1psula<\/strong><\/p>\n<p>La <strong>C\u00e1psula de comino negro y costus indio<\/strong> es un producto que ha sido cuidadosamente desarrollado para crear una combinaci\u00f3n tan sorprendente como eficaz. Presentado en forma de c\u00e1psulas, es un producto natural 100 % que permite que los principios activos de cada planta (<em>comino negro y costus indio<\/em>) permanezca intacta.<\/p>\n<p>Adem\u00e1s de ser comestibles, los dos componentes tienen numerosas propiedades terap\u00e9uticas.<\/p>\n<p><strong>C\u00e1psulas de comino negro y costus indio, virtudes y beneficios<\/strong><\/p>\n<p>La <strong>C\u00e1psula de comino negro y costus indio<\/strong> es doblemente eficaz, ya que act\u00faa sobre la salud del organismo de diversas maneras. Entre ellas destacan sus efectos estimulantes y tonificantes. La c\u00e1psula tambi\u00e9n tiene propiedades analg\u00e9sicas, carminativas, antiespasm\u00f3dicas, diur\u00e9ticas, expectorantes, profil\u00e1cticas, astringentes, antial\u00e9rgicas y antihelm\u00ednticas. Los distintos componentes de las dos plantas, cuando se combinan, tambi\u00e9n confieren al <strong>C\u00e1psula de comino negro y costus indio<\/strong> cualidades estomacales (refuerza y estimula el sistema digestivo, protege el est\u00f3mago) y ayuda a prevenir ciertas enfermedades que pueden afectar a las v\u00edas respiratorias (asma, bronquitis, tos, etc.).<\/p>\n<p>El consumo de <strong>C\u00e1psula de comino negro y costus indio<\/strong> es tambi\u00e9n un excelente medio para reforzar el sistema inmunitario del organismo y defender los \u00f3rganos vitales contra diversas enfermedades e infecciones. Adem\u00e1s, favorece la circulaci\u00f3n sangu\u00ednea y regula los niveles de az\u00facar y colesterol en sangre.<\/p>\n<p>Abastecerse de energ\u00eda es ahora m\u00e1s f\u00e1cil con el <strong>C\u00e1psula de comino negro y costus indio<\/strong>.<a href=\"https:\/\/ventesengros.fr\/wp-content\/uploads\/2018\/10\/Fiche-produit-G\u00e9lule-de-nigelle-et-de-costus-indien.docx\">Ficha producto-cigella-and-costus-c\u00e1psula-india<\/a> <a href=\"https:\/\/ventesengros.fr\/wp-content\/uploads\/2018\/10\/G\u00e9lule-de-Nigelle-Costus.jpg\"><img loading=\"lazy\" decoding=\"async\" class=\"aligncenter size-full wp-image-37119\" src=\"https:\/\/ventesengros.fr\/wp-content\/uploads\/2018\/10\/G\u00e9lule-de-Nigelle-Costus.jpg\" alt=\"\" width=\"951\" height=\"618\" srcset=\"https:\/\/ventesengros.fr\/wp-content\/uploads\/2018\/10\/G\u00e9lule-de-Nigelle-Costus.jpg 951w, https:\/\/ventesengros.fr\/wp-content\/uploads\/2018\/10\/G\u00e9lule-de-Nigelle-Costus-600x390.jpg 600w, https:\/\/ventesengros.fr\/wp-content\/uploads\/2018\/10\/G\u00e9lule-de-Nigelle-Costus-300x195.jpg 300w, https:\/\/ventesengros.fr\/wp-content\/uploads\/2018\/10\/G\u00e9lule-de-Nigelle-Costus-768x499.jpg 768w, https:\/\/ventesengros.fr\/wp-content\/uploads\/2018\/10\/G\u00e9lule-de-Nigelle-Costus-510x331.jpg 510w\" sizes=\"auto, (max-width: 951px) 100vw, 951px\" \/><\/a><\/p>","protected":false},"excerpt":{"rendered":"<div>\n<p>Le ofrecemos estas c\u00e1psulas indias de semillas de comino negro Costus (x 60 c\u00e1psulas), los dos productos se mezclan, 50% comino negro en polvo y 50% costus en polvo,\u00a0 <strong>se venden en paquetes de 6<\/strong>.<\/p>\n<p><span style=\"color: #ff0000; font-size: xx-small;\">Precio por unidad: 4,50<\/span><\/p>\n<\/div>\n<div>\n<p>1 lote: 4,50 euros\/unidad X6 = 27 euros<em>Precio de venta recomendado: 9,00 euros<\/em><\/p>\n<\/div>","protected":false},"featured_media":37119,"template":"","meta":[],"product_brand":[],"product_cat":[1509],"product_tag":[],"class_list":{"0":"post-37116","1":"product","2":"type-product","3":"status-publish","4":"has-post-thumbnail","6":"product_cat-huiles-de-ricin-en-gros","8":"first","9":"instock","10":"shipping-taxable","11":"purchasable","12":"product-type-simple"},"_links":{"self":[{"href":"https:\/\/ventesengros.fr\/es\/wp-json\/wp\/v2\/product\/37116","targetHints":{"allow":["GET"]}}],"collection":[{"href":"https:\/\/ventesengros.fr\/es\/wp-json\/wp\/v2\/product"}],"about":[{"href":"https:\/\/ventesengros.fr\/es\/wp-json\/wp\/v2\/types\/product"}],"wp:featuredmedia":[{"embeddable":true,"href":"https:\/\/ventesengros.fr\/es\/wp-json\/wp\/v2\/media\/37119"}],"wp:attachment":[{"href":"https:\/\/ventesengros.fr\/es\/wp-json\/wp\/v2\/media?parent=37116"}],"wp:term":[{"taxonomy":"product_brand","embeddable":true,"href":"https:\/\/ventesengros.fr\/es\/wp-json\/wp\/v2\/product_brand?post=37116"},{"taxonomy":"product_cat","embeddable":true,"href":"https:\/\/ventesengros.fr\/es\/wp-json\/wp\/v2\/product_cat?post=37116"},{"taxonomy":"product_tag","embeddable":true,"href":"https:\/\/ventesengros.fr\/es\/wp-json\/wp\/v2\/product_tag?post=37116"}],"curies":[{"name":"wp","href":"https:\/\/api.w.org\/{rel}","templated":true}]}}