{"id":35865,"date":"2016-11-24T16:05:23","date_gmt":"2016-11-24T15:05:23","guid":{"rendered":"https:\/\/ventesengros.fr\/grossiste\/fiole-vide-60ml-marrakech\/"},"modified":"2022-06-30T23:05:03","modified_gmt":"2022-06-30T22:05:03","slug":"fiole-vide-60ml-marrakech","status":"publish","type":"product","link":"https:\/\/ventesengros.fr\/es\/grossiste\/petaca-vacia-60ml-marrakech-2\/","title":{"rendered":"Frasco vac\u00edo de 60 ml Marrakech (paquete de 12)"},"content":{"rendered":"<p><b>Oriente<\/b> <b>Mayorista<\/b> es un sitio en l\u00ednea especializado en la venta de <b>a granel<\/b> dirigida especialmente a empresas que deseen vender al por menor productos (frascos vac\u00edos de 60 ml, siwak, miel, etc.). Nos comprometemos a ofrecerle productos de calidad a precios competitivos, as\u00ed como nuevos productos de forma regular para satisfacer la creciente y cambiante demanda de los clientes.<\/p>\n<h2><strong>Frasco vac\u00edo de 60 ml:<\/strong><\/h2>\n<p>Su <b>mayorista en l\u00ednea<\/b> en la categor\u00eda \"Bazar isl\u00e1mico\". <b>viales vac\u00edos<\/b> Capacidad de 60 ml, tama\u00f1os peque\u00f1os y acabados precisos para la reventa al por menor. Por supuesto, puede revenderlos vac\u00edos para que los clientes elijan rellenarlos ellos mismos con los productos de su elecci\u00f3n, o rellenarlos usted mismo con aceites esenciales, por ejemplo, polvos alimentarios, cosm\u00e9ticos u otros productos, seg\u00fan sus necesidades.<\/p>\n<p>En la categor\u00eda \"Cuidado y bienestar\", le ofrecemos una gama de productos complementarios que puede utilizar para cubrir sus necesidades. <b>botellas vac\u00edas<\/b>Entre ellos se encuentran los aceites esenciales naturales, los aceites de masaje y muchos otros.<\/p>\n<p>Tambi\u00e9n puede optar por rellenar los frascos con perfumes como almizcles o cualquier otro l\u00edquido o polvo precioso que desee conservar.<\/p>\n<p>Su mayorista en l\u00ednea \"Orient Grossiste\" le ofrece estos <b>viales transparentes<\/b> se venden en lotes de 12 a un precio <b>barato<\/b> Cuanto mayor sea la cantidad adquirida, menor ser\u00e1 el precio unitario. Para facilitarle la reventa de estos productos, hemos facilitado un precio de reventa recomendado basado en los precios actuales del mercado.<\/p>\n<p>Por supuesto, cuando los viales se embalen en cajas, se proteger\u00e1n cuidadosamente para evitar roturas o grietas durante el transporte.<\/p>\n<p>No dude en ponerse en contacto con el Servicio de Atenci\u00f3n al Cliente si tiene alguna pregunta o necesita m\u00e1s informaci\u00f3n. Estamos disponibles en horarios muy flexibles para atenderle.<\/p>\n<p>&nbsp;<\/p>\n<p>&nbsp;<\/p>\n<p>&nbsp;<\/p>\n<p>&nbsp;<\/p>","protected":false},"excerpt":{"rendered":"<p>Le ofrecemos estos <strong>Frascos vac\u00edos 60mL Marrakech\u00a0<\/strong>se venden en paquetes de 12 a 2,19 euros cada uno.<\/p>\n<p>1 lote :\u00a0<span style=\"color: #0ad227;\">2,19\u20ac\/Pieza<\/span><br \/>\n2 lotes : <span style=\"color: #ff7100;\">2,09\u20ac\/Pieza<\/span><br \/>\n3 lotes y m\u00e1s : <span style=\"color: #ff0000;\">1,99\u20ac\/Pieza<\/span><\/p>","protected":false},"featured_media":35869,"template":"","meta":[],"product_brand":[],"product_cat":[60,323],"product_tag":[1158,258,1157,974,688],"class_list":{"0":"post-35865","1":"product","2":"type-product","3":"status-publish","4":"has-post-thumbnail","6":"product_cat-bazar","7":"product_cat-flacon-vide-bazar","8":"product_tag-artisanat","9":"product_tag-en-gros","10":"product_tag-fiole-vide-marrakech","11":"product_tag-grossiste","12":"product_tag-maroc","13":"pa_lot-158","14":"pa_lot-160","15":"pa_lot-159","17":"first","18":"instock","19":"shipping-taxable","20":"purchasable","21":"product-type-simple"},"_links":{"self":[{"href":"https:\/\/ventesengros.fr\/es\/wp-json\/wp\/v2\/product\/35865","targetHints":{"allow":["GET"]}}],"collection":[{"href":"https:\/\/ventesengros.fr\/es\/wp-json\/wp\/v2\/product"}],"about":[{"href":"https:\/\/ventesengros.fr\/es\/wp-json\/wp\/v2\/types\/product"}],"wp:featuredmedia":[{"embeddable":true,"href":"https:\/\/ventesengros.fr\/es\/wp-json\/wp\/v2\/media\/35869"}],"wp:attachment":[{"href":"https:\/\/ventesengros.fr\/es\/wp-json\/wp\/v2\/media?parent=35865"}],"wp:term":[{"taxonomy":"product_brand","embeddable":true,"href":"https:\/\/ventesengros.fr\/es\/wp-json\/wp\/v2\/product_brand?post=35865"},{"taxonomy":"product_cat","embeddable":true,"href":"https:\/\/ventesengros.fr\/es\/wp-json\/wp\/v2\/product_cat?post=35865"},{"taxonomy":"product_tag","embeddable":true,"href":"https:\/\/ventesengros.fr\/es\/wp-json\/wp\/v2\/product_tag?post=35865"}],"curies":[{"name":"wp","href":"https:\/\/api.w.org\/{rel}","templated":true}]}}