{"id":34843,"date":"2016-05-11T10:57:57","date_gmt":"2016-05-11T09:57:57","guid":{"rendered":"https:\/\/ventesengros.fr\/grossiste\/coffret-ambre-hemani\/"},"modified":"2022-06-30T23:09:08","modified_gmt":"2022-06-30T22:09:08","slug":"coffret-ambre-hemani","status":"publish","type":"product","link":"https:\/\/ventesengros.fr\/es\/grossiste\/hemani-caja-de-ambar\/","title":{"rendered":"Hemani caja de \u00e1mbar X 12"},"content":{"rendered":"<p><strong>Propiedad:<\/strong><\/p>\n<p>El cuadrado de \u00e1mbar es muy pr\u00e1ctico para perfumar, una simple aplicaci\u00f3n sobre la ropa, la piel deja un olor muy bueno de larga duraci\u00f3n.<\/p>\n<p><b>Peso:\u00a0<\/b>75 g\/caja<\/p>\n<p><strong>Capacidad:<\/strong>\u00a03 cuadrados\/caja<\/p>","protected":false},"excerpt":{"rendered":"<p>Le ofrecemos estos <strong>Juego de \u00e1mbar Hemani<\/strong>\u00a0se venden en paquetes de 12 unidades.<\/p>\n<p>1 pieza interior nueva<\/p>\n<p>Precio de venta recomendado 3,60 euros.<\/p>\n<p>1 lote :\u00a0<span style=\"color: #0ad227;\">1,79\/unidad X 12 = 21,48 euros<\/span><\/p>\n<p>&nbsp;<\/p>\n<p>&nbsp;<\/p>","protected":false},"featured_media":41202,"template":"","meta":[],"product_brand":[],"product_cat":[60,237],"product_tag":[1216,1215,258,974,305,343],"class_list":{"0":"post-34843","1":"product","2":"type-product","3":"status-publish","4":"has-post-thumbnail","6":"product_cat-bazar","7":"product_cat-parfummusk","8":"product_tag-ambre","9":"product_tag-coffret","10":"product_tag-en-gros","11":"product_tag-grossiste","12":"product_tag-hemani","13":"product_tag-solide","14":"pa_lot-158","15":"pa_lot-160","16":"pa_lot-159","18":"first","19":"instock","20":"shipping-taxable","21":"purchasable","22":"product-type-simple"},"_links":{"self":[{"href":"https:\/\/ventesengros.fr\/es\/wp-json\/wp\/v2\/product\/34843","targetHints":{"allow":["GET"]}}],"collection":[{"href":"https:\/\/ventesengros.fr\/es\/wp-json\/wp\/v2\/product"}],"about":[{"href":"https:\/\/ventesengros.fr\/es\/wp-json\/wp\/v2\/types\/product"}],"wp:featuredmedia":[{"embeddable":true,"href":"https:\/\/ventesengros.fr\/es\/wp-json\/wp\/v2\/media\/41202"}],"wp:attachment":[{"href":"https:\/\/ventesengros.fr\/es\/wp-json\/wp\/v2\/media?parent=34843"}],"wp:term":[{"taxonomy":"product_brand","embeddable":true,"href":"https:\/\/ventesengros.fr\/es\/wp-json\/wp\/v2\/product_brand?post=34843"},{"taxonomy":"product_cat","embeddable":true,"href":"https:\/\/ventesengros.fr\/es\/wp-json\/wp\/v2\/product_cat?post=34843"},{"taxonomy":"product_tag","embeddable":true,"href":"https:\/\/ventesengros.fr\/es\/wp-json\/wp\/v2\/product_tag?post=34843"}],"curies":[{"name":"wp","href":"https:\/\/api.w.org\/{rel}","templated":true}]}}