{"id":34520,"date":"2016-05-12T07:13:59","date_gmt":"2016-05-12T06:13:59","guid":{"rendered":"https:\/\/ventesengros.fr\/grossiste\/gant-de-gommage-haute-qualite-rouge-carmin\/"},"modified":"2023-08-15T10:07:23","modified_gmt":"2023-08-15T09:07:23","slug":"gant-de-gommage-haute-qualite-rouge-carmin","status":"publish","type":"product","link":"https:\/\/ventesengros.fr\/es\/grossiste\/guante-de-fregar-rojo-carmin-de-alta-calidad\/","title":{"rendered":"Guante m\u00e9dico rojo carm\u00edn de alta calidad X 12"},"content":{"rendered":"<p>En un momento en que el mercado de la moda y la belleza est\u00e1 en su apogeo, en el que las empresas redoblan sus esfuerzos e invierten sumas astron\u00f3micas para presentar el mejor producto con el fin de ser conocidas y reconocidas en todo el mundo, existen productos de belleza e higiene que llevan mucho tiempo demostrando su eficacia, como el Guante Exfoliante de Alta Calidad de Orient Grossiste.<\/p>\n<p>Este es el caso de <b>guante de fregar<\/b> utilizado originalmente en los hammams orientales, se ha extendido hasta convertirse en un art\u00edculo imprescindible en nuestros cuartos de ba\u00f1o occidentales. Este guante exfoliante puede compararse con el <b>guante kessa<\/b>Esto se debe a que limpia el organismo en profundidad. <b>Cuidar su cuerpo<\/b> es importante para la salud f\u00edsica y mental.<\/p>\n<h2><strong>El guante de fregar de alta calidad, con componentes para satisfacerle:\u00a0<\/strong><\/h2>\n<p>Fabricado con un material crep\u00e9 ideal para exfoliar las c\u00e9lulas muertas en profundidad, dejando la piel suave como la seda y libre de impurezas. Frotar la piel de esta forma tambi\u00e9n es una excelente manera de activar la circulaci\u00f3n sangu\u00ednea, lo que facilita la regeneraci\u00f3n de la piel.<\/p>\n<p>En cuanto a nuestro <b>CONSEJOS DE USO<\/b> Para el usuario final, recomendamos calentar previamente el cuarto de ba\u00f1o a una temperatura elevada y utilizar jab\u00f3n negro por todo el cuerpo, por ejemplo, dej\u00e1ndolo actuar de 1 a 2 minutos y aclarando despu\u00e9s con agua tibia. Una vez finalizada esta fase, puede utilizar el guante para frotarse todo el cuerpo de forma en\u00e9rgica, antes de aclararse con su gel de ducha habitual.<\/p>\n<h3><strong>Muy buena relaci\u00f3n calidad-precio de Marruecos:<\/strong><\/h3>\n<p>Su <b>mayorista <\/b>usted<b> <\/b>pone a la venta estos productos <b>guantes de fregar de alta calidad <\/b>de color rosa, vendidos en lotes de 12, directamente de Marruecos, con un peso neto de 410 g cada uno.<\/p>\n<p>As\u00ed que puede comprar estos guantes <b>a granel<\/b>a un precio muy competitivo. Adem\u00e1s, cuanto mayor sea la cantidad comprada, menor ser\u00e1 el precio por lote. Le recomendamos un precio de reventa calculado en funci\u00f3n de los precios de mercado, para facilitarle las cosas.<\/p>\n<p>Puede comprar productos complementarios al jab\u00f3n negro en nuestro sitio en l\u00ednea, en la categor\u00eda cuidado y bienestar.<\/p>\n<p><strong>LIMPIEZA:<\/strong><\/p>\n<p><strong>Color:<\/strong>\u00a0rojo carm\u00edn<\/p>","protected":false},"excerpt":{"rendered":"<p>Le ofrecemos este\u00a0<strong>Guante m\u00e9dico de alta calidad\u00a0<\/strong>se venden en paquetes de 12 unidades.<\/p>\n<p>Precio de venta recomendado: 3,90-4,90 euros.<\/p>\n<p>1 lote :\u00a0<span style=\"color: #0ad227;\">1,29\/unidad X 12 = 15,48 euros<\/span><\/p>","protected":false},"featured_media":34545,"template":"","meta":[],"product_brand":[],"product_cat":[401],"product_tag":[258,386,974,274],"class_list":{"0":"post-34520","1":"product","2":"type-product","3":"status-publish","4":"has-post-thumbnail","6":"product_cat-produits-du-hammam","7":"product_tag-en-gros","8":"product_tag-gant-de-gommage-2","9":"product_tag-grossiste","10":"product_tag-qualite","11":"pa_lot-158","12":"pa_lot-160","13":"pa_lot-159","15":"first","16":"instock","17":"shipping-taxable","18":"purchasable","19":"product-type-simple"},"_links":{"self":[{"href":"https:\/\/ventesengros.fr\/es\/wp-json\/wp\/v2\/product\/34520","targetHints":{"allow":["GET"]}}],"collection":[{"href":"https:\/\/ventesengros.fr\/es\/wp-json\/wp\/v2\/product"}],"about":[{"href":"https:\/\/ventesengros.fr\/es\/wp-json\/wp\/v2\/types\/product"}],"wp:featuredmedia":[{"embeddable":true,"href":"https:\/\/ventesengros.fr\/es\/wp-json\/wp\/v2\/media\/34545"}],"wp:attachment":[{"href":"https:\/\/ventesengros.fr\/es\/wp-json\/wp\/v2\/media?parent=34520"}],"wp:term":[{"taxonomy":"product_brand","embeddable":true,"href":"https:\/\/ventesengros.fr\/es\/wp-json\/wp\/v2\/product_brand?post=34520"},{"taxonomy":"product_cat","embeddable":true,"href":"https:\/\/ventesengros.fr\/es\/wp-json\/wp\/v2\/product_cat?post=34520"},{"taxonomy":"product_tag","embeddable":true,"href":"https:\/\/ventesengros.fr\/es\/wp-json\/wp\/v2\/product_tag?post=34520"}],"curies":[{"name":"wp","href":"https:\/\/api.w.org\/{rel}","templated":true}]}}