{"id":34340,"date":"2016-04-20T08:49:25","date_gmt":"2016-04-20T07:49:25","guid":{"rendered":"https:\/\/ventesengros.fr\/grossiste\/huile-de-fourmi-hemani-30ml\/"},"modified":"2024-12-10T07:48:58","modified_gmt":"2024-12-10T06:48:58","slug":"huile-de-fourmi-hemani-30ml","status":"publish","type":"product","link":"https:\/\/ventesengros.fr\/es\/grossiste\/aceite-de-hormigas-hemani-30ml\/","title":{"rendered":"HEMANI Aceite para Hormigas 30ml X 12"},"content":{"rendered":"<p><strong>Propiedad:<\/strong><\/p>\n<p>-Impide que el vello brote<\/p>\n<p>Aceite de hormigas 30mL HEMANI<\/p>\n<p>&nbsp;<\/p>\n<p>HEMANI es una famosa marca conocida por sus productos totalmente naturales y de calidad ecol\u00f3gica certificada. Su <strong>mayorista <\/strong>Orient Grossiste ha decidido poner a la venta <strong>a granel<\/strong> <strong>aceite de hormiga 30mL HEMANI<\/strong> para garantizarle un producto de calidad a un precio competitivo.<\/p>\n<p>El aceite de hormiga es un aceite que elimina progresivamente el vello desde la ra\u00edz despu\u00e9s de cada uso. Basta con masajearlo de 5 a 10 minutos despu\u00e9s de cada sesi\u00f3n depilatoria -con cera, depiladora o pinzas- y repetir su uso a diario, especialmente despu\u00e9s de cada depilaci\u00f3n. Los resultados son visibles muy r\u00e1pidamente, pero los verdaderos resultados concluyentes y definitivos se aprecian despu\u00e9s de 5 aplicaciones (o incluso m\u00e1s, seg\u00fan el tipo de vello que tenga).<\/p>\n<p>El aceite de hormiga se obtiene a partir de <strong>de \u00e1cido f\u00f3rmico <\/strong>contenida en los huevos de hormiga, que <strong>producto sint\u00e9tico<\/strong>El aceite no contiene hormigas ni huevos de hormiga. No contiene productos qu\u00edmicos ni parabenos y es apto para todo tipo de pieles, incluidas las sensibles. HEMANI Ant Oil puede utilizarse en todas las partes del cuerpo.<\/p>\n<p>El envase del aceite para hormigas vendido por <strong>Mayorista Orient<\/strong> est\u00e1 coloreado y se presenta en un frasco de cristal de 30 ml con un aplicador para la yema de los dedos que permite un uso f\u00e1cil e higi\u00e9nico.<\/p>\n<p>Recomendamos un precio de reventa de 9,90 euros para este producto, basado en los precios actuales del mercado y la demanda. Cuantos m\u00e1s lotes compre, menor ser\u00e1 el precio unitario.<\/p>\n<p>Si tiene alguna pregunta, no dude en ponerse en contacto con nuestro servicio de atenci\u00f3n al cliente.<\/p>\n<p>&nbsp;<\/p>\n<p>&nbsp;<\/p>","protected":false},"excerpt":{"rendered":"<p>Ofrecemos este aceite de hormiga HEMANI en un lote de<strong><span style=\"color: #0000ff;\">\u00a012 frascos de 30 ml.<\/span><\/strong><\/p>\n<ul>\n<li><b>Precio por botella\u00a0<span class=\"Apple-converted-space\">\u00a0 <\/span>:<\/b>\u00a0<span style=\"color: #ff0000;\"><strong>3,99\u20ac<\/strong><\/span><\/li>\n<\/ul>\n<p>1 lote : <span style=\"color: #0ad227;\">3,99\/unidad X 12 = 47,88 euros<\/span><\/p>","protected":false},"featured_media":34348,"template":"","meta":[],"product_brand":[],"product_cat":[290,201,59],"product_tag":[258,974,536,688],"class_list":{"0":"post-34340","1":"product","2":"type-product","3":"status-publish","4":"has-post-thumbnail","6":"product_cat-autre","7":"product_cat-huiles-soin-et-bien-etre","8":"product_cat-soin-et-bien-etre","9":"product_tag-en-gros","10":"product_tag-grossiste","11":"product_tag-huile-de-fourmi","12":"product_tag-maroc","13":"pa_lot-1-lot-12-huiles-5880e-soit-490e-lhuile","14":"pa_lot-2-lots-24-huiles-10680e-soit-445e-lhuile","15":"pa_lot-3-lots-36-huiles-14364e-soit-399e-lhuile","17":"first","18":"instock","19":"shipping-taxable","20":"purchasable","21":"product-type-simple"},"_links":{"self":[{"href":"https:\/\/ventesengros.fr\/es\/wp-json\/wp\/v2\/product\/34340","targetHints":{"allow":["GET"]}}],"collection":[{"href":"https:\/\/ventesengros.fr\/es\/wp-json\/wp\/v2\/product"}],"about":[{"href":"https:\/\/ventesengros.fr\/es\/wp-json\/wp\/v2\/types\/product"}],"wp:featuredmedia":[{"embeddable":true,"href":"https:\/\/ventesengros.fr\/es\/wp-json\/wp\/v2\/media\/34348"}],"wp:attachment":[{"href":"https:\/\/ventesengros.fr\/es\/wp-json\/wp\/v2\/media?parent=34340"}],"wp:term":[{"taxonomy":"product_brand","embeddable":true,"href":"https:\/\/ventesengros.fr\/es\/wp-json\/wp\/v2\/product_brand?post=34340"},{"taxonomy":"product_cat","embeddable":true,"href":"https:\/\/ventesengros.fr\/es\/wp-json\/wp\/v2\/product_cat?post=34340"},{"taxonomy":"product_tag","embeddable":true,"href":"https:\/\/ventesengros.fr\/es\/wp-json\/wp\/v2\/product_tag?post=34340"}],"curies":[{"name":"wp","href":"https:\/\/api.w.org\/{rel}","templated":true}]}}