{"id":34119,"date":"2016-03-29T14:42:46","date_gmt":"2016-03-29T13:42:46","guid":{"rendered":"https:\/\/ventesengros.fr\/grossiste\/gelules-de-gingembre-de-palmier-x60\/"},"modified":"2024-01-18T10:53:07","modified_gmt":"2024-01-18T09:53:07","slug":"gelules-de-gingembre-de-palmier-x60","status":"publish","type":"product","link":"https:\/\/ventesengros.fr\/es\/grossiste\/jengibre-de-palma-capsulas-x60\/","title":{"rendered":"C\u00e1psulas de jengibre (x60 c\u00e1psulas) - pack de 6"},"content":{"rendered":"<div><strong>Propiedad:<\/strong><\/div>\n<div>El jengibre es conocido desde hace m\u00e1s de 5.000 a\u00f1os en muchas partes del mundo por sus propiedades terap\u00e9uticas:<\/div>\n<div><\/div>\n<div>-Estimula el sistema inmunitario.<\/div>\n<div>-Antiinflamatorio, antibacteriano y antiviral: ayuda a combatir la fiebre, la gripe y las alergias.<\/div>\n<div>-Alivia el dolor (migra\u00f1as, dolores musculares, menstruaci\u00f3n, espasmos digestivos, trastornos g\u00e1stricos).<\/div>\n<div>-Estimula el apetito y act\u00faa sobre trastornos intestinales como n\u00e1useas, hinchaz\u00f3n, gases, dolor y diarrea.<\/div>\n<div>-Previene los v\u00f3mitos despu\u00e9s de operaciones, por mareo o durante el embarazo.<\/div>\n<div>-Tonifica, estimula y fortalece el cuerpo.<\/div>\n<div>-Fuertes propiedades antioxidantes.<\/div>\n<div>-Afrodis\u00edaco.<\/div>\n<p>&nbsp;<\/p>","protected":false},"excerpt":{"rendered":"<p>Le ofrecemos estos <strong>C\u00e1psulas de jengibre (x60)\u00a0<\/strong>se venden en paquetes de 12 unidades.<\/p>\n<p>1 lote : <span style=\"color: #ff0000;\">4,19\/unidad X 6 = 25,14 euros<\/span><\/p>\n<p>&nbsp;<\/p>\n<p>Precio de venta recomendado: 9,90 euros.<\/p>","protected":false},"featured_media":57915,"template":"","meta":[],"product_brand":[],"product_cat":[206,285,1554,59],"product_tag":[],"class_list":{"0":"post-34119","1":"product","2":"type-product","3":"status-publish","4":"has-post-thumbnail","6":"product_cat-alimentation","7":"product_cat-autres","8":"product_cat-grossiste-gelules","9":"product_cat-soin-et-bien-etre","11":"first","12":"instock","13":"shipping-taxable","14":"purchasable","15":"product-type-simple"},"_links":{"self":[{"href":"https:\/\/ventesengros.fr\/es\/wp-json\/wp\/v2\/product\/34119","targetHints":{"allow":["GET"]}}],"collection":[{"href":"https:\/\/ventesengros.fr\/es\/wp-json\/wp\/v2\/product"}],"about":[{"href":"https:\/\/ventesengros.fr\/es\/wp-json\/wp\/v2\/types\/product"}],"wp:featuredmedia":[{"embeddable":true,"href":"https:\/\/ventesengros.fr\/es\/wp-json\/wp\/v2\/media\/57915"}],"wp:attachment":[{"href":"https:\/\/ventesengros.fr\/es\/wp-json\/wp\/v2\/media?parent=34119"}],"wp:term":[{"taxonomy":"product_brand","embeddable":true,"href":"https:\/\/ventesengros.fr\/es\/wp-json\/wp\/v2\/product_brand?post=34119"},{"taxonomy":"product_cat","embeddable":true,"href":"https:\/\/ventesengros.fr\/es\/wp-json\/wp\/v2\/product_cat?post=34119"},{"taxonomy":"product_tag","embeddable":true,"href":"https:\/\/ventesengros.fr\/es\/wp-json\/wp\/v2\/product_tag?post=34119"}],"curies":[{"name":"wp","href":"https:\/\/api.w.org\/{rel}","templated":true}]}}