{"id":33993,"date":"2016-12-11T15:55:46","date_gmt":"2016-12-11T14:55:46","guid":{"rendered":"https:\/\/ventesengros.fr\/grossiste\/gelule-pollen-de-palmier\/"},"modified":"2025-01-03T11:38:24","modified_gmt":"2025-01-03T10:38:24","slug":"gelule-pollen-de-palmier","status":"publish","type":"product","link":"https:\/\/ventesengros.fr\/es\/grossiste\/gel-de-polen-de-palma\/","title":{"rendered":"C\u00e1psulas de polen de palma - 60 C\u00e1psulas (pack de 6)"},"content":{"rendered":"<p>&nbsp;<\/p>\n<p>El polen de palma es un producto totalmente natural, recomendado como remedio y suplemento diet\u00e9tico en la medicina tradicional \u00e1rabe.<\/p>\n<p>La investigaci\u00f3n m\u00e9dica moderna ha confirmado sus numerosos beneficios, incluida su eficacia en el tratamiento de la infertilidad masculina. Esta eficacia se explica por la presencia de la hormona estrona en el polen (el polen de palma pertenece a la familia de los fit\u00f3genos), que tambi\u00e9n resulta beneficiosa para regular la menstruaci\u00f3n femenina.<\/p>\n<p>Su alto contenido en grasa, combinado con la presencia de estrona, explica sus efectos tonificantes y estimulantes. Esta es la principal raz\u00f3n por la que el polen se consume en Arabia, pero la lista de sus beneficios es larga:<\/p>\n<p>Favorece la fertilidad, limpia el \u00fatero durante y despu\u00e9s de la menstruaci\u00f3n, favorece la producci\u00f3n gonadal y combate la impotencia.<\/p>","protected":false},"excerpt":{"rendered":"<p>Le ofrecemos estos <strong>C\u00e1psulas de polen de palma (x 60 c\u00e1psulas) <\/strong>se venden en paquetes de 6.<\/p>\n<p><strong><span style=\"color: #50b848;\">1 lote: 5,50 euros\/unidad X6 = 33 euros<\/span><\/strong><\/p>\n<p><em><span style=\"font-size: 75%;\">Precio de venta recomendado: 13,90 euros<\/span><\/em><\/p>","protected":false},"featured_media":57907,"template":"","meta":[],"product_brand":[],"product_cat":[206,285,1515,1554,59],"product_tag":[],"class_list":{"0":"post-33993","1":"product","2":"type-product","3":"status-publish","4":"has-post-thumbnail","6":"product_cat-alimentation","7":"product_cat-autres","8":"product_cat-fertilite","9":"product_cat-grossiste-gelules","10":"product_cat-soin-et-bien-etre","12":"first","13":"instock","14":"shipping-taxable","15":"purchasable","16":"product-type-simple"},"_links":{"self":[{"href":"https:\/\/ventesengros.fr\/es\/wp-json\/wp\/v2\/product\/33993","targetHints":{"allow":["GET"]}}],"collection":[{"href":"https:\/\/ventesengros.fr\/es\/wp-json\/wp\/v2\/product"}],"about":[{"href":"https:\/\/ventesengros.fr\/es\/wp-json\/wp\/v2\/types\/product"}],"wp:featuredmedia":[{"embeddable":true,"href":"https:\/\/ventesengros.fr\/es\/wp-json\/wp\/v2\/media\/57907"}],"wp:attachment":[{"href":"https:\/\/ventesengros.fr\/es\/wp-json\/wp\/v2\/media?parent=33993"}],"wp:term":[{"taxonomy":"product_brand","embeddable":true,"href":"https:\/\/ventesengros.fr\/es\/wp-json\/wp\/v2\/product_brand?post=33993"},{"taxonomy":"product_cat","embeddable":true,"href":"https:\/\/ventesengros.fr\/es\/wp-json\/wp\/v2\/product_cat?post=33993"},{"taxonomy":"product_tag","embeddable":true,"href":"https:\/\/ventesengros.fr\/es\/wp-json\/wp\/v2\/product_tag?post=33993"}],"curies":[{"name":"wp","href":"https:\/\/api.w.org\/{rel}","templated":true}]}}