{"id":33929,"date":"2016-03-15T15:09:35","date_gmt":"2016-03-15T14:09:35","guid":{"rendered":"https:\/\/ventesengros.fr\/grossiste\/miel-de-thym-250g\/"},"modified":"2023-11-14T17:05:34","modified_gmt":"2023-11-14T16:05:34","slug":"miel-de-thym-250g","status":"publish","type":"product","link":"https:\/\/ventesengros.fr\/es\/grossiste\/miel-de-tomillo-250g-2\/","title":{"rendered":"Miel de tomillo - tarro de 250 g (paquete de 8 tarros)"},"content":{"rendered":"<p>La miel es uno de los mejores medicamentos naturales que existen en la actualidad. Hay muchos tipos diferentes de miel, cuya calidad var\u00eda mucho en funci\u00f3n de su procedencia, su contenido en glucosa y el pa\u00eds o pa\u00edses de los que se importa.<\/p>\n<h2><strong>Miel de Tomillo 250g, una recomendaci\u00f3n para usted :\u00a0<\/strong><\/h2>\n<p><b>Mayorista Orient<\/b> vende el <b>miel de tomillo<\/b>Esta miel es famosa por sus impresionantes propiedades cicatrizantes, gracias a un ingrediente que se encuentra en el tomillo. Su efecto es acelerar el crecimiento del tejido cut\u00e1neo, lo que sin duda es una excelente forma natural de curar una herida.<\/p>\n<p>Esta miel tambi\u00e9n puede utilizarse para desinfectar una herida, tratar una quemadura leve, \u00falceras, aftas bucales e incluso el acn\u00e9 si se utiliza como mascarilla sobre el rostro.<\/p>\n<p>Le <b>250 g de miel de tomillo de Marruecos<\/b> tiene fama de ser una miel de sabor fuerte y su color \u00e1mbar oscuro la convierte en una miel de calidad.<\/p>\n<p>Su <b>mayorista en l\u00ednea<\/b> le ofrece esta miel para comprar <b>a granel<\/b> a un precio imbatible; un lote consta de 8 tarros de 250 gramos cada uno, es decir, 2 kg por lote, a un precio de 55,92 euros, es decir, 6,99 euros cada uno. Si compra 2 o m\u00e1s lotes, se beneficiar\u00e1 de un precio unitario m\u00e1s bajo.<\/p>\n<p>La miel de tomillo se envasa en tarros de cristal para garantizar su buena conservaci\u00f3n y, por supuesto, se protege durante el transporte para evitar roturas u otros da\u00f1os.<\/p>\n<p>En nuestro sitio web encontrar\u00e1 una gama de mieles de calidad procedentes de Marruecos que se adapta a sus necesidades. Para m\u00e1s informaci\u00f3n, no dude en ponerse en contacto con nuestro equipo de atenci\u00f3n al cliente, disponible en horarios flexibles para responder a sus peticiones.<\/p>\n<p>&nbsp;<\/p>","protected":false},"excerpt":{"rendered":"<p>Le ofrecemos este\u00a0<strong>Miel de Tomillo 250g\u00a0<\/strong>se venden en paquetes de 8 unidades.<\/p>\n<p>1 lote : <span style=\"color: #0ad227;\">8,50\/unidad X 8 = 68 euros<\/span><\/p>\n<p>&nbsp;<\/p>","protected":false},"featured_media":34709,"template":"","meta":[],"product_brand":[],"product_cat":[206,596,59],"product_tag":[258,974,63,1151],"class_list":{"0":"post-33929","1":"product","2":"type-product","3":"status-publish","4":"has-post-thumbnail","6":"product_cat-alimentation","7":"product_cat-miel-alimentation","8":"product_cat-soin-et-bien-etre","9":"product_tag-en-gros","10":"product_tag-grossiste","11":"product_tag-miel","12":"product_tag-thym","14":"first","15":"instock","16":"shipping-taxable","17":"purchasable","18":"product-type-simple"},"_links":{"self":[{"href":"https:\/\/ventesengros.fr\/es\/wp-json\/wp\/v2\/product\/33929","targetHints":{"allow":["GET"]}}],"collection":[{"href":"https:\/\/ventesengros.fr\/es\/wp-json\/wp\/v2\/product"}],"about":[{"href":"https:\/\/ventesengros.fr\/es\/wp-json\/wp\/v2\/types\/product"}],"wp:featuredmedia":[{"embeddable":true,"href":"https:\/\/ventesengros.fr\/es\/wp-json\/wp\/v2\/media\/34709"}],"wp:attachment":[{"href":"https:\/\/ventesengros.fr\/es\/wp-json\/wp\/v2\/media?parent=33929"}],"wp:term":[{"taxonomy":"product_brand","embeddable":true,"href":"https:\/\/ventesengros.fr\/es\/wp-json\/wp\/v2\/product_brand?post=33929"},{"taxonomy":"product_cat","embeddable":true,"href":"https:\/\/ventesengros.fr\/es\/wp-json\/wp\/v2\/product_cat?post=33929"},{"taxonomy":"product_tag","embeddable":true,"href":"https:\/\/ventesengros.fr\/es\/wp-json\/wp\/v2\/product_tag?post=33929"}],"curies":[{"name":"wp","href":"https:\/\/api.w.org\/{rel}","templated":true}]}}