{"id":33927,"date":"2016-03-05T07:00:21","date_gmt":"2016-03-05T06:00:21","guid":{"rendered":"https:\/\/ventesengros.fr\/grossiste\/miel-de-sidr-250g\/"},"modified":"2023-12-21T10:25:59","modified_gmt":"2023-12-21T09:25:59","slug":"miel-de-sidr-250g","status":"publish","type":"product","link":"https:\/\/ventesengros.fr\/es\/grossiste\/sidr-miel-250g\/","title":{"rendered":"Miel Sidr en tarros de 250 g (paquete de 8 tarros)"},"content":{"rendered":"<p>La miel es un n\u00e9ctar dulce tan bueno para el paladar como para la salud, un remedio natural con beneficios y virtudes excepcionales.<\/p>\n<p><span style=\"font-weight: 400;\">Existen muchos tipos de miel, con aromas, texturas y sabores muy diferentes seg\u00fan su origen. Hoy en d\u00eda existen en el mercado mieles de distinta calidad, y algunas de las mejores son <\/span><b>la famosa miel de azufaifo<\/b><span style=\"font-weight: 400;\">tambi\u00e9n conocido como <\/span><b>Sidr miel<\/b><span style=\"font-weight: 400;\">del \u00e1rbol Sidr. \u00a0<\/span><\/p>\n<p><span style=\"font-weight: 400;\">Su<\/span><b> mayorista en l\u00ednea <\/b><span style=\"font-weight: 400;\">Orient Grossiste le ofrece <\/span><b>venta al por mayor<\/b><span style=\"font-weight: 400;\"> este <\/span><b>Sidr miel<\/b><span style=\"font-weight: 400;\">\u00a0clasificada como miel de gama alta de muy alta calidad. <\/span><\/p>\n<p><span style=\"font-weight: 400;\">Esta miel es especialmente apreciada por sus<\/span><b> propiedades terap\u00e9uticas\u00a0 <\/b><span style=\"font-weight: 400;\">:<\/span><\/p>\n<p><span style=\"font-weight: 400;\">Es un estimulante que tiene la capacidad de reforzar el sistema inmunitario y es un antibi\u00f3tico natural contra diversas dolencias, como la diabetes, los trastornos respiratorios, los problemas digestivos y otros, pero tambi\u00e9n puede utilizarse en cosm\u00e9tica contra el eccema y el acn\u00e9. \u00a0\u00a0\u00a0\u00a0<\/span><\/p>\n<p><span style=\"font-weight: 400;\">Le <\/span><b>miel de azufaifo<\/b><span style=\"font-weight: 400;\"> de Orient Grossiste est\u00e1 disponible en paquetes de 8 al precio de <\/span><b>precio muy competitivo<\/b><span style=\"font-weight: 400;\"> a partir de 6,99 euros cada una, o 55,92 euros por lote. Puede comprar al por menor esta miel tan solicitada, apreciada no solo por sus virtudes, sino tambi\u00e9n por su agradable textura y su sabor ligeramente caramelizado.\u00a0<\/span><\/p>\n<p><span style=\"font-weight: 400;\">Su mayorista en l\u00ednea le garantiza <\/span><b>miel pura de alta calidad<\/b><span style=\"font-weight: 400;\"> sin glucosa a\u00f1adida. <\/span><\/p>\n<p><span style=\"font-weight: 400;\">Puede beneficiarse de <\/span><b>precio unitario decreciente<\/b><span style=\"font-weight: 400;\"> cuanto mayor sea la cantidad comprada, <\/span><span style=\"font-weight: 400;\">. Nuestro equipo de atenci\u00f3n al cliente estar\u00e1 encantado de responder a todas sus preguntas.<\/span><\/p>\n<p>Origen: Marruecos<\/p>","protected":false},"excerpt":{"rendered":"<p>Le ofrecemos este\u00a0<strong>Sidr Miel - 250g - API Health <span style=\"color: #000080;\">se venden en paquetes de 8<\/span><\/strong>.<\/p>\n<p>1 lote :\u00a0<span style=\"color: #0ad227;\">6,99\/unidad X 8 = 55,92 euros<\/span><\/p>\n<p>&nbsp;<\/p>","protected":false},"featured_media":34404,"template":"","meta":[],"product_brand":[],"product_cat":[206,596,59],"product_tag":[],"class_list":{"0":"post-33927","1":"product","2":"type-product","3":"status-publish","4":"has-post-thumbnail","6":"product_cat-alimentation","7":"product_cat-miel-alimentation","8":"product_cat-soin-et-bien-etre","10":"first","11":"instock","12":"shipping-taxable","13":"purchasable","14":"product-type-simple"},"_links":{"self":[{"href":"https:\/\/ventesengros.fr\/es\/wp-json\/wp\/v2\/product\/33927","targetHints":{"allow":["GET"]}}],"collection":[{"href":"https:\/\/ventesengros.fr\/es\/wp-json\/wp\/v2\/product"}],"about":[{"href":"https:\/\/ventesengros.fr\/es\/wp-json\/wp\/v2\/types\/product"}],"wp:featuredmedia":[{"embeddable":true,"href":"https:\/\/ventesengros.fr\/es\/wp-json\/wp\/v2\/media\/34404"}],"wp:attachment":[{"href":"https:\/\/ventesengros.fr\/es\/wp-json\/wp\/v2\/media?parent=33927"}],"wp:term":[{"taxonomy":"product_brand","embeddable":true,"href":"https:\/\/ventesengros.fr\/es\/wp-json\/wp\/v2\/product_brand?post=33927"},{"taxonomy":"product_cat","embeddable":true,"href":"https:\/\/ventesengros.fr\/es\/wp-json\/wp\/v2\/product_cat?post=33927"},{"taxonomy":"product_tag","embeddable":true,"href":"https:\/\/ventesengros.fr\/es\/wp-json\/wp\/v2\/product_tag?post=33927"}],"curies":[{"name":"wp","href":"https:\/\/api.w.org\/{rel}","templated":true}]}}