{"id":33675,"date":"2016-03-05T17:54:05","date_gmt":"2016-03-05T16:54:05","guid":{"rendered":"https:\/\/ventesengros.fr\/grossiste\/gelules-de-fenugrec-x90\/"},"modified":"2024-01-18T10:52:04","modified_gmt":"2024-01-18T09:52:04","slug":"gelules-de-fenugrec-x90","status":"publish","type":"product","link":"https:\/\/ventesengros.fr\/es\/grossiste\/fenogreco-capsulas-x90\/","title":{"rendered":"Fenogreco c\u00e1psulas (60 c\u00e1psulas) - Lote de 6 frascos"},"content":{"rendered":"<p><span style=\"color: #000000;\"><strong>\u00a1Por fin, c\u00e1psulas naturales sin aditivos!<\/strong><\/span><\/p>\n<p><span style=\"color: #000000;\">A diferencia de la mayor\u00eda de las c\u00e1psulas del mercado, estas c\u00e1psulas de polvo de fenogreco no contienen m\u00e1s que polvo de semillas de fenogreco y la propia c\u00e1psula, que es de origen vegetal (a base de algas).<\/span><\/p>\n<p><span style=\"color: #000000;\"><strong>Composici\u00f3n:<\/strong><b>\u00a0<\/b>Polvo de semillas de alholva (Trigonella foenum-graecum), c\u00e1psula vegetal.<\/span><\/p>\n<p>No contiene gelatina animal ni aditivos (conservantes, colorantes, antiaglomerantes, etc.)<\/p>\n<p><span style=\"color: #000000;\"><strong>Embalaje:<\/strong><b> 6<\/b>0 c\u00e1psulas vegetales de polvo natural de fenogreco en un pastillero.<\/span><\/p>\n<p><span style=\"color: #000000;\"><strong>Consejos de utilizaci\u00f3n:<\/strong> Tomar 2 c\u00e1psulas 3 veces al d\u00eda con un vaso de agua durante un per\u00edodo renovable de 10 d\u00edas.<\/span><\/p>\n<p><span style=\"color: #000000;\"><strong>Precauciones de uso:\u00a0<\/strong>El fenogreco contiene ciertas prote\u00ednas similares a las que se encuentran en los cacahuetes y los garbanzos, lo que significa que el fenogreco puede provocar reacciones al\u00e9rgicas en personas que se sabe que son al\u00e9rgicas a estas familias de alimentos.<\/span><\/p>\n<p><span style=\"color: #000000;\">Conservar en lugar fresco, seco y protegido de la luz. Un suplemento diet\u00e9tico no debe utilizarse como sustituto de una dieta variada y equilibrada y un estilo de vida saludable. No recomendado para mujeres embarazadas. No superar la dosis diaria recomendada. Mantener fuera del alcance de los ni\u00f1os.<\/span><\/p>\n<p><b>Marca:<\/b>\u00a0 Linabia<br \/>\n<b>Procedencia:<\/b>Marruecos<br \/>\n<b>Peso:<\/b>78 g\/pieza<\/p>","protected":false},"excerpt":{"rendered":"<p>Le ofrecemos estos <strong>Fenogreco c\u00e1psulas ( 60 c\u00e1psulas) <\/strong>se venden en paquetes de 6.<\/p>\n<p>1 lote : <span style=\"color: #ff0000;\">4,19\/unidad X = 25,14 euros<\/span><\/p>\n<p>&nbsp;<\/p>\n<p>Precio de venta recomendado: 10,00-12,00 euros.<\/p>","protected":false},"featured_media":57914,"template":"","meta":[],"product_brand":[],"product_cat":[59,206,1532],"product_tag":[971,258,1131,974,688,191],"class_list":{"0":"post-33675","1":"product","2":"type-product","3":"status-publish","4":"has-post-thumbnail","6":"product_cat-soin-et-bien-etre","7":"product_cat-alimentation","8":"product_cat-grossiste-fenugrec","9":"product_tag-casablanca","10":"product_tag-en-gros","11":"product_tag-gelules-de-fenugrec","12":"product_tag-grossiste","13":"product_tag-maroc","14":"product_tag-pas-cher","16":"first","17":"instock","18":"shipping-taxable","19":"purchasable","20":"product-type-simple"},"_links":{"self":[{"href":"https:\/\/ventesengros.fr\/es\/wp-json\/wp\/v2\/product\/33675","targetHints":{"allow":["GET"]}}],"collection":[{"href":"https:\/\/ventesengros.fr\/es\/wp-json\/wp\/v2\/product"}],"about":[{"href":"https:\/\/ventesengros.fr\/es\/wp-json\/wp\/v2\/types\/product"}],"wp:featuredmedia":[{"embeddable":true,"href":"https:\/\/ventesengros.fr\/es\/wp-json\/wp\/v2\/media\/57914"}],"wp:attachment":[{"href":"https:\/\/ventesengros.fr\/es\/wp-json\/wp\/v2\/media?parent=33675"}],"wp:term":[{"taxonomy":"product_brand","embeddable":true,"href":"https:\/\/ventesengros.fr\/es\/wp-json\/wp\/v2\/product_brand?post=33675"},{"taxonomy":"product_cat","embeddable":true,"href":"https:\/\/ventesengros.fr\/es\/wp-json\/wp\/v2\/product_cat?post=33675"},{"taxonomy":"product_tag","embeddable":true,"href":"https:\/\/ventesengros.fr\/es\/wp-json\/wp\/v2\/product_tag?post=33675"}],"curies":[{"name":"wp","href":"https:\/\/api.w.org\/{rel}","templated":true}]}}