{"id":33376,"date":"2016-05-14T09:56:38","date_gmt":"2016-05-14T08:56:38","guid":{"rendered":"https:\/\/ventesengros.fr\/grossiste\/dattes-ajwa-200g\/"},"modified":"2022-06-30T23:08:59","modified_gmt":"2022-06-30T22:08:59","slug":"dattes-ajwa-250g","status":"publish","type":"product","link":"https:\/\/ventesengros.fr\/es\/grossiste\/datiles-ajwa-250g-2\/","title":{"rendered":"D\u00e1tiles Ajwa por 7 o 250 gr"},"content":{"rendered":"<p>Originarios de Medina, los d\u00e1tiles de Ajwa son famosos en todo el mundo por su calidad y sus beneficios para la salud. Y, excepcionalmente, estos d\u00e1tiles s\u00f3lo crecen en Medina, \u00a1ya que no se producen en ning\u00fan otro lugar!<\/p>\n<p>Visite <a href=\"https:\/\/www.islam-oumma.fr\" target=\"_blank\" rel=\"noopener noreferrer\"><strong>Islam<\/strong><\/a>Existen textos aut\u00e9nticos del Profeta Mahoma, la paz y las bendiciones sean con \u00e9l, que citan directamente la importancia de esta fruta:<\/p>\n<p>Seg\u00fan Sa'd ibn abi Waqass, el Profeta, la paz y las bendiciones sean con \u00e9l, dijo: \"Quien desayune por la ma\u00f1ana con siete d\u00e1tiles \"al 'Ajwa\", nada podr\u00e1 hacerle da\u00f1o ese d\u00eda, ni veneno ni brujer\u00eda\".<\/p>\n<p><strong>reportado en Sahih al bukhari y Muslim<\/strong>.<\/p>\n<h2>Un poco de historia sobre el producto natural ajwa dates<\/h2>\n<p>En <a href=\"https:\/\/www.dattes-ajwa.com\" target=\"_blank\" rel=\"noopener\"><strong>Fechas de Al Ajwa<\/strong><\/a> Son originarias de la ciudad de Medina, donde las palmeras datileras fueron plantadas por el propio Profeta, la paz y las bendiciones sean con \u00e9l, \u00a1lo que las hace \u00fanicas en el mundo!<\/p>\n<p>Precisamente del sudeste de Medina, una regi\u00f3n mencionada en los hadices, el Profeta, la paz y la salvaci\u00f3n sean con \u00e9l, nos recomend\u00f3 comer estos deliciosos d\u00e1tiles.<\/p>\n<p>Cabe se\u00f1alar que algunos eruditos dicen que el hadiz sobre los beneficios de comer el d\u00e1til Ajwa se aplica a todas las variedades de d\u00e1tiles de Medina, y Allah es m\u00e1s conocedor.<\/p>\n<p>Cultivado desde hace cientos de a\u00f1os, el d\u00e1til ajwa forma parte del patrimonio de Arabia Saud\u00ed y es motivo de orgullo para el pueblo saud\u00ed, que concede un lugar especial a esta noble fruta, al igual que los lugare\u00f1os. <a href=\"https:\/\/www.maktaba-alikhlas.com\/114-dattes\" target=\"_blank\" rel=\"noopener noreferrer\"><strong>fechas sukari<\/strong><\/a>.<\/p>\n<p>Apreciado no s\u00f3lo en Arabia, sino en todo el mundo, su sabor caracter\u00edstico ha conquistado a mucha gente.<\/p>\n<p>Cabe se\u00f1alar que los d\u00e1tiles ajwa no se parecen en nada a los famosos d\u00e1tiles deglet nour argelinos tan conocidos en Francia, son de color m\u00e1s oscuro y tienen una forma diferente.<\/p>\n<h3>M\u00e1s informaci\u00f3n sobre las ventajas de ajwa dates<\/h3>\n<p>El d\u00e1til ajwa es un fruto seco muy rico y nutritivo, y la variedad de d\u00e1til favorita de los <strong>Profeta Mahoma<\/strong>la paz y la salvaci\u00f3n sean con \u00e9l.<\/p>\n<p>Su color negro es especialmente caracter\u00edstico, al igual que su sabor dulce y afrutado.<\/p>\n<p>Estos d\u00e1tiles saben a caramelo, con un ligero toque de regaliz. Una vez en la boca, tienen una textura fina y de gran calidad.<\/p>\n<p>Se consumen por su excepcional sabor, pero tambi\u00e9n y sobre todo por los beneficios que contienen, ya que los d\u00e1tiles ajwa permiten :<\/p>\n<ul>\n<li>Mejorar el tr\u00e1nsito intestinal,<\/li>\n<li>Una inyecci\u00f3n de energ\u00eda,<\/li>\n<li>Tener una cura para la brujer\u00eda,<\/li>\n<li>Prevenir el riesgo de inflamaci\u00f3n intestinal,<\/li>\n<li>Mejorar la salud del coraz\u00f3n,<\/li>\n<li>Reducir la presi\u00f3n arterial,<\/li>\n<li>Reducir el riesgo de ictus,<\/li>\n<li>Tambi\u00e9n fortalece los huesos,<\/li>\n<li>Y mucho m\u00e1s...<\/li>\n<\/ul>\n<p>Completaremos la lista de estos beneficios diciendo que los d\u00e1tiles ajwa contienen :<\/p>\n<ul>\n<li>Hierro,<\/li>\n<li>Magnesio,<\/li>\n<li>Contiene potasio,<\/li>\n<li>Calcio,<\/li>\n<li>F\u00f3sforo,<\/li>\n<li>Vitaminas A, C, B1 y B5.<\/li>\n<\/ul>\n<p>Esta lista es, por supuesto, exhaustiva. Dado el gran n\u00famero de elementos beneficiosos. Hemos citado algunos de los <strong>beneficios de las fechas<\/strong>. Ser\u00eda demasiado para el lector enumerarlos todos. En conclusi\u00f3n, se trata de un producto sin aditivos, sin az\u00facar a\u00f1adido, sin azufre y 100% natural.<\/p>\n<h3>Instrucciones de uso<\/h3>\n<p>Comer 7 d\u00e1tiles Ajwa proporciona 15% de la cantidad diaria recomendada de hierro y 35% de la cantidad diaria recomendada de potasio.<\/p>\n<p>Los d\u00e1tiles ajwa se comen mejor por la ma\u00f1ana, en n\u00famero de siete, de acuerdo con el hadiz citado anteriormente.<\/p>\n<p>Recomendamos especialmente esta fecha a las mujeres embarazadas y en periodo de lactancia.<\/p>\n<p>Sin embargo, no tiene por qu\u00e9 comerlos en tandas de 7, puede comerlos simplemente como capricho, porque est\u00e1n deliciosos.<\/p>\n<p>Orient Grossiste recomienda comerlas crudas. Tambi\u00e9n puede dar rienda suelta a su imaginaci\u00f3n, adapt\u00e1ndolos a su gusto.<\/p>\n<p>Por fin se pueden regalar: son muy apreciados.<\/p>\n<h3>Medidas de conservaci\u00f3n y cautelares<\/h3>\n<p>Para conservar estos d\u00e1tiles el mayor tiempo posible, mant\u00e9ngalos a temperatura ambiente, entre 10 y 25 grados.<\/p>\n<p>Esto se hace para preservar sus propiedades medicinales. El incumplimiento de estas instrucciones perjudicar\u00eda gravemente las cualidades intr\u00ednsecas de estos d\u00e1tiles.<\/p>\n<p>Todos nuestros productos est\u00e1n disponibles en marca blanca (<a href=\"https:\/\/ventesengros.fr\/es\/pongase-en-contacto-con-2\/\"><strong>a petici\u00f3n<\/strong><\/a>)<\/p>\n<p>Foto no contractual<\/p>","protected":false},"excerpt":{"rendered":"<p>Ofrecemos esta gama de d\u00e1tiles ajwa vendidos por <span style=\"color: #0000ff;\"><strong>paquetes de 6 (250 g) o por lote de 7 d\u00e1tiles.<\/strong><\/span><\/p>\n<ul>\n<li><b>Precio unitario para 7 fechas\u00a0<span class=\"Apple-converted-space\">\u00a0<\/span>:<\/b>\u00a0<span style=\"color: #ff0000;\"><strong>1,90\u20ac<\/strong><\/span><\/li>\n<li><b>Precio por 250 g\u00a0<span class=\"Apple-converted-space\">\u00a0 <\/span>:<\/b>\u00a0<strong><span style=\"color: #ff0000;\">8,50\u20ac<\/span><\/strong><\/li>\n<\/ul>\n<p>Reciba un descuento de 10% en pedidos de m\u00e1s de 10 lotes (<span style=\"color: #ff0000;\"><a style=\"color: #ff0000;\" href=\"https:\/\/ventesengros.fr\/es\/pongase-en-contacto-con-2\/\"><strong>Contacto<\/strong><\/a><\/span>).<\/p>","protected":false},"featured_media":33380,"template":"","meta":[],"product_brand":[],"product_cat":[206,743,59],"product_tag":[1186,801,258,780,191],"class_list":{"0":"post-33376","1":"product","2":"type-product","3":"status-publish","4":"has-post-thumbnail","6":"product_cat-alimentation","7":"product_cat-dattes","8":"product_cat-soin-et-bien-etre","9":"product_tag-datte-ajwa","10":"product_tag-dattes-en-gros","11":"product_tag-en-gros","12":"product_tag-grossiste-maroc","13":"product_tag-pas-cher","14":"pa_lot-1-lot-12-sachets-de-7-dattes-2390e-soit-199e-lunite","15":"pa_lot-2-lots-24-sachets-de-7-dattes-4560e-soit-190e-lunite","17":"first","18":"instock","19":"shipping-taxable","20":"purchasable","21":"product-type-variable"},"_links":{"self":[{"href":"https:\/\/ventesengros.fr\/es\/wp-json\/wp\/v2\/product\/33376","targetHints":{"allow":["GET"]}}],"collection":[{"href":"https:\/\/ventesengros.fr\/es\/wp-json\/wp\/v2\/product"}],"about":[{"href":"https:\/\/ventesengros.fr\/es\/wp-json\/wp\/v2\/types\/product"}],"wp:featuredmedia":[{"embeddable":true,"href":"https:\/\/ventesengros.fr\/es\/wp-json\/wp\/v2\/media\/33380"}],"wp:attachment":[{"href":"https:\/\/ventesengros.fr\/es\/wp-json\/wp\/v2\/media?parent=33376"}],"wp:term":[{"taxonomy":"product_brand","embeddable":true,"href":"https:\/\/ventesengros.fr\/es\/wp-json\/wp\/v2\/product_brand?post=33376"},{"taxonomy":"product_cat","embeddable":true,"href":"https:\/\/ventesengros.fr\/es\/wp-json\/wp\/v2\/product_cat?post=33376"},{"taxonomy":"product_tag","embeddable":true,"href":"https:\/\/ventesengros.fr\/es\/wp-json\/wp\/v2\/product_tag?post=33376"}],"curies":[{"name":"wp","href":"https:\/\/api.w.org\/{rel}","templated":true}]}}