{"id":33027,"date":"2015-12-25T01:00:19","date_gmt":"2015-12-25T00:00:19","guid":{"rendered":"https:\/\/ventesengros.fr\/?post_type=product&#038;p=33027"},"modified":"2022-06-30T23:13:39","modified_gmt":"2022-06-30T22:13:39","slug":"amlou-a-base-darachide","status":"publish","type":"product","link":"https:\/\/ventesengros.fr\/es\/grossiste\/amlou-basado-en-darachid-2\/","title":{"rendered":"Amlou a base de cacahuetes de KILO"},"content":{"rendered":"<div id=\":9n.co\" class=\"tL8wMe xAWnQc\" dir=\"ltr\"><b>Capacidad :<\/b>1L<\/div>\n<div class=\"tL8wMe xAWnQc\" dir=\"ltr\"><b><b>Procedencia:<\/b><\/b>Marruecos<b><b><br \/>\n<\/b><\/b><b>Peso:<\/b>1 kg\/pieza<\/div>\n<div class=\"tL8wMe xAWnQc\" dir=\"ltr\"><strong>Amlou a base de cacahuete :<\/strong> una herencia amazigh marroqu\u00ed de las monta\u00f1as del Souss, rica en dulces y grasas, as\u00ed como en vitaminas y prote\u00ednas.<br \/>\n<strong>Los componentes :<\/strong> Cacahuetes, aceite vegetal, az\u00facar, sal, semillas de hinojo. Es preferible tomarlo en el desayuno e incluirlo en todas las comidas.<br \/>\nDebe mezclarse bien durante su uso y almacenarse en un lugar seco y alejado de la luz solar excesiva.<\/div>","protected":false},"excerpt":{"rendered":"<p>Le ofrecemos este\u00a0<strong>Amlou con cacahuetes<\/strong><strong>\u00a0<\/strong>se venden en paquetes de 1.<\/p>\n<p>Precio de venta recomendado: 21 euros.<\/p>\n<p>1 lote :\u00a0<span style=\"color: #0ad227;\">11,90\u20ac\/Pieza<\/span><\/p>\n<p>&nbsp;<\/p>","protected":false},"featured_media":33059,"template":"","meta":[],"product_brand":[],"product_cat":[206,1370],"product_tag":[1060,974,688],"class_list":{"0":"post-33027","1":"product","2":"type-product","3":"status-publish","4":"has-post-thumbnail","6":"product_cat-alimentation","7":"product_cat-grossiste-amlou","8":"product_tag-amlou-a-base-darachide","9":"product_tag-grossiste","10":"product_tag-maroc","12":"first","13":"instock","14":"shipping-taxable","15":"purchasable","16":"product-type-simple"},"_links":{"self":[{"href":"https:\/\/ventesengros.fr\/es\/wp-json\/wp\/v2\/product\/33027","targetHints":{"allow":["GET"]}}],"collection":[{"href":"https:\/\/ventesengros.fr\/es\/wp-json\/wp\/v2\/product"}],"about":[{"href":"https:\/\/ventesengros.fr\/es\/wp-json\/wp\/v2\/types\/product"}],"wp:featuredmedia":[{"embeddable":true,"href":"https:\/\/ventesengros.fr\/es\/wp-json\/wp\/v2\/media\/33059"}],"wp:attachment":[{"href":"https:\/\/ventesengros.fr\/es\/wp-json\/wp\/v2\/media?parent=33027"}],"wp:term":[{"taxonomy":"product_brand","embeddable":true,"href":"https:\/\/ventesengros.fr\/es\/wp-json\/wp\/v2\/product_brand?post=33027"},{"taxonomy":"product_cat","embeddable":true,"href":"https:\/\/ventesengros.fr\/es\/wp-json\/wp\/v2\/product_cat?post=33027"},{"taxonomy":"product_tag","embeddable":true,"href":"https:\/\/ventesengros.fr\/es\/wp-json\/wp\/v2\/product_tag?post=33027"}],"curies":[{"name":"wp","href":"https:\/\/api.w.org\/{rel}","templated":true}]}}