{"id":32625,"date":"2015-10-16T11:13:32","date_gmt":"2015-10-16T10:13:32","guid":{"rendered":"https:\/\/ventesengros.fr\/grossiste\/feuille-de-laurier\/"},"modified":"2025-02-08T13:34:35","modified_gmt":"2025-02-08T12:34:35","slug":"feuille-de-laurier","status":"publish","type":"product","link":"https:\/\/ventesengros.fr\/es\/grossiste\/hoja-de-laurel\/","title":{"rendered":"Hoja de laurel (kg)"},"content":{"rendered":"<p><strong>Hojas de laurel<\/strong>\u00a0tienen un valor incalculable<strong>\u00a0hierbas arom\u00e1ticas\u00a0<\/strong>que se utilizan desde hace siglos. Aportan sabor y aroma a los platos cocinados. Si busca un\u00a0<strong>Mayorista de hojas de laurel\u00a0<\/strong>no busque m\u00e1s all\u00e1 de Orient Grossiste.<\/p>\n<h2><strong>Hojas de laurel al por mayor: sabor, calidad y precios bajos<\/strong><\/h2>\n<p>En Orient Grossiste encontrar\u00e1\u00a0<strong>hojas de laurel sueltas.<\/strong>\u00a0Esto la hace ideal para restaurantes, empresas de catering o cualquier persona a la que le guste cocinar con ella.\u00a0<strong>hierba arom\u00e1tica<\/strong>.<\/p>\n<p>Estas hierbas est\u00e1n disponibles en\u00a0<strong>compras al por mayor por kilo<\/strong>. As\u00ed podr\u00e1 elegir el que mejor se adapte a sus necesidades. Tanto si necesita una peque\u00f1a cantidad como varios kilos enteros de hojas de laurel, su\u00a0<strong>mayorista en l\u00ednea<\/strong>\u00a0puede satisfacer sus necesidades.<\/p>\n<h2><strong>Hojas de laurel al por mayor: \u00bfqu\u00e9 propiedades?\u00a0<\/strong><\/h2>\n<p>Adem\u00e1s de sus usos culinarios, este producto natural a granel tambi\u00e9n tiene beneficios para la salud. De hecho, son conocidas por sus efectos antioxidantes y antiinflamatorios. Lo que puede contribuir a mejorar la salud en general.<\/p>\n<p>Tambi\u00e9n son conocidas por su capacidad para facilitar la digesti\u00f3n y aliviar las molestias estomacales. Tambi\u00e9n pueden contribuir a la salud del coraz\u00f3n gracias a sus compuestos org\u00e1nicos beneficiosos. Como la rutina y la cafe\u00edna.<\/p>\n<p>El laurel tambi\u00e9n puede ayudar a regular los niveles de az\u00facar en sangre y reducir el colesterol.<\/p>\n<p>No obstante, se recomienda consultar a un profesional de la salud antes de utilizar este producto con fines medicinales.<\/p>\n<h3><strong>Un precio competitivo\u00a0<\/strong><\/h3>\n<p>En la venta al por mayor de hoja de laurel, puede beneficiarse de precios competitivos. Los precios son asequibles y puede comprar al por mayor para ahorrar a\u00fan m\u00e1s. Puede estar seguro de recibir este\u00a0<strong>venta al por mayor de hierbas arom\u00e1ticas\u00a0<\/strong>de la m\u00e1xima calidad, reci\u00e9n recolectados y cuidadosamente envasados.<\/p>\n<p>No olvide consultar los dem\u00e1s productos disponibles en nuestra tienda mayorista Orient. Como el\u00a0<strong><a href=\"https:\/\/ventesengros.fr\/es\/grossiste\/hoja-de-verbena-seca-ecologica\/\">verbena seca<\/a>,<\/strong>\u00a0el\u00a0<a href=\"https:\/\/ventesengros.fr\/es\/grossiste\/alholva-en-polvo-5kg-a-granel\/\"><strong>alholva en polvo<\/strong><\/a>o el\u00a0<strong><a href=\"https:\/\/ventesengros.fr\/es\/grossiste\/arcilla-verde-5-kilos-a-granel\/\">arcilla verde en polvo<\/a>.\u00a0<\/strong><\/p>","protected":false},"excerpt":{"rendered":"<p>Le ofrecemos <strong>Hojas de laurel<\/strong>\u00a0<strong>\u00a0<\/strong>se vende en envases de 1 kg.<\/p>\n<p>&nbsp;<\/p>\n<p>1 lote :\u00a0<span style=\"color: #0ad227;\">9,90\u20ac\/Pieza<\/span><\/p>","protected":false},"featured_media":32629,"template":"","meta":[],"product_brand":[],"product_cat":[360,59],"product_tag":[258,1003,974,1002,688],"class_list":{"0":"post-32625","1":"product","2":"type-product","3":"status-publish","4":"has-post-thumbnail","6":"product_cat-produit-naturel-en-vrac","7":"product_cat-soin-et-bien-etre","8":"product_tag-en-gros","9":"product_tag-feuille","10":"product_tag-grossiste","11":"product_tag-laurier","12":"product_tag-maroc","13":"pa_lot-158","14":"pa_lot-160","15":"pa_lot-159","17":"first","18":"instock","19":"shipping-taxable","20":"purchasable","21":"product-type-simple"},"_links":{"self":[{"href":"https:\/\/ventesengros.fr\/es\/wp-json\/wp\/v2\/product\/32625","targetHints":{"allow":["GET"]}}],"collection":[{"href":"https:\/\/ventesengros.fr\/es\/wp-json\/wp\/v2\/product"}],"about":[{"href":"https:\/\/ventesengros.fr\/es\/wp-json\/wp\/v2\/types\/product"}],"wp:featuredmedia":[{"embeddable":true,"href":"https:\/\/ventesengros.fr\/es\/wp-json\/wp\/v2\/media\/32629"}],"wp:attachment":[{"href":"https:\/\/ventesengros.fr\/es\/wp-json\/wp\/v2\/media?parent=32625"}],"wp:term":[{"taxonomy":"product_brand","embeddable":true,"href":"https:\/\/ventesengros.fr\/es\/wp-json\/wp\/v2\/product_brand?post=32625"},{"taxonomy":"product_cat","embeddable":true,"href":"https:\/\/ventesengros.fr\/es\/wp-json\/wp\/v2\/product_cat?post=32625"},{"taxonomy":"product_tag","embeddable":true,"href":"https:\/\/ventesengros.fr\/es\/wp-json\/wp\/v2\/product_tag?post=32625"}],"curies":[{"name":"wp","href":"https:\/\/api.w.org\/{rel}","templated":true}]}}