{"id":32555,"date":"2014-10-10T11:21:57","date_gmt":"2014-10-10T10:21:57","guid":{"rendered":"https:\/\/ventesengros.fr\/?post_type=product&#038;p=32555"},"modified":"2022-06-30T23:26:24","modified_gmt":"2022-06-30T22:26:24","slug":"seringue-5ml-essence-parf","status":"publish","type":"product","link":"https:\/\/ventesengros.fr\/es\/grossiste\/jeringa-5ml-essence-parf\/","title":{"rendered":"Jeringa 5mL (parf. esencia) X 12"},"content":{"rendered":"<p><strong>Propiedad:<\/strong> Jeringa est\u00e9ril suministrada en su envase, le resultar\u00e1 pr\u00e1ctica para manipular sus esencias de perfume.<\/p>\n<p><strong>Volumen:<\/strong> 5 ml<\/p>","protected":false},"excerpt":{"rendered":"<p>Le ofrecemos estos <strong>Jeringa de 5mL\u00a0<\/strong>se venden en paquetes de 12 unidades.<\/p>\n<p>1 lote : <span style=\"color: #0ad227;\">1,29\/unidad X 12 = 15,48 euros<\/span><\/p>","protected":false},"featured_media":32556,"template":"","meta":[],"product_brand":[],"product_cat":[60,894],"product_tag":[987,988,989,990],"class_list":{"0":"post-32555","1":"product","2":"type-product","3":"status-publish","4":"has-post-thumbnail","6":"product_cat-bazar","7":"product_cat-essence-de-parfum-pur","8":"product_tag-seringue-en-gros","9":"product_tag-seringue-essence-de-parfum","10":"product_tag-seringue-pas-cher","11":"product_tag-sterilise","13":"first","14":"instock","15":"shipping-taxable","16":"purchasable","17":"product-type-simple"},"_links":{"self":[{"href":"https:\/\/ventesengros.fr\/es\/wp-json\/wp\/v2\/product\/32555","targetHints":{"allow":["GET"]}}],"collection":[{"href":"https:\/\/ventesengros.fr\/es\/wp-json\/wp\/v2\/product"}],"about":[{"href":"https:\/\/ventesengros.fr\/es\/wp-json\/wp\/v2\/types\/product"}],"wp:featuredmedia":[{"embeddable":true,"href":"https:\/\/ventesengros.fr\/es\/wp-json\/wp\/v2\/media\/32556"}],"wp:attachment":[{"href":"https:\/\/ventesengros.fr\/es\/wp-json\/wp\/v2\/media?parent=32555"}],"wp:term":[{"taxonomy":"product_brand","embeddable":true,"href":"https:\/\/ventesengros.fr\/es\/wp-json\/wp\/v2\/product_brand?post=32555"},{"taxonomy":"product_cat","embeddable":true,"href":"https:\/\/ventesengros.fr\/es\/wp-json\/wp\/v2\/product_cat?post=32555"},{"taxonomy":"product_tag","embeddable":true,"href":"https:\/\/ventesengros.fr\/es\/wp-json\/wp\/v2\/product_tag?post=32555"}],"curies":[{"name":"wp","href":"https:\/\/api.w.org\/{rel}","templated":true}]}}