{"id":32144,"date":"2016-04-25T18:40:00","date_gmt":"2016-04-25T17:40:00","guid":{"rendered":"https:\/\/ventesengros.fr\/grossiste\/huile-de-foumi-1l\/"},"modified":"2025-09-15T11:44:55","modified_gmt":"2025-09-15T10:44:55","slug":"huile-de-foumi-1l","status":"publish","type":"product","link":"https:\/\/ventesengros.fr\/es\/grossiste\/aceite-foumi-1l\/","title":{"rendered":"Aceite para hormigas (se vende en envases de 1 litro)"},"content":{"rendered":"<p>Aceite para hormigas 1L<\/p>\n<p>El aceite de hormiga que se vende en Orient Grossiste es de muy alta calidad.<\/p>\n<p>100% natural de buena calidad que no contiene productos qu\u00edmicos.<\/p>\n<p>Este aceite se obtiene de plantas y se utiliza desde hace much\u00edsimos a\u00f1os en Estados Unidos.<\/p>\n<p>En Oriente Medio, pero tambi\u00e9n en Asia, este aceite es cada vez m\u00e1s popular.<\/p>\n<p>que ahora se utiliza en todo el mundo.<\/p>\n<p>\u00bfQu\u00e9 lo hace especial?<\/p>\n<p>El aceite de hormiga es conocido y reconocido por su capacidad para eliminar<\/p>\n<p>\u00a1cabello para siempre! Empieza por hacer el pelo m\u00e1s fino,<\/p>\n<p>hasta que desaparezcan por completo. Tambi\u00e9n tiene la capacidad de<\/p>\n<p>para hidratar la piel en profundidad y suavizarla, lo que es una verdadera ventaja.<\/p>\n<p>especialmente \u00fatil despu\u00e9s de una sesi\u00f3n de depilaci\u00f3n. Aceite de hormigas<\/p>\n<p>puede utilizarse en todas las partes del cuerpo, incluso las m\u00e1s sensibles.<\/p>\n<p>No provoca efectos secundarios ni alergias.<\/p>\n<p>\u00bfC\u00f3mo se utiliza?<\/p>\n<p>Puedes aplicar el aceite para hormigas de Orient Grossiste de la siguiente manera<\/p>\n<p>masaje justo despu\u00e9s de la sesi\u00f3n de depilaci\u00f3n, durante 5 a 10 minutos, para<\/p>\n<p>que el aceite penetre bien en la piel. Debes utilizarlo todas las noches<\/p>\n<p>preferiblemente en forma de masaje. Renueve su<\/p>\n<p>utilizado despu\u00e9s de cada sesi\u00f3n depilatoria, los resultados reales son visibles.<\/p>\n<p>despu\u00e9s de 5 sesiones.<\/p>\n<p>Aceite de hormigas de Orient Grossiste<\/p>\n<p>Puede comprar Aceite para Hormigas de 1 litro a granel.<\/p>\n<p>directamente de Marruecos. Se vende en paquetes de 1.<\/p>\n<p>Por la compra de 2 o m\u00e1s juegos, puede<\/p>\n<p>beneficiarse de un precio unitario decreciente.<\/p>\n<p>Este aceite para hormigas de 1L le permite venderlo al por menor bajo<\/p>\n<p>en envases m\u00e1s peque\u00f1os para aumentar sus m\u00e1rgenes. Usted<\/p>\n<p>Las botellas vac\u00edas se encuentran en la categor\u00eda Bazar de nuestro sitio web.<\/p>\n<p>para que pueda llenar usted mismo los recipientes de 30 ml o m\u00e1s.<\/p>\n<p>m\u00e1s.<\/p>","protected":false},"excerpt":{"rendered":"<p>Ofrecemos este aceite para hormigas en <span style=\"color: #0000ff;\"><b>Botella de 1 litro<\/b>.<\/span><\/p>\n<ul>\n<li><b>Precio por litro <span class=\"Apple-converted-space\">\u00a0 <\/span>:<\/b> <span style=\"color: #ff0000;\"><strong>37\u20ac<\/strong><\/span><\/li>\n<\/ul>","protected":false},"featured_media":75809,"template":"","meta":[],"product_brand":[],"product_cat":[201,59,606],"product_tag":[258,974,939,688],"class_list":{"0":"post-32144","1":"product","2":"type-product","3":"status-publish","4":"has-post-thumbnail","6":"product_cat-huiles-soin-et-bien-etre","7":"product_cat-soin-et-bien-etre","8":"product_cat-vrac-par-litre","9":"product_tag-en-gros","10":"product_tag-grossiste","11":"product_tag-huile-de-foumi-1l","12":"product_tag-maroc","13":"pa_lot-1-lot-1-litre-2699e-soit-2699e-le-litre","14":"pa_lot-2-lots-2-litres-5198e-soit-2599e-le-litre","15":"pa_lot-3-lots-3-litres-7497e-soit-2499e-le-litre","17":"first","18":"instock","19":"featured","20":"shipping-taxable","21":"purchasable","22":"product-type-simple"},"_links":{"self":[{"href":"https:\/\/ventesengros.fr\/es\/wp-json\/wp\/v2\/product\/32144","targetHints":{"allow":["GET"]}}],"collection":[{"href":"https:\/\/ventesengros.fr\/es\/wp-json\/wp\/v2\/product"}],"about":[{"href":"https:\/\/ventesengros.fr\/es\/wp-json\/wp\/v2\/types\/product"}],"wp:featuredmedia":[{"embeddable":true,"href":"https:\/\/ventesengros.fr\/es\/wp-json\/wp\/v2\/media\/75809"}],"wp:attachment":[{"href":"https:\/\/ventesengros.fr\/es\/wp-json\/wp\/v2\/media?parent=32144"}],"wp:term":[{"taxonomy":"product_brand","embeddable":true,"href":"https:\/\/ventesengros.fr\/es\/wp-json\/wp\/v2\/product_brand?post=32144"},{"taxonomy":"product_cat","embeddable":true,"href":"https:\/\/ventesengros.fr\/es\/wp-json\/wp\/v2\/product_cat?post=32144"},{"taxonomy":"product_tag","embeddable":true,"href":"https:\/\/ventesengros.fr\/es\/wp-json\/wp\/v2\/product_tag?post=32144"}],"curies":[{"name":"wp","href":"https:\/\/api.w.org\/{rel}","templated":true}]}}