{"id":32133,"date":"2015-08-07T16:02:01","date_gmt":"2015-08-07T15:02:01","guid":{"rendered":"https:\/\/ventesengros.fr\/grossiste\/pierre-d-alun-poudre\/"},"modified":"2024-02-14T09:40:01","modified_gmt":"2024-02-14T08:40:01","slug":"pierre-d-alun-poudre","status":"publish","type":"product","link":"https:\/\/ventesengros.fr\/es\/grossiste\/polvo-de-piedra-de-alumbre-2\/","title":{"rendered":"Piedra de alumbre en polvo (por kilo o en bolsitas de 200 g)"},"content":{"rendered":"<p><span class=\"Apple-converted-space\">\u00a0<\/span>El uso de<span class=\"Apple-converted-space\">\u00a0 <\/span>El polvo de piedra de alumbre es la soluci\u00f3n ideal para regular la transpiraci\u00f3n de forma natural. Esta guerrera de eficacia probada encuentra su origen en la tierra volc\u00e1nica. Las sales minerales presentes en los cristales tienen una funci\u00f3n muy espec\u00edfica en t\u00e9rminos de higiene personal.<\/p>\n<h2><b>Piedra de alumbre en polvo: una funci\u00f3n muy espec\u00edfica<\/b><\/h2>\n<p><span class=\"Apple-converted-space\">\u00a0<\/span>La piedra de alumbre en polvo tiene propiedades astringentes y reguladoras. Cierra los poros de la piel e impide la proliferaci\u00f3n de bacterias. Cuando se frota contra la piedra de alumbre en polvo, los cristales permiten disipar los olores desagradables. Este elemento esencial elimina el sudor en lugar de enmascararlo. Por tanto, act\u00faa como desodorante seco.<\/p>\n<p><span class=\"Apple-converted-space\">\u00a0<\/span>La ventaja de utilizar esta piedra va m\u00e1s all\u00e1 del simple uso de la piedra en bruto. Puede utilizarse durante todo el d\u00eda en partes del cuerpo poco accesibles.<\/p>\n<h2><b>Beneficioso para todas las partes del cuerpo<\/b><\/h2>\n<p><span class=\"Apple-converted-space\">\u00a0<\/span>Algunas personas con problemas de sudoraci\u00f3n en todo el cuerpo pueden encontrar soluciones adecuadas utilizando polvo de piedra de alumbre. Especialmente cuando se trata de la sudoraci\u00f3n de los pies. Los cristales en polvo de los calcetines ayudan a extraer y regular la transpiraci\u00f3n a lo largo del d\u00eda. Este m\u00e9todo tambi\u00e9n elimina los malos olores. Su uso es un\u00e1nimemente aclamado tanto por hombres como por mujeres.<\/p>\n<p><span class=\"Apple-converted-space\">\u00a0<\/span>Esta piedra en polvo se utiliza cada vez m\u00e1s para reducir la irritaci\u00f3n provocada por el afeitado en los hombres. Ayuda a prevenir la inflamaci\u00f3n de la piel y a contener las hemorragias provocadas por el afeitado. De una suavidad inigualable, tambi\u00e9n regula la sudoraci\u00f3n de las manos, frecuente en personas con disfunciones hormonales.<\/p>\n<p><span class=\"Apple-converted-space\">\u00a0<\/span>Foto no contractual.<\/p>","protected":false},"excerpt":{"rendered":"<p>Le ofrecemos Polvo de piedra de alumbre\u00a0<span style=\"color: #0000ff;\"><strong>se vende por kilo o en bolsas de 200 g en paquetes de 12 unidades<\/strong><\/span>. Con o sin etiqueta.<\/p>\n<p><b>Precio por kilo :<\/b>\u00a0<span style=\"color: #ff0000;\"><strong>7,50\u20ac<\/strong><\/span><\/p>\n<p><b>Precio por bolsa<span class=\"Apple-converted-space\">\u00a0<\/span>:<\/b>\u00a0<strong><span style=\"color: #ff0000;\">1,49\u20ac<\/span><\/strong><\/p>\n<p><span style=\"color: #ff0000;\"><b>Para m\u00e1s de 3 lotes, elija una cantidad en la cesta.<\/b><\/span><\/p>\n<p>Precio decreciente sobre 10 lotes de descuento de 10% (<span style=\"color: #ff0000;\"><a style=\"color: #ff0000;\" href=\"https:\/\/ventesengros.fr\/es\/pongase-en-contacto-con-2\/\"><strong>Contacto<\/strong><\/a><\/span>).<\/p>","protected":false},"featured_media":37955,"template":"","meta":[],"product_brand":[],"product_cat":[360,59],"product_tag":[113,258,974,688,269,191,922,268],"class_list":{"0":"post-32133","1":"product","2":"type-product","3":"status-publish","4":"has-post-thumbnail","6":"product_cat-produit-naturel-en-vrac","7":"product_cat-soin-et-bien-etre","8":"product_tag-cosmetique","9":"product_tag-en-gros","10":"product_tag-grossiste","11":"product_tag-maroc","12":"product_tag-naturelle","13":"product_tag-pas-cher","14":"product_tag-pierre-dalun","15":"product_tag-poudre","17":"first","18":"instock","19":"shipping-taxable","20":"purchasable","21":"product-type-variable"},"_links":{"self":[{"href":"https:\/\/ventesengros.fr\/es\/wp-json\/wp\/v2\/product\/32133","targetHints":{"allow":["GET"]}}],"collection":[{"href":"https:\/\/ventesengros.fr\/es\/wp-json\/wp\/v2\/product"}],"about":[{"href":"https:\/\/ventesengros.fr\/es\/wp-json\/wp\/v2\/types\/product"}],"wp:featuredmedia":[{"embeddable":true,"href":"https:\/\/ventesengros.fr\/es\/wp-json\/wp\/v2\/media\/37955"}],"wp:attachment":[{"href":"https:\/\/ventesengros.fr\/es\/wp-json\/wp\/v2\/media?parent=32133"}],"wp:term":[{"taxonomy":"product_brand","embeddable":true,"href":"https:\/\/ventesengros.fr\/es\/wp-json\/wp\/v2\/product_brand?post=32133"},{"taxonomy":"product_cat","embeddable":true,"href":"https:\/\/ventesengros.fr\/es\/wp-json\/wp\/v2\/product_cat?post=32133"},{"taxonomy":"product_tag","embeddable":true,"href":"https:\/\/ventesengros.fr\/es\/wp-json\/wp\/v2\/product_tag?post=32133"}],"curies":[{"name":"wp","href":"https:\/\/api.w.org\/{rel}","templated":true}]}}