{"id":31761,"date":"2015-05-30T11:24:59","date_gmt":"2015-05-30T10:24:59","guid":{"rendered":"https:\/\/ventesengros.fr\/?post_type=product&#038;p=31761"},"modified":"2023-02-16T09:29:54","modified_gmt":"2023-02-16T08:29:54","slug":"feuille-de-sene-en-poudre-au-kilo","status":"publish","type":"product","link":"https:\/\/ventesengros.fr\/es\/grossiste\/hoja-de-sen-en-polvo-por-kilo\/","title":{"rendered":"Polvo de hoja de sen (por kilo o en sobres de 100 g)"},"content":{"rendered":"<p>Simplemente molidas en nuestra tienda online, las hojas de Sen en polvo le facilitar\u00e1n la preparaci\u00f3n de sus infusiones. Tambi\u00e9n simplificar\u00e1n la preparaci\u00f3n de decocciones.<\/p>\n<h2><b>Polvo de hoja de sen: un ahorro de tiempo considerable<\/b><\/h2>\n<p><span class=\"Apple-converted-space\">\u00a0<\/span>Con las hojas de Senna en polvo, tendr\u00e1 acceso en tiempo real a<span class=\"Apple-converted-space\">\u00a0 <\/span>de toda la receta a trav\u00e9s de un concentrado. La f\u00f3rmula en polvo, al igual que las c\u00e1psulas, permite<span class=\"Apple-converted-space\">\u00a0 <\/span>acceso instant\u00e1neo a<\/p>\n<p>todas las virtudes de Sana Makki a tu disposici\u00f3n. Basta con verter dos cucharaditas en una taza de agua caliente. Eso equivale aproximadamente a no m\u00e1s de dos gramos. La bolsita de hojas de Sen en polvo permite, por tanto, controlar juiciosamente el tratamiento al cabo de diez d\u00edas. Su envase ecol\u00f3gico permite guardar la materia prima en un rinc\u00f3n del armario.<\/p>\n<h2><b>Sana Makki: la soluci\u00f3n purgante por excelencia<\/b><\/h2>\n<p><span class=\"Apple-converted-space\">\u00a0<\/span>Esta soluci\u00f3n para liberar el tr\u00e1nsito intestinal no es nueva. De hecho, el uso de hojas de Sen en polvo es tan antiguo como Matusal\u00e9n. En la \u00e9poca de los faraones, los egipcios ya utilizaban este remedio laxante introduciendo una vara de bamb\u00fa en el recto para combatir el dolor causado por el estre\u00f1imiento. Si bien este m\u00e9todo puede resultar arcaico, hoy en d\u00eda una decocci\u00f3n a base de hoja de Sen en polvo es la alternativa ideal para remediar las obstrucciones intestinales.<\/p>\n<p><span class=\"Apple-converted-space\">\u00a0<\/span>Sin embargo, este remedio laxante tiene sus l\u00edmites. No puede utilizarse durante m\u00e1s de una semana seguida, ya que puede provocar diarreas agudas. Lo normal es un uso controlado para el estre\u00f1imiento ocasional y doloroso. Exceder esta recomendaci\u00f3n puede da\u00f1ar la flora intestinal y provocar carencias de oligoelementos. Si la <a href=\"https:\/\/www.plaisirsdorient.com\/fr\/medecine-prophetique\/17-sana-makki.html\" target=\"_blank\" rel=\"noopener noreferrer\"><strong>Sana Makki<\/strong><\/a> es eficaz a corto plazo y debe utilizarse por la ma\u00f1ana y por la noche.<\/p>\n<p>Foto no contractual<\/p>\n<p>Todos nuestros productos est\u00e1n disponibles en marca blanca (<a href=\"https:\/\/ventesengros.fr\/es\/pongase-en-contacto-con-2\/\"><strong>a petici\u00f3n<\/strong><\/a>)<\/p>\n<p>Precio decreciente sobre 10 lotes de descuento de 10% (<a href=\"https:\/\/ventesengros.fr\/es\/pongase-en-contacto-con-2\/\"><strong>sobre presupuesto<\/strong><\/a>)<\/p>","protected":false},"excerpt":{"rendered":"<p>Ofrecemos hojas de sen makki en polvo\u00a0<span style=\"color: #0000ff;\"><strong>se vende por kilo o en bolsas de 100 g en paquetes de 12 unidades<\/strong><\/span>. <strong>Precios decrecientes.<\/strong><\/p>\n<p><b>Precio por kilo :<\/b>\u00a0<span style=\"color: #ff0000;\"><strong>9,99\u20ac<\/strong><\/span><\/p>\n<p><b>Precio por bolsa<span class=\"Apple-converted-space\">\u00a0<\/span>:<\/b>\u00a0<strong><span style=\"color: #ff0000;\">0,99\u20ac<\/span><\/strong><\/p>\n<p><span style=\"color: #ff0000;\"><b>Para m\u00e1s de 3 lotes, elija una cantidad en la cesta.<\/b><\/span><\/p>\n<p>Reciba un descuento de 10% en pedidos de m\u00e1s de 10 lotes (<span style=\"color: #ff0000;\"><a style=\"color: #ff0000;\" href=\"https:\/\/ventesengros.fr\/es\/pongase-en-contacto-con-2\/\"><strong>Contacto<\/strong><\/a><\/span>).<\/p>","protected":false},"featured_media":38014,"template":"","meta":[],"product_brand":[],"product_cat":[360,1372,59],"product_tag":[538,866,974,688],"class_list":{"0":"post-31761","1":"product","2":"type-product","3":"status-publish","4":"has-post-thumbnail","6":"product_cat-produit-naturel-en-vrac","7":"product_cat-roqya","8":"product_cat-soin-et-bien-etre","9":"product_tag-engros","10":"product_tag-feuille-de-sene-en-poudre-au-kilo","11":"product_tag-grossiste","12":"product_tag-maroc","13":"pa_lot-1-lot-12-sachets-1908e-soit-159e-le-sachet","14":"pa_lot-1-lot-1kg-1099e-soit-1099e-le-kilo","15":"pa_lot-2-lots-24-sachets-3576e-soit-149e-le-sachet","16":"pa_lot-2-lots-2kg-2058e-soit-1029e-le-kilo","17":"pa_lot-3-lots-36-sachets-099e-le-sachet","18":"pa_lot-3-lots-3kg-2997e-soit-999e-le-kilo","20":"first","21":"instock","22":"shipping-taxable","23":"purchasable","24":"product-type-variable"},"_links":{"self":[{"href":"https:\/\/ventesengros.fr\/es\/wp-json\/wp\/v2\/product\/31761","targetHints":{"allow":["GET"]}}],"collection":[{"href":"https:\/\/ventesengros.fr\/es\/wp-json\/wp\/v2\/product"}],"about":[{"href":"https:\/\/ventesengros.fr\/es\/wp-json\/wp\/v2\/types\/product"}],"wp:featuredmedia":[{"embeddable":true,"href":"https:\/\/ventesengros.fr\/es\/wp-json\/wp\/v2\/media\/38014"}],"wp:attachment":[{"href":"https:\/\/ventesengros.fr\/es\/wp-json\/wp\/v2\/media?parent=31761"}],"wp:term":[{"taxonomy":"product_brand","embeddable":true,"href":"https:\/\/ventesengros.fr\/es\/wp-json\/wp\/v2\/product_brand?post=31761"},{"taxonomy":"product_cat","embeddable":true,"href":"https:\/\/ventesengros.fr\/es\/wp-json\/wp\/v2\/product_cat?post=31761"},{"taxonomy":"product_tag","embeddable":true,"href":"https:\/\/ventesengros.fr\/es\/wp-json\/wp\/v2\/product_tag?post=31761"}],"curies":[{"name":"wp","href":"https:\/\/api.w.org\/{rel}","templated":true}]}}