{"id":31730,"date":"2015-05-27T11:24:09","date_gmt":"2015-05-27T10:24:09","guid":{"rendered":"https:\/\/ventesengros.fr\/?post_type=product&#038;p=31730"},"modified":"2023-07-17T09:12:12","modified_gmt":"2023-07-17T08:12:12","slug":"savon-a-l-huile-d-argan-du-maroc","status":"publish","type":"product","link":"https:\/\/ventesengros.fr\/es\/grossiste\/jabon-de-aceite-de-argan-marroqui-2\/","title":{"rendered":"Jab\u00f3n de aceite de arg\u00e1n marroqu\u00ed X 12"},"content":{"rendered":"<p>Es un jab\u00f3n <strong>100% natural<\/strong> rica en \u00e1cidos grasos y vitaminas, y nutritiva. Puede utilizarse en la cara y el cuerpo.<\/p>\n<p><b>Marca:<\/b>\u00a0\u00a0Assila<\/p>\n<p><b>Procedencia:<\/b>Marruecos<\/p>\n<p><b>Peso:<\/b>80 g\/unidad<\/p>","protected":false},"excerpt":{"rendered":"<p>Le ofrecemos estos <strong>Jab\u00f3n de aceite de arg\u00e1n marroqu\u00ed\u00a0<\/strong>se venden en paquetes de 12 unidades.<\/p>\n<p>Precio de venta recomendado: 3,50<\/p>\n<p>1 lote :\u00a0<span style=\"color: #0ad227;\">0,99\/unidad X 12 = 11,88 euros<\/span><\/p>","protected":false},"featured_media":31732,"template":"","meta":[],"product_brand":[],"product_cat":[200,59],"product_tag":[850,258,974,849],"class_list":{"0":"post-31730","1":"product","2":"type-product","3":"status-publish","4":"has-post-thumbnail","6":"product_cat-savon-soin-et-bien-etre","7":"product_cat-soin-et-bien-etre","8":"product_tag-argan-du-maroc","9":"product_tag-en-gros","10":"product_tag-grossiste","11":"product_tag-savon-a-l-huile-d-argan-du-maroc","13":"first","14":"instock","15":"shipping-taxable","16":"purchasable","17":"product-type-simple"},"_links":{"self":[{"href":"https:\/\/ventesengros.fr\/es\/wp-json\/wp\/v2\/product\/31730","targetHints":{"allow":["GET"]}}],"collection":[{"href":"https:\/\/ventesengros.fr\/es\/wp-json\/wp\/v2\/product"}],"about":[{"href":"https:\/\/ventesengros.fr\/es\/wp-json\/wp\/v2\/types\/product"}],"wp:featuredmedia":[{"embeddable":true,"href":"https:\/\/ventesengros.fr\/es\/wp-json\/wp\/v2\/media\/31732"}],"wp:attachment":[{"href":"https:\/\/ventesengros.fr\/es\/wp-json\/wp\/v2\/media?parent=31730"}],"wp:term":[{"taxonomy":"product_brand","embeddable":true,"href":"https:\/\/ventesengros.fr\/es\/wp-json\/wp\/v2\/product_brand?post=31730"},{"taxonomy":"product_cat","embeddable":true,"href":"https:\/\/ventesengros.fr\/es\/wp-json\/wp\/v2\/product_cat?post=31730"},{"taxonomy":"product_tag","embeddable":true,"href":"https:\/\/ventesengros.fr\/es\/wp-json\/wp\/v2\/product_tag?post=31730"}],"curies":[{"name":"wp","href":"https:\/\/api.w.org\/{rel}","templated":true}]}}