{"id":31418,"date":"2015-04-24T11:17:36","date_gmt":"2015-04-24T10:17:36","guid":{"rendered":"https:\/\/ventesengros.fr\/?post_type=product&#038;p=31418"},"modified":"2022-06-30T23:20:30","modified_gmt":"2022-06-30T22:20:30","slug":"huile-de-chanvre-indien-60ml-plantil","status":"publish","type":"product","link":"https:\/\/ventesengros.fr\/es\/grossiste\/aceite-de-canamo-indio-60ml-plantil\/","title":{"rendered":"Aceite de C\u00e1\u00f1amo Indio 60mL X 12"},"content":{"rendered":"<p><strong>C\u00f3mo utilizarlo:<\/strong>\u00a0uso exclusivamente cosm\u00e9tico<\/p>\n<h5><b>Capacidad :<\/b>60 ml<br \/>\n<b><\/b><\/h5>\n<p><b>Marca:<\/b>\u00a0 plantil<\/p>\n<p><b>Procedencia:<\/b>Marruecos<\/p>\n<p><b>Peso:<\/b>142 g\/pieza<\/p>","protected":false},"excerpt":{"rendered":"<p>Le ofrecemos este\u00a0<strong>Aceite de c\u00e1\u00f1amo indio 60mL PLANTIL<\/strong><strong>\u00a0<\/strong>se venden en paquetes de 12 unidades.<\/p>\n<p>Precio de venta recomendado: 10,50 euros.<\/p>\n<p>1 lote :\u00a0<span style=\"color: #0ad227;\">3,49\/unidad X 12 = 41,88 euros<\/span><\/p>","protected":false},"featured_media":31420,"template":"","meta":[],"product_brand":[],"product_cat":[201,327,59],"product_tag":[258,974,820,688,977],"class_list":{"0":"post-31418","1":"product","2":"type-product","3":"status-publish","4":"has-post-thumbnail","6":"product_cat-huiles-soin-et-bien-etre","7":"product_cat-huile-plantil-60ml","8":"product_cat-soin-et-bien-etre","9":"product_tag-en-gros","10":"product_tag-grossiste","11":"product_tag-huile-de-chanvre-indien-60ml","12":"product_tag-maroc","13":"product_tag-plantil","15":"first","16":"instock","17":"shipping-taxable","18":"purchasable","19":"product-type-simple"},"_links":{"self":[{"href":"https:\/\/ventesengros.fr\/es\/wp-json\/wp\/v2\/product\/31418","targetHints":{"allow":["GET"]}}],"collection":[{"href":"https:\/\/ventesengros.fr\/es\/wp-json\/wp\/v2\/product"}],"about":[{"href":"https:\/\/ventesengros.fr\/es\/wp-json\/wp\/v2\/types\/product"}],"wp:featuredmedia":[{"embeddable":true,"href":"https:\/\/ventesengros.fr\/es\/wp-json\/wp\/v2\/media\/31420"}],"wp:attachment":[{"href":"https:\/\/ventesengros.fr\/es\/wp-json\/wp\/v2\/media?parent=31418"}],"wp:term":[{"taxonomy":"product_brand","embeddable":true,"href":"https:\/\/ventesengros.fr\/es\/wp-json\/wp\/v2\/product_brand?post=31418"},{"taxonomy":"product_cat","embeddable":true,"href":"https:\/\/ventesengros.fr\/es\/wp-json\/wp\/v2\/product_cat?post=31418"},{"taxonomy":"product_tag","embeddable":true,"href":"https:\/\/ventesengros.fr\/es\/wp-json\/wp\/v2\/product_tag?post=31418"}],"curies":[{"name":"wp","href":"https:\/\/api.w.org\/{rel}","templated":true}]}}