{"id":31260,"date":"2015-01-09T10:15:05","date_gmt":"2015-01-09T09:15:05","guid":{"rendered":"https:\/\/ventesengros.fr\/?post_type=product&#038;p=31260"},"modified":"2023-05-22T19:15:44","modified_gmt":"2023-05-22T18:15:44","slug":"ventouses-pour-hijama-58cm","status":"publish","type":"product","link":"https:\/\/ventesengros.fr\/es\/grossiste\/ventosas-para-hijama-58cm\/","title":{"rendered":"Ventosas para Hijama 6 cm (paquete de 100)"},"content":{"rendered":"<p>Ventosas para hijama 6 cm<\/p>\n<p>Foto no contractual<\/p>\n<p>El tama\u00f1o puede variar unos mil\u00edmetros<\/p>\n<p>Precio decreciente para m\u00e1s de 10 lotes Descuento 10% (sobre presupuesto)<\/p>\n<p>La hiyama es una pr\u00e1ctica m\u00e9dica muy antigua que se sigue practicando hoy en d\u00eda y cada vez es m\u00e1s popular en todo el mundo. Consiste en extraer la sangre mala mediante ventosas colocadas directamente sobre la piel, a la que previamente se ha practicado una incisi\u00f3n para poder succionar la sangre.<\/p>\n<p>La hijama puede realizarse como medida preventiva, para renovar la sangre y reforzar el sistema inmunitario. Tambi\u00e9n puede realizarse para tratar ciertas enfermedades, o para ayudar a curar ciertas dolencias, como menstruaciones dolorosas, migra\u00f1as, problemas de infertilidad, dolor de espalda, bajar la tensi\u00f3n arterial, etc. ....<\/p>\n<p><strong>Mayorista Orient<\/strong> le ofrece <strong>venta al por mayor<\/strong> el <strong>ventosas para hijama 6cm <\/strong>se venden en paquetes de 100 a 35,00 euros, es decir, 0,35 euros cada uno, con un precio escalonado a partir de 3 paquetes.<\/p>\n<p>Los semimayoristas y minoristas podr\u00e1n revender este producto al precio de venta recomendado de 1,50 euros.<\/p>\n<p>Estas ventosas son adecuadas para determinadas zonas del cuerpo. En nuestro sitio web, en la categor\u00eda de cuidado y bienestar, encontrar\u00e1s una serie de art\u00edculos para practicar hijama, incluidos kits y productos como ventosas de varios tama\u00f1os, cuchillas y bombas especializadas para usar con ventosas.<\/p>\n<p>La medicina prof\u00e9tica recomienda este tratamiento y da una serie de indicaciones, como los lugares espec\u00edficos a los que dirigirse para las distintas dolencias y las \u00e9pocas del a\u00f1o y del mes que se deben favorecer para que la hiyama sea m\u00e1s eficaz.<\/p>\n<p>Le recordamos que la hijama es un medicamento en s\u00ed mismo y que s\u00f3lo debe ser utilizado con seguridad por profesionales.<\/p>\n<p>Su mayorista en l\u00ednea en <strong>Marruecos<\/strong> garantiza la entrega en Francia y en el extranjero.<\/p>\n<p>Puede ponerse en contacto con nuestro servicio de atenci\u00f3n al cliente para obtener m\u00e1s informaci\u00f3n sobre este producto o cualquier otro de nuestra web.<\/p>\n<p>&nbsp;<\/p>\n<p><strong>Di\u00e1metro interior:<\/strong> 6 cm<\/p>","protected":false},"excerpt":{"rendered":"<p>Le ofrecemos estos\u00a0<strong>Ventosa para Hijama 6cm \u00a0<\/strong>se venden en paquetes de 100 .<\/p>\n<p><span style=\"color: #003366;\"><strong>Precio de venta recomendado: 1,50 euros.<\/strong><\/span><\/p>\n<p><strong>1 lote :\u00a0<span style=\"color: #0ad227;\">0,35\/unidad X 100 = 35 euros<\/span><\/strong><\/p>","protected":false},"featured_media":34562,"template":"","meta":[],"product_brand":[],"product_cat":[60,234],"product_tag":[258,974,688,768],"class_list":{"0":"post-31260","1":"product","2":"type-product","3":"status-publish","4":"has-post-thumbnail","6":"product_cat-bazar","7":"product_cat-kit-hijama","8":"product_tag-en-gros","9":"product_tag-grossiste","10":"product_tag-maroc","11":"product_tag-ventouses-pour-hijama-58cm","13":"first","14":"instock","15":"shipping-taxable","16":"purchasable","17":"product-type-simple"},"_links":{"self":[{"href":"https:\/\/ventesengros.fr\/es\/wp-json\/wp\/v2\/product\/31260","targetHints":{"allow":["GET"]}}],"collection":[{"href":"https:\/\/ventesengros.fr\/es\/wp-json\/wp\/v2\/product"}],"about":[{"href":"https:\/\/ventesengros.fr\/es\/wp-json\/wp\/v2\/types\/product"}],"wp:featuredmedia":[{"embeddable":true,"href":"https:\/\/ventesengros.fr\/es\/wp-json\/wp\/v2\/media\/34562"}],"wp:attachment":[{"href":"https:\/\/ventesengros.fr\/es\/wp-json\/wp\/v2\/media?parent=31260"}],"wp:term":[{"taxonomy":"product_brand","embeddable":true,"href":"https:\/\/ventesengros.fr\/es\/wp-json\/wp\/v2\/product_brand?post=31260"},{"taxonomy":"product_cat","embeddable":true,"href":"https:\/\/ventesengros.fr\/es\/wp-json\/wp\/v2\/product_cat?post=31260"},{"taxonomy":"product_tag","embeddable":true,"href":"https:\/\/ventesengros.fr\/es\/wp-json\/wp\/v2\/product_tag?post=31260"}],"curies":[{"name":"wp","href":"https:\/\/api.w.org\/{rel}","templated":true}]}}