{"id":31221,"date":"2015-09-01T08:00:29","date_gmt":"2015-09-01T07:00:29","guid":{"rendered":"https:\/\/ventesengros.fr\/?post_type=product&#038;p=31221"},"modified":"2023-05-22T15:30:30","modified_gmt":"2023-05-22T14:30:30","slug":"ventouses-pour-hijama-2-3cm","status":"publish","type":"product","link":"https:\/\/ventesengros.fr\/es\/grossiste\/ventosas-para-hijama-2-3cm\/","title":{"rendered":"Ventosas para Hijama 2,3cm (paquete de 100)"},"content":{"rendered":"<p>Ventosas para hijama 2,3cm<\/p>\n<p>&nbsp;<\/p>\n<p><strong>La hiyama<\/strong> es una medicina muy antigua, reconocida en todo el mundo por su gran eficacia y sus enormes beneficios para el organismo. Este <strong>pr\u00e1ctica terap\u00e9utica ancestral<\/strong> se practic\u00f3 durante mucho tiempo en la medicina tradicional china, en el antiguo Egipto y tambi\u00e9n en la medicina prof\u00e9tica. Se trata, pues, de una <strong>Sunnah muy recomendada<\/strong> porque el Profeta (sala Allahu 3aleyhi wa salam) lo practicaba \u00e9l mismo y alababa sus m\u00e9ritos, animando a la comunidad musulmana a practicarlo tambi\u00e9n.<\/p>\n<p>Su <strong>mayorista en l\u00ednea<\/strong> <strong>Mayorista Orient<\/strong> de <strong>Marruecos<\/strong> le ofrece <strong>venta al por mayor<\/strong> de <strong>Ventosas para Hijama 2,3cm<\/strong> vendido por <strong>paquete de 100<\/strong> a 45 euros cada uno, es decir, 0,45 euros cada uno.<\/p>\n<p>El tama\u00f1o de las ventosas depende de la zona del cuerpo en la que el <strong>hidjama <\/strong>debe llevarse a cabo, porque con <strong>Ventosas de 2 cm para hijama<\/strong> di\u00e1metro, se pueden tratar zonas como la nuca, as\u00ed como el cr\u00e1neo y otras zonas del cuerpo en las que es absolutamente necesario utilizar ventosas peque\u00f1as.<\/p>\n<p>La hijama puede utilizarse para tratar una amplia gama de dolencias, como dolor de espalda, dolores menstruales, par\u00e1lisis, hemorroides, est\u00f3mago y \u00falceras, somnolencia, obesidad, delgadez, esterilidad y muchas otras enfermedades.<\/p>\n<p>Es importante recordar que la hijama sigue siendo medicina y, por tanto, una ciencia, y que debe ser practicada por personas competentes.<\/p>\n<p>En cuanto a la Sunnah para practicar la hiyama, hay una serie de reglas que debes conocer para practicarla de la mejor manera posible y, como aconsejaba el propio Profeta, obtener los mejores resultados.<\/p>\n<p>Para m\u00e1s informaci\u00f3n sobre <strong>ventosas para hijama <\/strong>a Orient Grossiste, no dude en ponerse en contacto con nuestro servicio de atenci\u00f3n al cliente.<\/p>\n<p><strong>Di\u00e1metro interior:<\/strong>\u00a02,3 cm<\/p>","protected":false},"excerpt":{"rendered":"<p>Le ofrecemos estos\u00a0<strong>Ventosa para Hijama 2,3cm \u00a0<\/strong>se venden en paquetes de 100 unidades.<\/p>\n<p>Precio de venta recomendado: 1,50 euros.<\/p>\n<p>1 lote :\u00a0<span style=\"color: #0ad227;\">0,35\/unidad X 100 = 35 euros<\/span><\/p>","protected":false},"featured_media":34477,"template":"","meta":[],"product_brand":[],"product_cat":[60,234],"product_tag":[258,974,688,875,753],"class_list":{"0":"post-31221","1":"product","2":"type-product","3":"status-publish","4":"has-post-thumbnail","6":"product_cat-bazar","7":"product_cat-kit-hijama","8":"product_tag-en-gros","9":"product_tag-grossiste","10":"product_tag-maroc","11":"product_tag-ventouses-pour-hijama-2-3cm","12":"product_tag-ventouses-pour-hijama-2cm","14":"first","15":"instock","16":"shipping-taxable","17":"purchasable","18":"product-type-simple"},"_links":{"self":[{"href":"https:\/\/ventesengros.fr\/es\/wp-json\/wp\/v2\/product\/31221","targetHints":{"allow":["GET"]}}],"collection":[{"href":"https:\/\/ventesengros.fr\/es\/wp-json\/wp\/v2\/product"}],"about":[{"href":"https:\/\/ventesengros.fr\/es\/wp-json\/wp\/v2\/types\/product"}],"wp:featuredmedia":[{"embeddable":true,"href":"https:\/\/ventesengros.fr\/es\/wp-json\/wp\/v2\/media\/34477"}],"wp:attachment":[{"href":"https:\/\/ventesengros.fr\/es\/wp-json\/wp\/v2\/media?parent=31221"}],"wp:term":[{"taxonomy":"product_brand","embeddable":true,"href":"https:\/\/ventesengros.fr\/es\/wp-json\/wp\/v2\/product_brand?post=31221"},{"taxonomy":"product_cat","embeddable":true,"href":"https:\/\/ventesengros.fr\/es\/wp-json\/wp\/v2\/product_cat?post=31221"},{"taxonomy":"product_tag","embeddable":true,"href":"https:\/\/ventesengros.fr\/es\/wp-json\/wp\/v2\/product_tag?post=31221"}],"curies":[{"name":"wp","href":"https:\/\/api.w.org\/{rel}","templated":true}]}}