{"id":30659,"date":"2012-02-06T10:21:07","date_gmt":"2012-02-06T09:21:07","guid":{"rendered":"https:\/\/ventesengros.fr\/?post_type=product&#038;p=30659"},"modified":"2026-01-23T18:40:08","modified_gmt":"2026-01-23T17:40:08","slug":"feuille-de-sene","status":"publish","type":"product","link":"https:\/\/ventesengros.fr\/es\/grossiste\/sene-hoja\/","title":{"rendered":"Hoja de sen (por kilo o en paquetes de 12 x 100 g)"},"content":{"rendered":"<p>Las hojas del sana makki proceden de un \u00e1rbol de la familia de las cesalpini\u00e1ceas que crece en Yemen. Luego se extendi\u00f3 a la pen\u00ednsula ar\u00e1biga y la India, donde se cultiva en abundancia.<\/p>\n<h2><strong><span class=\"Apple-converted-space\">\u00a0<\/span>Un tratamiento eficaz contra el estre\u00f1imiento<\/strong><\/h2>\n<p>Las hojas de sen se lavan y se utilizan en forma de decocci\u00f3n. Su efecto laxante relaja los intestinos y facilita el tr\u00e1nsito.<\/p>\n<p>Gracias a sus principios activos (derivados naturales de la antraquinona), las hojas ablandan las heces al inhibir el agua de los alimentos ingeridos. El efecto laxante se acelera entonces por la contracci\u00f3n de los intestinos, lo que facilita finalmente la expulsi\u00f3n de los excrementos.<span class=\"Apple-converted-space\">\u00a0<\/span><\/p>\n<h3><b>Consumo limitado en el tiempo<\/b><\/h3>\n<p><span class=\"Apple-converted-space\">\u00a0<\/span>Este remedio natural, que es beneficioso para sana makki y uso ocasional, es conveniente mantener en la esquina de su armario. Sin embargo, no debe utilizarse durante m\u00e1s de una semana seguida. En caso de estre\u00f1imiento grave o crisis hemorroidal, se pueden utilizar las hojas de sen como remedio. <a href=\"https:\/\/pausedetox.fr\/produit\/tisane-detoxfit\/\" target=\"_blank\" rel=\"noopener noreferrer\"><strong>tisana adelgazante<\/strong><\/a> son una soluci\u00f3n inmediata. Cuando se consumen por v\u00eda oral, los efectos purgantes de las hojas suelen surtir efecto unas diez horas despu\u00e9s de la ingesti\u00f3n. La dosis recomendada para las decocciones no debe superar los 2 gramos.<\/p>\n<p><span class=\"Apple-converted-space\">\u00a0<\/span>Para preparar la bebida, basta con hervir agua. A\u00f1ada las hojas de Senna y f\u00edltrela antes de beberla.<\/p>\n<p><span class=\"Apple-converted-space\">\u00a0<\/span>No supere las dosis recomendadas ni la duraci\u00f3n de la prescripci\u00f3n.<\/p>\n<p><span class=\"Apple-converted-space\">\u00a0<\/span>Beber en exceso puede provocar deshidrataci\u00f3n y deficiencias minerales en el organismo.<\/p>\n<h3><b>Los efectos beneficiosos de las hojas de sana makki para el h\u00edgado en la medicina ayurv\u00e9dica<\/b><\/h3>\n<p><span class=\"Apple-converted-space\">\u00a0<\/span>En la India, las hojas de sen se utilizan para limpiar el h\u00edgado. Tambi\u00e9n se utilizan para combatir la anemia y los problemas digestivos. Las poblaciones locales lo utilizan en forma de tisana.<span class=\"Apple-converted-space\">\u00a0<\/span>por sus propiedades desintoxicantes.<\/p>\n<p><span class=\"Apple-converted-space\">\u00a0<\/span>Adem\u00e1s, mezcladas con agua, las hojas aportan vitalidad y brillo al cuero cabelludo. Tambi\u00e9n ayudan a eliminar la caspa.<\/p>\n<p>Foto no contractual.<\/p>","protected":false},"excerpt":{"rendered":"<p>Le ofrecemos las hojas de Makki Senna en polvo <span style=\"color: #0000ff;\"><strong>se vende por kilo o en sobres de 100 g en paquetes de 12 sobres<\/strong><\/span>. <span style=\"color: #000000;\"><strong>Precios decrecientes.<\/strong><\/span><\/p>\n<p><b>Precio por kilo :<\/b>\u00a0<span style=\"color: #ff0000;\"><strong>8,99\u20ac<\/strong><\/span><\/p>\n<p><b>Precio por bolsa<span class=\"Apple-converted-space\">\u00a0<\/span>:<\/b>\u00a0<strong><span style=\"color: #ff0000;\">1,299\u20ac<\/span><\/strong><\/p>\n<p><span style=\"color: #ff0000;\"><b>Para m\u00e1s de 3 lotes, elija una cantidad en la cesta.<\/b><\/span><\/p>\n<p>Reciba un descuento de 10% en pedidos de m\u00e1s de 10 lotes (<span style=\"color: #ff0000;\"><a style=\"color: #ff0000;\" href=\"https:\/\/ventesengros.fr\/es\/pongase-en-contacto-con-2\/\"><strong>Contacto<\/strong><\/a><\/span>).<\/p>","protected":false},"featured_media":37872,"template":"","meta":[],"product_brand":[],"product_cat":[360,1372,59],"product_tag":[258,711,974,688],"class_list":{"0":"post-30659","1":"product","2":"type-product","3":"status-publish","4":"has-post-thumbnail","6":"product_cat-produit-naturel-en-vrac","7":"product_cat-roqya","8":"product_cat-soin-et-bien-etre","9":"product_tag-en-gros","10":"product_tag-feuille-de-sene","11":"product_tag-grossiste","12":"product_tag-maroc","13":"pa_lot-158","14":"pa_lot-160","15":"pa_lot-2-lots-economisez-14e","16":"pa_lot-2-lots-economisez-224-euros","17":"pa_lot-159","18":"pa_lot-3-lots-economisez-720-euros","20":"first","21":"instock","22":"featured","23":"shipping-taxable","24":"purchasable","25":"product-type-variable"},"_links":{"self":[{"href":"https:\/\/ventesengros.fr\/es\/wp-json\/wp\/v2\/product\/30659","targetHints":{"allow":["GET"]}}],"collection":[{"href":"https:\/\/ventesengros.fr\/es\/wp-json\/wp\/v2\/product"}],"about":[{"href":"https:\/\/ventesengros.fr\/es\/wp-json\/wp\/v2\/types\/product"}],"wp:featuredmedia":[{"embeddable":true,"href":"https:\/\/ventesengros.fr\/es\/wp-json\/wp\/v2\/media\/37872"}],"wp:attachment":[{"href":"https:\/\/ventesengros.fr\/es\/wp-json\/wp\/v2\/media?parent=30659"}],"wp:term":[{"taxonomy":"product_brand","embeddable":true,"href":"https:\/\/ventesengros.fr\/es\/wp-json\/wp\/v2\/product_brand?post=30659"},{"taxonomy":"product_cat","embeddable":true,"href":"https:\/\/ventesengros.fr\/es\/wp-json\/wp\/v2\/product_cat?post=30659"},{"taxonomy":"product_tag","embeddable":true,"href":"https:\/\/ventesengros.fr\/es\/wp-json\/wp\/v2\/product_tag?post=30659"}],"curies":[{"name":"wp","href":"https:\/\/api.w.org\/{rel}","templated":true}]}}