{"id":30499,"date":"2016-08-22T17:50:35","date_gmt":"2016-08-22T16:50:35","guid":{"rendered":"http:\/\/ventesengros.fr\/?post_type=product&#038;p=30499"},"modified":"2022-11-07T10:23:18","modified_gmt":"2022-11-07T09:23:18","slug":"huile-descargot-bio-macerat","status":"publish","type":"product","link":"https:\/\/ventesengros.fr\/es\/grossiste\/descargot-aceite-macerado-bio\/","title":{"rendered":"Aceite de caracol (macerado) x 12"},"content":{"rendered":"<p><strong>Propiedades:<\/strong><\/p>\n<p>Aceite muy beneficioso para problemas de la piel como granos y cicatrices. Trata las quemaduras solares, la irritaci\u00f3n y el cabello da\u00f1ado. Cuida las u\u00f1as, frena la ca\u00edda del cabello y ayuda a que crezcan al tiempo que las nutre.<\/p>\n<h5><b>Capacidad :<\/b>30 ml<br \/>\n<b><\/b><\/h5>\n<p><b>\u00a0<\/b><b>Procedencia:<\/b>Marruecos<\/p>\n<p><b>Peso:<\/b>90 g\/unidad<\/p>\n<h5>x 12<\/h5>","protected":false},"excerpt":{"rendered":"<p>Le ofrecemos este\u00a0<strong>Aceite de Caracol Ecol\u00f3gico 30mL (macerado)<\/strong><strong>\u00a0<\/strong>se venden en paquetes de 12 unidades.<\/p>\n<p>Precio de venta recomendado: 8,00 euros.<\/p>\n<p>1 lote : <span style=\"color: #0ad227;\">2,29 \u20ac\/unidad<\/span><\/p>","protected":false},"featured_media":30503,"template":"","meta":[],"product_brand":[],"product_cat":[290,201,59],"product_tag":[258,974,697,688],"class_list":{"0":"post-30499","1":"product","2":"type-product","3":"status-publish","4":"has-post-thumbnail","6":"product_cat-autre","7":"product_cat-huiles-soin-et-bien-etre","8":"product_cat-soin-et-bien-etre","9":"product_tag-en-gros","10":"product_tag-grossiste","11":"product_tag-huile-de-descargot-bio","12":"product_tag-maroc","13":"pa_lot-158","14":"pa_lot-160","15":"pa_lot-159","17":"first","18":"instock","19":"shipping-taxable","20":"purchasable","21":"product-type-simple"},"_links":{"self":[{"href":"https:\/\/ventesengros.fr\/es\/wp-json\/wp\/v2\/product\/30499","targetHints":{"allow":["GET"]}}],"collection":[{"href":"https:\/\/ventesengros.fr\/es\/wp-json\/wp\/v2\/product"}],"about":[{"href":"https:\/\/ventesengros.fr\/es\/wp-json\/wp\/v2\/types\/product"}],"wp:featuredmedia":[{"embeddable":true,"href":"https:\/\/ventesengros.fr\/es\/wp-json\/wp\/v2\/media\/30503"}],"wp:attachment":[{"href":"https:\/\/ventesengros.fr\/es\/wp-json\/wp\/v2\/media?parent=30499"}],"wp:term":[{"taxonomy":"product_brand","embeddable":true,"href":"https:\/\/ventesengros.fr\/es\/wp-json\/wp\/v2\/product_brand?post=30499"},{"taxonomy":"product_cat","embeddable":true,"href":"https:\/\/ventesengros.fr\/es\/wp-json\/wp\/v2\/product_cat?post=30499"},{"taxonomy":"product_tag","embeddable":true,"href":"https:\/\/ventesengros.fr\/es\/wp-json\/wp\/v2\/product_tag?post=30499"}],"curies":[{"name":"wp","href":"https:\/\/api.w.org\/{rel}","templated":true}]}}