{"id":3009,"date":"2014-05-11T15:56:23","date_gmt":"2014-05-11T14:56:23","guid":{"rendered":"http:\/\/pietra-communication.com\/ventesengros.fr\/?post_type=product&#038;p=3009"},"modified":"2024-08-17T10:14:08","modified_gmt":"2024-08-17T09:14:08","slug":"savon-au-soufre","status":"publish","type":"product","link":"https:\/\/ventesengros.fr\/es\/grossiste\/jabon-de-azufre\/","title":{"rendered":"Jab\u00f3n de azufre (paquete de 12 jabones)"},"content":{"rendered":"<p><strong>Propiedad:<\/strong><\/p>\n<p><span style=\"color: #000000;\">El azufre tiene propiedades antis\u00e9pticas. Es un jab\u00f3n beneficioso para una piel sana,\u00a0<span style=\"color: #333333;\">Este jab\u00f3n tiene una acci\u00f3n cicatrizante a la vez que purifica y trata la piel propensa al acn\u00e9. Alivia los picores, incluidos los eccemas.<\/span><\/span><\/p>\n<p>marcas seg\u00fan existencias<\/p>","protected":false},"excerpt":{"rendered":"<p>Le ofrecemos este <strong>Jab\u00f3n de azufre<\/strong> se venden en paquetes de 12 a 1,19 euros\/unidad, precio de venta recomendado 3,99 euros.<\/p>\n<p>1 lote :\u00a0<span style=\"color: #0ad227;\">1,19\/unidad x 12 = 14,28 euros<\/span><\/p>\n<p>&nbsp;<\/p>\n<p style=\"text-align: center;\">","protected":false},"featured_media":3013,"template":"","meta":[],"product_brand":[],"product_cat":[1556,200,59],"product_tag":[974,177,294],"class_list":{"0":"post-3009","1":"product","2":"type-product","3":"status-publish","4":"has-post-thumbnail","6":"product_cat-grossiste-produits-a-base-de-soufre","7":"product_cat-savon-soin-et-bien-etre","8":"product_cat-soin-et-bien-etre","9":"product_tag-grossiste","10":"product_tag-savon","11":"product_tag-soufre","12":"pa_lot-158","13":"pa_lot-160","14":"pa_lot-159","16":"first","17":"instock","18":"shipping-taxable","19":"purchasable","20":"product-type-simple"},"_links":{"self":[{"href":"https:\/\/ventesengros.fr\/es\/wp-json\/wp\/v2\/product\/3009","targetHints":{"allow":["GET"]}}],"collection":[{"href":"https:\/\/ventesengros.fr\/es\/wp-json\/wp\/v2\/product"}],"about":[{"href":"https:\/\/ventesengros.fr\/es\/wp-json\/wp\/v2\/types\/product"}],"wp:featuredmedia":[{"embeddable":true,"href":"https:\/\/ventesengros.fr\/es\/wp-json\/wp\/v2\/media\/3013"}],"wp:attachment":[{"href":"https:\/\/ventesengros.fr\/es\/wp-json\/wp\/v2\/media?parent=3009"}],"wp:term":[{"taxonomy":"product_brand","embeddable":true,"href":"https:\/\/ventesengros.fr\/es\/wp-json\/wp\/v2\/product_brand?post=3009"},{"taxonomy":"product_cat","embeddable":true,"href":"https:\/\/ventesengros.fr\/es\/wp-json\/wp\/v2\/product_cat?post=3009"},{"taxonomy":"product_tag","embeddable":true,"href":"https:\/\/ventesengros.fr\/es\/wp-json\/wp\/v2\/product_tag?post=3009"}],"curies":[{"name":"wp","href":"https:\/\/api.w.org\/{rel}","templated":true}]}}