{"id":29657,"date":"2014-08-22T00:05:52","date_gmt":"2014-08-21T23:05:52","guid":{"rendered":"http:\/\/pietra-communication.com\/ventesengros.fr\/?post_type=product&#038;p=29657"},"modified":"2025-04-16T09:45:30","modified_gmt":"2025-04-16T08:45:30","slug":"siwak-gout-menthe","status":"publish","type":"product","link":"https:\/\/ventesengros.fr\/es\/grossiste\/siwak-sabor-menta-2\/","title":{"rendered":"Siwak con sabor a menta - Paquete de 20 siwaks"},"content":{"rendered":"<p>Siwak sabor menta<\/p>\n<p>&nbsp;<\/p>\n<p><strong>Siwak<\/strong>tambi\u00e9n conocido como <strong>souak<\/strong>, <strong>miswak<\/strong> o incluso <strong>palo de arak<\/strong>es una rama de un peque\u00f1o \u00e1rbol llamado <em>salavadora persica. <\/em>Muy utilizado en Oriente Pr\u00f3ximo, el siwak es especialmente popular entre los musulmanes de todo el mundo, ya que el profeta Mahoma ensalz\u00f3 sus muchas virtudes en su Sunnah.<\/p>\n<p>Puede utilizarse como cepillo de dientes natural; basta con frotar los dientes con \u00e9l para eliminar la placa que se forma al comer o beber. El siwak es bueno para fortalecer las enc\u00edas, protege contra la cal y, seg\u00fan algunas investigaciones, la sustancia que contiene ayuda a digerir mejor los alimentos. A largo plazo, el siwak es tambi\u00e9n una excelente manera de blanquear los dientes sin utilizar productos qu\u00edmicos, de forma muy sencilla y econ\u00f3mica.<\/p>\n<p>Su <strong>mayorista<\/strong> en l\u00ednea <strong>Mayorista Orient<\/strong> de <strong>Marruecos <\/strong>le ofrece en venta <strong>a granel<\/strong> de <strong>siwaks sabor menta<\/strong> vendido por <strong>lote de 20<\/strong> 6,00, es decir, 0,30 euros cada uno, o 0,26 euros cada uno por la compra de 3 o m\u00e1s juegos.<\/p>\n<p>El precio de venta recomendado para este producto oscila entre 1,00 y 2,00 euros, en funci\u00f3n de los precios actuales del mercado.<\/p>\n<p>En <strong>sewak Al Aqsa<\/strong> son de muy alta calidad, y su sabor a menta hace que el usuario conserve un agradable gusto en la boca despu\u00e9s de cada uso. El sitio <strong>siwek <\/strong>tiene un sabor natural bastante inusual que algunas personas no aprecian demasiado, por lo que el sabor a menta de \u00e9ste remediar\u00e1 el sabor que puede parecer desagradable a algunos.<\/p>\n<p>Le <strong>siwak sabor menta<\/strong> se conserva en un envase totalmente herm\u00e9tico para preservar toda su frescura y sabor. Puede encontrar diferentes tama\u00f1os de este producto en nuestro sitio web.<\/p>\n<p>No dude en ponerse en contacto con nuestro servicio de atenci\u00f3n al cliente si necesita m\u00e1s informaci\u00f3n sobre este u otros productos disponibles en nuestro sitio web.<\/p>","protected":false},"excerpt":{"rendered":"<p>Le ofrecemos estos<strong>\u00a0Siwak sabor menta<\/strong><strong>\u00a0<\/strong>se venden en paquetes de 20 unidades.<\/p>\n<p>Precio de venta recomendado: 1,50-2,00 euros.<\/p>\n<p>1 lote : <span style=\"color: #0ad227;\">0,69\/unidad X 20 = 13,80 euros<\/span><\/p>\n<p>&nbsp;<\/p>","protected":false},"featured_media":36858,"template":"","meta":[],"product_brand":[],"product_cat":[297,59],"product_tag":[258,974,641],"class_list":{"0":"post-29657","1":"product","2":"type-product","3":"status-publish","4":"has-post-thumbnail","6":"product_cat-siwak-siwakdentifrice","7":"product_cat-soin-et-bien-etre","8":"product_tag-en-gros","9":"product_tag-grossiste","10":"product_tag-siwak-gout-menthe","11":"pa_lot-158","12":"pa_lot-160","13":"pa_lot-159","15":"first","16":"instock","17":"shipping-taxable","18":"purchasable","19":"product-type-simple"},"_links":{"self":[{"href":"https:\/\/ventesengros.fr\/es\/wp-json\/wp\/v2\/product\/29657","targetHints":{"allow":["GET"]}}],"collection":[{"href":"https:\/\/ventesengros.fr\/es\/wp-json\/wp\/v2\/product"}],"about":[{"href":"https:\/\/ventesengros.fr\/es\/wp-json\/wp\/v2\/types\/product"}],"wp:featuredmedia":[{"embeddable":true,"href":"https:\/\/ventesengros.fr\/es\/wp-json\/wp\/v2\/media\/36858"}],"wp:attachment":[{"href":"https:\/\/ventesengros.fr\/es\/wp-json\/wp\/v2\/media?parent=29657"}],"wp:term":[{"taxonomy":"product_brand","embeddable":true,"href":"https:\/\/ventesengros.fr\/es\/wp-json\/wp\/v2\/product_brand?post=29657"},{"taxonomy":"product_cat","embeddable":true,"href":"https:\/\/ventesengros.fr\/es\/wp-json\/wp\/v2\/product_cat?post=29657"},{"taxonomy":"product_tag","embeddable":true,"href":"https:\/\/ventesengros.fr\/es\/wp-json\/wp\/v2\/product_tag?post=29657"}],"curies":[{"name":"wp","href":"https:\/\/api.w.org\/{rel}","templated":true}]}}