{"id":29233,"date":"2014-07-24T16:17:17","date_gmt":"2014-07-24T15:17:17","guid":{"rendered":"http:\/\/pietra-communication.com\/ventesengros.fr\/?post_type=product&#038;p=29233"},"modified":"2023-10-16T09:48:29","modified_gmt":"2023-10-16T08:48:29","slug":"ventouses-hijama-petit-format","status":"publish","type":"product","link":"https:\/\/ventesengros.fr\/es\/grossiste\/ventosas-hijama-pequenas\/","title":{"rendered":"Ventosas para Hijama 4 cm (paquete de 100)"},"content":{"rendered":"<p>Ventosas para hijama 4 cm<\/p>\n<p>&nbsp;<\/p>\n<p><strong>Mayorista Orient<\/strong> es un <strong>mayorista<\/strong> en l\u00ednea en <strong>Marruecos<\/strong> que ofrece una amplia selecci\u00f3n de art\u00edculos en una gran variedad de categor\u00edas.<\/p>\n<p>En <strong>ventosas para hijama<\/strong> se venden <strong>a granel<\/strong> en nuestro sitio, para que las empresas y los semimayoristas puedan comprar a un precio muy competitivo.<\/p>\n<p>Entre las ventosas hijama, encontrar\u00e1 diferentes tama\u00f1os en cuanto al di\u00e1metro de la ventosa. <strong>ventosas para hijama 4cm<\/strong> son ventosas de cristal que utilizan una bomba especializada para bombear peque\u00f1as cantidades de sangre a la epidermis.<\/p>\n<p>La hiyama es una pr\u00e1ctica m\u00e9dica muy antigua, utilizada sobre todo en China y en el antiguo Egipto, pero tambi\u00e9n en la \u00e9poca del Profeta (Sala Allahu 3leyhi wa salam), quien la recomendaba (Sunnah) y alababa sus numerosos m\u00e9ritos y beneficios para el organismo.<\/p>\n<p>Sus beneficios incluyen el tratamiento del dolor de espalda, las migra\u00f1as, la esterilidad, la sinusitis, las alergias alimentarias, el retraso mental, la depresi\u00f3n, la ansiedad y el tabaquismo.<\/p>\n<p>La <strong>hidjama<\/strong> debe ser realizada por una persona competente, ya que es una forma de medicina que requiere conocimientos muy precisos.<\/p>\n<p>Le <strong>peque\u00f1o formato<\/strong> de esta ventosa permite utilizarla en zonas espec\u00edficas del cuerpo que requieren una succi\u00f3n m\u00e1s ligera o menor que otras zonas.<\/p>\n<p>Para cada producto de nuestro sitio, le damos un precio de venta al p\u00fablico recomendado para cada art\u00edculo, calculado sobre la base del mercado actual. <strong>ventosas hijama<\/strong>El precio de venta recomendado es de 1,50 euros cada uno.<\/p>\n<p>En nuestro sitio web encontrar\u00e1 otras ventosas de distintos di\u00e1metros, as\u00ed como bombas hijama especializadas y otros accesorios como kits para completar su equipo.<\/p>\n<p>Si tiene m\u00e1s preguntas sobre la hijama y el equipo necesario para realizarla correctamente, no dude en ponerse en contacto con nuestro equipo de atenci\u00f3n al cliente, que est\u00e1 disponible en horarios flexibles para facilitarle las cosas.<\/p>\n<p>&nbsp;<\/p>\n<p><strong>Di\u00e1metro interior:<\/strong> 4 cm<\/p>","protected":false},"excerpt":{"rendered":"<p>Le ofrecemos estos\u00a0<strong>Ventosa para Hijama peque\u00f1o<\/strong>\u00a0se venden en paquetes de 100 .<\/p>\n<p><strong><span style=\"color: #000080;\">Precio de venta recomendado: 1,50 euros.<\/span><\/strong><\/p>\n<p><strong>1 lote :\u00a0<span style=\"color: #0ad227;\">0,35\/unidad X 100 = 35 euros<\/span><\/strong><\/p>\n<p>&nbsp;<\/p>","protected":false},"featured_media":34479,"template":"","meta":[],"product_brand":[],"product_cat":[60,234],"product_tag":[258,974,301,584],"class_list":{"0":"post-29233","1":"product","2":"type-product","3":"status-publish","4":"has-post-thumbnail","6":"product_cat-bazar","7":"product_cat-kit-hijama","8":"product_tag-en-gros","9":"product_tag-grossiste","10":"product_tag-petit-format","11":"product_tag-ventouses-hijama","12":"pa_lot-158","13":"pa_lot-160","14":"pa_lot-159","16":"first","17":"instock","18":"shipping-taxable","19":"purchasable","20":"product-type-simple"},"_links":{"self":[{"href":"https:\/\/ventesengros.fr\/es\/wp-json\/wp\/v2\/product\/29233","targetHints":{"allow":["GET"]}}],"collection":[{"href":"https:\/\/ventesengros.fr\/es\/wp-json\/wp\/v2\/product"}],"about":[{"href":"https:\/\/ventesengros.fr\/es\/wp-json\/wp\/v2\/types\/product"}],"wp:featuredmedia":[{"embeddable":true,"href":"https:\/\/ventesengros.fr\/es\/wp-json\/wp\/v2\/media\/34479"}],"wp:attachment":[{"href":"https:\/\/ventesengros.fr\/es\/wp-json\/wp\/v2\/media?parent=29233"}],"wp:term":[{"taxonomy":"product_brand","embeddable":true,"href":"https:\/\/ventesengros.fr\/es\/wp-json\/wp\/v2\/product_brand?post=29233"},{"taxonomy":"product_cat","embeddable":true,"href":"https:\/\/ventesengros.fr\/es\/wp-json\/wp\/v2\/product_cat?post=29233"},{"taxonomy":"product_tag","embeddable":true,"href":"https:\/\/ventesengros.fr\/es\/wp-json\/wp\/v2\/product_tag?post=29233"}],"curies":[{"name":"wp","href":"https:\/\/api.w.org\/{rel}","templated":true}]}}