{"id":28914,"date":"2020-03-10T11:53:19","date_gmt":"2020-03-10T10:53:19","guid":{"rendered":"http:\/\/pietra-communication.com\/ventesengros.fr\/?post_type=product&#038;p=28914"},"modified":"2022-06-30T23:04:36","modified_gmt":"2022-06-30T22:04:36","slug":"costus-marin-1kg","status":"publish","type":"product","link":"https:\/\/ventesengros.fr\/es\/grossiste\/costus-marin-1kg\/","title":{"rendered":"Costus Marin en polvo (por kilo o en sobres de 20 g)"},"content":{"rendered":"<p>Costus marino en polvo y <a href=\"https:\/\/natureluxy-shop.com\/collections\/costus-indien\" target=\"_blank\" rel=\"noopener noreferrer\"><strong>Costus indio<\/strong><\/a> representa pr\u00e1cticamente lo mismo. Si las cualidades intr\u00ednsecas no cambian, se dice que el costus mar\u00edtimo tiene un aspecto blanco. En cuanto al costus indio, se dice que es del color de la corteza (negro) y m\u00e1s c\u00e1lido que el costus mar\u00edtimo.<\/p>\n<h2><b>Costus marino en polvo, la medicina definitiva<\/b><\/h2>\n<p>En tiempos en que la industria farmac\u00e9utica era inexistente, el costus marino era el remedio de que dispon\u00edan \u00e1rabes e indios para tratar un gran n\u00famero de enfermedades y causas menores. Muy apreciado en la medicina prof\u00e9tica y ayurv\u00e9dica, se dice que el oud indio es la receta milagrosa para tratar los dolores de cabeza y las numerosas infecciones que diezmaban a los pueblos en la antig\u00fcedad.<\/p>\n<h3><b>Detalles de las dolencias curadas por el costus maritime<\/b><\/h3>\n<p>Entre las dolencias y molestias corporales, el costus del mar ayuda a combatir los problemas g\u00e1stricos, la diarrea, el asma y las migra\u00f1as.<\/p>\n<p><span class=\"Apple-converted-space\">\u00a0<\/span>Entre los milagros y enfermedades que han causado estragos en la humanidad. El costus indio ha desempe\u00f1ado un papel destacado en el tratamiento de la tuberculosis. Pero tambi\u00e9n en el tratamiento de enfermedades de transmisi\u00f3n sexual. En particular, la gonorrea, llamada coloquialmente por los m\u00e9dicos \"pis caliente\" en Francia, que sigue causando estragos.<span class=\"Apple-converted-space\">\u00a0<\/span><\/p>\n<h3><b>Las diferentes formas de utilizar el costus marino en polvo<\/b><\/h3>\n<p>El oud indio se utiliza de diversas formas. Su madera se asemeja a un <a href=\"https:\/\/ventesengros.fr\/es\/grossiste\/siwak-nature-fin-vrac\/\"><strong>siwak<\/strong><\/a> al gusto de <a href=\"https:\/\/goutte-damour.com\/produit\/gelule-de-gingembre-aphrodisiaque\/\" target=\"_blank\" rel=\"noopener noreferrer\"><strong>jengibre afrodis\u00edaco<\/strong><\/a> (el antepasado del cepillo de dientes en Oriente Medio) puede utilizarse de forma rudimentaria.<\/p>\n<p><span class=\"Apple-converted-space\">\u00a0<\/span>De hecho, se dice que la corteza colocada entre los dientes alivia la gingivitis y previene la aparici\u00f3n del kist oral.<span class=\"Apple-converted-space\">\u00a0 <\/span>En su forma aceitosa, el costus marino se aplica en la frente para tratar las migra\u00f1as. Otra forma de utilizarlo es quemar la corteza de la madera india e inhalar el humo. Finalmente, reducido a polvo y mezclado con agua, el costus marin se inhala suavemente por las fosas nasales en forma de gotitas.<\/p>\n<p>Foto no contractual<\/p>\n<p>Todos nuestros productos est\u00e1n disponibles en marca blanca (<a href=\"https:\/\/ventesengros.fr\/es\/pongase-en-contacto-con-2\/\"><strong>a petici\u00f3n<\/strong><\/a>)<\/p>\n<p>Precio decreciente sobre 10 lotes de descuento de 10% (<a href=\"https:\/\/ventesengros.fr\/es\/pongase-en-contacto-con-2\/\"><strong>sobre presupuesto<\/strong><\/a>)<\/p>\n<p>&nbsp;<\/p>","protected":false},"excerpt":{"rendered":"<p>Le ofrecemos polvo de costus marino\u00a0<span style=\"color: #0000ff;\"><strong>se vende por kilo o en sobres de 20 g en paquetes de 12 unidades<\/strong><\/span>. Con o sin etiqueta.<\/p>\n<p><b>Precio por kilo :<\/b>\u00a0<span style=\"color: #ff0000;\"><strong>28,99\u20ac<\/strong><\/span><\/p>\n<p><b>Precio por bolsa<span class=\"Apple-converted-space\">\u00a0<\/span>:<\/b>\u00a0<strong><span style=\"color: #ff0000;\">0,99\u20ac<\/span><\/strong><\/p>\n<p><span style=\"color: #ff0000;\"><b>Para m\u00e1s de 3 lotes, elija una cantidad en la cesta.<\/b><\/span><\/p>\n<p>Precio decreciente sobre 10 lotes de descuento de 10% (<span style=\"color: #ff0000;\"><a style=\"color: #ff0000;\" href=\"https:\/\/ventesengros.fr\/es\/pongase-en-contacto-con-2\/\"><strong>Contacto<\/strong><\/a><\/span>).<\/p>","protected":false},"featured_media":37870,"template":"","meta":[],"product_brand":[],"product_cat":[60,239,360,59],"product_tag":[537,538,974],"class_list":{"0":"post-28914","1":"product","2":"type-product","3":"status-publish","4":"has-post-thumbnail","6":"product_cat-bazar","7":"product_cat-costus-indien","8":"product_cat-produit-naturel-en-vrac","9":"product_cat-soin-et-bien-etre","10":"product_tag-costus-marin-1kg","11":"product_tag-engros","12":"product_tag-grossiste","13":"pa_lot-1-lot-12-sachets-129e-le-sachet","14":"pa_lot-1-lot-1kg-2999e-le-kilo","15":"pa_lot-2-lots-24-sachets-119e-le-sachet","16":"pa_lot-2-lots-2kg-2949e-le-kilo","17":"pa_lot-3-lots-36-sachets-099e-le-sachet","18":"pa_lot-3-lots-3kg-2899e-le-kilo","20":"first","21":"instock","22":"shipping-taxable","23":"purchasable","24":"product-type-variable"},"_links":{"self":[{"href":"https:\/\/ventesengros.fr\/es\/wp-json\/wp\/v2\/product\/28914","targetHints":{"allow":["GET"]}}],"collection":[{"href":"https:\/\/ventesengros.fr\/es\/wp-json\/wp\/v2\/product"}],"about":[{"href":"https:\/\/ventesengros.fr\/es\/wp-json\/wp\/v2\/types\/product"}],"wp:featuredmedia":[{"embeddable":true,"href":"https:\/\/ventesengros.fr\/es\/wp-json\/wp\/v2\/media\/37870"}],"wp:attachment":[{"href":"https:\/\/ventesengros.fr\/es\/wp-json\/wp\/v2\/media?parent=28914"}],"wp:term":[{"taxonomy":"product_brand","embeddable":true,"href":"https:\/\/ventesengros.fr\/es\/wp-json\/wp\/v2\/product_brand?post=28914"},{"taxonomy":"product_cat","embeddable":true,"href":"https:\/\/ventesengros.fr\/es\/wp-json\/wp\/v2\/product_cat?post=28914"},{"taxonomy":"product_tag","embeddable":true,"href":"https:\/\/ventesengros.fr\/es\/wp-json\/wp\/v2\/product_tag?post=28914"}],"curies":[{"name":"wp","href":"https:\/\/api.w.org\/{rel}","templated":true}]}}