{"id":28895,"date":"2014-07-07T15:00:06","date_gmt":"2014-07-07T14:00:06","guid":{"rendered":"http:\/\/pietra-communication.com\/ventesengros.fr\/?post_type=product&#038;p=28895"},"modified":"2023-05-22T19:15:02","modified_gmt":"2023-05-22T18:15:02","slug":"ventouses-hijama","status":"publish","type":"product","link":"https:\/\/ventesengros.fr\/es\/grossiste\/ventosas-hijama-2\/","title":{"rendered":"Ventosas para Hijama 5cm (paquete de 100)"},"content":{"rendered":"<p>Ventosas para hijama 5cm<\/p>\n<p>&nbsp;<\/p>\n<p><strong>Mayorista Orient<\/strong> le ofrece <strong>venta al por mayor<\/strong> el <strong>ventosas para hijama 5cm <\/strong>se venden en paquetes de 100 a un precio muy competitivo de 35,00 euros, es decir, 0,35 euros cada uno.<\/p>\n<p>Estas ventosas son transparentes para facilitar la visi\u00f3n de la salida de la sangre una vez colocadas. El di\u00e1metro exterior es de 5,8 cm y el interior de 5 cm. Este tama\u00f1o permite tratar zonas m\u00e1s amplias, como la espalda, etc.<\/p>\n<p>Recomendamos un precio de reventa de 1,50 euros para este producto, basado en el precio de compra y los precios actuales del mercado.<\/p>\n<p>Estas ventosas se adaptan a las bombas especializadas que tambi\u00e9n vendemos en nuestro sitio web. Tambi\u00e9n puede encontrar ventosas de diferentes tama\u00f1os para tratar distintas partes del cuerpo. Tambi\u00e9n puede comprar kits completos de hijama para tener ventosas de distintos tama\u00f1os.<\/p>\n<p>Le recordamos que la hijama es una pr\u00e1ctica m\u00e9dica que requiere conocimientos muy precisos y que, por lo tanto, debe ser practicada por un profesional o una persona diplomada en la materia.<\/p>\n<p>Esta medicina ancestral extrae la mala sangre para prevenir o curar enfermedades.<\/p>\n<p>Su mayorista en l\u00ednea <strong>Mayorista Orient<\/strong> ofrece entrega gratuita en un punto de relevo para pedidos de 10 kg o m\u00e1s, en un plazo de 10 a 14 d\u00edas.<\/p>\n<p>No dude en ponerse en contacto con nuestro equipo de atenci\u00f3n al cliente, que est\u00e1 disponible en horarios flexibles para responder a cualquier pregunta que pueda tener. Nuestros pagos se realizan a trav\u00e9s de PayPal para una seguridad \u00f3ptima y una protecci\u00f3n garantizada para nuestros clientes en caso de problema.<\/p>\n<p>&nbsp;<\/p>\n<p><strong>Di\u00e1metro interior:<\/strong>\u00a05 cm<\/p>","protected":false},"excerpt":{"rendered":"<p>Le ofrecemos estos <strong>Ventosa para Hijama<\/strong>\u00a0se venden en paquetes de 100 .<\/p>\n<p><span style=\"color: #000080;\"><strong>Precio de venta recomendado: 1,50 euros.<\/strong><\/span><\/p>\n<p><strong>1 lote :\u00a0<span style=\"color: #0ad227;\">0,35\/unidad X 100 = 35 euros<\/span><\/strong><\/p>\n<p>&nbsp;<\/p>","protected":false},"featured_media":34563,"template":"","meta":[],"product_brand":[],"product_cat":[60,234],"product_tag":[258,974,235,533],"class_list":{"0":"post-28895","1":"product","2":"type-product","3":"status-publish","4":"has-post-thumbnail","6":"product_cat-bazar","7":"product_cat-kit-hijama","8":"product_tag-en-gros","9":"product_tag-grossiste","10":"product_tag-kit-hijama-2","11":"product_tag-ventouse-de-hijama","12":"pa_lot-158","13":"pa_lot-160","14":"pa_lot-159","16":"first","17":"instock","18":"shipping-taxable","19":"purchasable","20":"product-type-simple"},"_links":{"self":[{"href":"https:\/\/ventesengros.fr\/es\/wp-json\/wp\/v2\/product\/28895","targetHints":{"allow":["GET"]}}],"collection":[{"href":"https:\/\/ventesengros.fr\/es\/wp-json\/wp\/v2\/product"}],"about":[{"href":"https:\/\/ventesengros.fr\/es\/wp-json\/wp\/v2\/types\/product"}],"wp:featuredmedia":[{"embeddable":true,"href":"https:\/\/ventesengros.fr\/es\/wp-json\/wp\/v2\/media\/34563"}],"wp:attachment":[{"href":"https:\/\/ventesengros.fr\/es\/wp-json\/wp\/v2\/media?parent=28895"}],"wp:term":[{"taxonomy":"product_brand","embeddable":true,"href":"https:\/\/ventesengros.fr\/es\/wp-json\/wp\/v2\/product_brand?post=28895"},{"taxonomy":"product_cat","embeddable":true,"href":"https:\/\/ventesengros.fr\/es\/wp-json\/wp\/v2\/product_cat?post=28895"},{"taxonomy":"product_tag","embeddable":true,"href":"https:\/\/ventesengros.fr\/es\/wp-json\/wp\/v2\/product_tag?post=28895"}],"curies":[{"name":"wp","href":"https:\/\/api.w.org\/{rel}","templated":true}]}}