{"id":2236,"date":"2014-06-10T19:07:21","date_gmt":"2014-06-10T18:07:21","guid":{"rendered":"http:\/\/pietra-communication.com\/ventesengros.fr\/?post_type=product&#038;p=2236"},"modified":"2023-01-22T19:06:52","modified_gmt":"2023-01-22T18:06:52","slug":"huile-de-serpent-haya","status":"publish","type":"product","link":"https:\/\/ventesengros.fr\/es\/grossiste\/haya-aceite-de-serpiente\/","title":{"rendered":"Aceite de serpiente 125ml AL-HAYA X 12"},"content":{"rendered":"<p><strong>Propiedad:<\/strong><\/p>\n<p>El Hayah (aceite de serpiente) es una mezcla adecuada de aceites vegetales con efectos especialmente beneficiosos para el cabello, que lo protegen, fortalecen, hidratan, evitan su ca\u00edda y combaten la caspa.<\/p>\n<p>El-Hayah se compone de los siguientes aceites:<\/p>\n<p>-Aceite de ricino<\/p>\n<p>-Aceite de almendras dulces<\/p>\n<p>-Aceite de aguacate<\/p>\n<p>-Aceite de arg\u00e1n<\/p>\n<p>-Aceite de s\u00e9samo<\/p>\n<p>-Aceite de coco<\/p>\n<p>-Aceite de soja<\/p>\n<p>-Aceite de r\u00facula<\/p>\n<p>C\u00f3mo utilizarlo:<\/p>\n<p>Aplique suficiente aceite capilar El Hayah en toda la longitud del cabello y en el cuero cabelludo. Masajee con cuidado para cubrir toda la cabeza del cabello y seque con una toalla si es necesario. Utilice la cura el d\u00eda antes de cada champ\u00fa o d\u00eda tras d\u00eda tantas veces como desee.<\/p>\n<h5><b>Capacidad :<\/b>125 ml<br \/>\n<b><\/b><\/h5>\n<p><b>Marca:<\/b>\u00a0 El haya<\/p>\n<p><b>Procedencia:<\/b>Marruecos<\/p>","protected":false},"excerpt":{"rendered":"<p>Le ofrecemos este <strong>Aceite de serpiente 125ml<\/strong>\u00a0se venden en paquetes de 12 unidades.<\/p>\n<p>PVP recomendado 14,90 euros.<\/p>\n<p>1 lote : <span style=\"color: #0ad227;\">3,80\/unidad X 12 = 45,60 euros<\/span><\/p>","protected":false},"featured_media":2427,"template":"","meta":[],"product_brand":[],"product_cat":[1458,290,201,59],"product_tag":[173,972,172],"class_list":{"0":"post-2236","1":"product","2":"type-product","3":"status-publish","4":"has-post-thumbnail","6":"product_cat-huile-de-serpent","7":"product_cat-autre","8":"product_cat-huiles-soin-et-bien-etre","9":"product_cat-soin-et-bien-etre","10":"product_tag-haya","11":"product_tag-huile","12":"product_tag-serpent","13":"pa_lot-158","14":"pa_lot-160","15":"pa_lot-159","17":"first","18":"instock","19":"shipping-taxable","20":"purchasable","21":"product-type-simple"},"_links":{"self":[{"href":"https:\/\/ventesengros.fr\/es\/wp-json\/wp\/v2\/product\/2236","targetHints":{"allow":["GET"]}}],"collection":[{"href":"https:\/\/ventesengros.fr\/es\/wp-json\/wp\/v2\/product"}],"about":[{"href":"https:\/\/ventesengros.fr\/es\/wp-json\/wp\/v2\/types\/product"}],"wp:featuredmedia":[{"embeddable":true,"href":"https:\/\/ventesengros.fr\/es\/wp-json\/wp\/v2\/media\/2427"}],"wp:attachment":[{"href":"https:\/\/ventesengros.fr\/es\/wp-json\/wp\/v2\/media?parent=2236"}],"wp:term":[{"taxonomy":"product_brand","embeddable":true,"href":"https:\/\/ventesengros.fr\/es\/wp-json\/wp\/v2\/product_brand?post=2236"},{"taxonomy":"product_cat","embeddable":true,"href":"https:\/\/ventesengros.fr\/es\/wp-json\/wp\/v2\/product_cat?post=2236"},{"taxonomy":"product_tag","embeddable":true,"href":"https:\/\/ventesengros.fr\/es\/wp-json\/wp\/v2\/product_tag?post=2236"}],"curies":[{"name":"wp","href":"https:\/\/api.w.org\/{rel}","templated":true}]}}